{"id":3247,"date":"2026-03-11T10:08:55","date_gmt":"2026-03-11T10:08:55","guid":{"rendered":"https:\/\/studiotablas.com\/?post_type=product&#038;p=3247"},"modified":"2026-04-16T11:36:12","modified_gmt":"2026-04-16T11:36:12","slug":"baldas-flotantes-luma","status":"publish","type":"product","link":"https:\/\/studiotablas.com\/fr\/producto\/baldas-flotantes-luma\/","title":{"rendered":"\u00c9tag\u00e8res flottantes LUMA"},"content":{"rendered":"<div style=\"font-family: 'Satoshi', sans-serif; color: #555; line-height: 1.8; max-width: 900px; margin: 60px auto; border-top: 1px solid #eee; padding-top: 40px; text-align: justify;\">\n<h3 style=\"color: #000; font-size: 18px; text-transform: uppercase; letter-spacing: 2px; margin-bottom: 30px; text-align: center;\">D\u00e9tails techniques et savoir-faire artisanal<\/h3>\n<p style=\"font-size: 18px; color: #000; font-weight: 500; text-align: center; margin-bottom: 10px;\">Du bois massif qui s'int\u00e8gre parfaitement \u00e0 l'espace<\/p>\n<div style=\"display: grid; grid-template-columns: 1fr 1fr; gap: 40px; margin-bottom: 30px;\">\n<div class=\"translation-block\">Fabriqu\u00e9es <strong>enti\u00e8rement en ch\u00eane massif<\/strong>, nos <strong>\u00e9tag\u00e8res flottantes<\/strong> sont con\u00e7ues pour apporter ordre, chaleur et une touche naturelle \u00e0 n'importe quelle pi\u00e8ce. Leur design \u00e9pur\u00e9 et la d\u00e9licatesse de leurs <strong>formes arrondies<\/strong> cr\u00e9ent une ambiance sereine et intemporelle sur votre mur.<\/div>\n<div class=\"translation-block\">Comme il s'agit d'un <strong>produit fabriqu\u00e9 sur mesure<\/strong>, nous pouvons r\u00e9aliser des \u00e9tag\u00e8res aux <strong>dimensions sp\u00e9cifiques<\/strong> et m\u00eame les adapter pour une installation en angle, cr\u00e9ant ainsi des agencements enti\u00e8rement personnalis\u00e9s qui r\u00e9pondent aux besoins de votre projet.<\/div>\n<\/div>\n<p style=\"margin-bottom: 20px;\">Notre fabrication artisanale met en valeur les veines et les n\u0153uds naturels du bois, faisant de chaque \u00e9tag\u00e8re une pi\u00e8ce unique d'\u00e9b\u00e9nisterie contemporaine.<\/p>\n<p><!-- Ficha T\u00e9cnica y Cuidado (Bloque Gris) --><\/p>\n<div style=\"margin-top: 30px; background: #fafafa; padding: 35px; border-radius: 12px; font-size: 14px; color: #333;\">\n<p style=\"font-size: 16px; color: #000; font-weight: 600; margin-bottom: 20px; text-align: left; text-transform: uppercase; letter-spacing: 1px;\">Supports dissimul\u00e9s et stabilit\u00e9<\/p>\n<p style=\"margin-bottom: 15px;\" class=\"translation-block\"><strong>Syst\u00e8me de fixation :<\/strong> Les \u00e9tag\u00e8res sont install\u00e9es \u00e0 l'aide de <strong>supports dissimul\u00e9s<\/strong>, con\u00e7us pour offrir un aspect \u00e9pur\u00e9 et une <strong>fixation s\u00fbre<\/strong>. Ces fixations permettent un r\u00e9glage pr\u00e9cis pour un nivellement parfait.<\/p>\n<p style=\"margin-bottom: 15px;\"><strong>Capacidad de carga:<\/strong><br \/>\n\u2014 <strong>15 a 20 kg<\/strong> en paredes de ladrillo u hormig\u00f3n.<br \/>\n\u2014 <strong>5 a 10 kg<\/strong> en paredes de placa de yeso (pladur).<\/p>\n<p style=\"margin-bottom: 15px;\" class=\"translation-block\"><strong>Protection de la finition :<\/strong> Nos pi\u00e8ces sont trait\u00e9es avec un <strong>vernis \u00e0 haute duret\u00e9<\/strong>, qui forme une <strong>couche imperm\u00e9able<\/strong> capable d'emp\u00eacher l'absorption de liquides et l'apparition de taches. En plus de prot\u00e9ger, ce vernis <strong>met en valeur la beaut\u00e9 du grain du bois<\/strong>, en soulignant sa texture et sa profondeur naturelle. Le r\u00e9sultat est une surface <strong>stable et durable<\/strong> dans le temps, sans qu'il soit n\u00e9cessaire d'appliquer des huiles nourrissantes.<\/p>\n<p style=\"margin-bottom: 15px;\" class=\"translation-block\"><strong>Entretien :<\/strong> Il suffit de passer un chiffon doux l\u00e9g\u00e8rement humide. Tout notre bois est <strong>certifi\u00e9 FSC<\/strong> et provient de sources responsables.<\/p>\n<div style=\"border-top: 1px solid #eee; padding-top: 20px;\" class=\"translation-block\"><strong style=\"color: #000\">Conseil de d\u00e9coration :<\/strong> Associez plusieurs <strong>\u00e9tag\u00e8res flottantes LUMA<\/strong> de diff\u00e9rentes longueurs pour cr\u00e9er des compositions architecturales qui apportent du rythme et de la chaleur \u00e0 votre salon ou \u00e0 votre chambre.<\/div>\n<\/div>\n<\/div>","protected":false},"excerpt":{"rendered":"<div style=\"font-family: 'Satoshi', sans-serif; text-align: left; max-width: 100%; margin-right: auto;\">\n<h2 style=\"font-size: 22px; font-weight: 600; letter-spacing: -0.02em; margin-bottom: 15px; color: #000;\">La calidez del roble elevada a la pared.<\/h2>\n<p style=\"font-size: 15px; font-weight: 400; color: #444; margin-bottom: 25px; line-height: 1.6;\">Les <strong style=\"font-weight: 600;\">Baldas Flotantes LUMA<\/strong> reinterpretan la esencia de nuestra colecci\u00f3n en un formato funcional y arquitect\u00f3nico. Una pieza de <strong style=\"font-weight: 600;\">estanter\u00eda de pared de madera<\/strong> que celebra la pureza del material y la precisi\u00f3n artesana de Studio Tablas.<\/p>\n<ul style=\"list-style: none; padding: 0; display: block; text-align: left;\">\n<li style=\"font-size: 11px; text-transform: uppercase; letter-spacing: 1.5px; color: #888; margin-bottom: 8px; display: flex; align-items: center; justify-content: flex-start;\"><strong>Roble macizo de origen sostenible<\/strong><\/li>\n<li style=\"font-size: 11px; text-transform: uppercase; letter-spacing: 1.5px; color: #888; display: flex; align-items: center; justify-content: flex-start;\"><strong>Fabricaci\u00f3n artesanal en Espa\u00f1a<\/strong><\/li>\n<\/ul>\n<\/div>","protected":false},"featured_media":3303,"comment_status":"open","ping_status":"closed","template":"","meta":{"_acf_changed":false},"product_brand":[],"product_cat":[55,43],"product_tag":[],"class_list":{"0":"post-3247","1":"product","2":"type-product","3":"status-publish","4":"has-post-thumbnail","6":"product_cat-baldas","7":"product_cat-luma","9":"first","10":"outofstock","11":"taxable","12":"shipping-taxable","13":"purchasable","14":"product-type-variable"},"acf":[],"jetpack_sharing_enabled":true,"_links":{"self":[{"href":"https:\/\/studiotablas.com\/fr\/wp-json\/wp\/v2\/product\/3247","targetHints":{"allow":["GET"]}}],"collection":[{"href":"https:\/\/studiotablas.com\/fr\/wp-json\/wp\/v2\/product"}],"about":[{"href":"https:\/\/studiotablas.com\/fr\/wp-json\/wp\/v2\/types\/product"}],"replies":[{"embeddable":true,"href":"https:\/\/studiotablas.com\/fr\/wp-json\/wp\/v2\/comments?post=3247"}],"wp:featuredmedia":[{"embeddable":true,"href":"https:\/\/studiotablas.com\/fr\/wp-json\/wp\/v2\/media\/3303"}],"wp:attachment":[{"href":"https:\/\/studiotablas.com\/fr\/wp-json\/wp\/v2\/media?parent=3247"}],"wp:term":[{"taxonomy":"product_brand","embeddable":true,"href":"https:\/\/studiotablas.com\/fr\/wp-json\/wp\/v2\/product_brand?post=3247"},{"taxonomy":"product_cat","embeddable":true,"href":"https:\/\/studiotablas.com\/fr\/wp-json\/wp\/v2\/product_cat?post=3247"},{"taxonomy":"product_tag","embeddable":true,"href":"https:\/\/studiotablas.com\/fr\/wp-json\/wp\/v2\/product_tag?post=3247"}],"curies":[{"name":"wp","href":"https:\/\/api.w.org\/{rel}","templated":true}]}}