{"id":4874,"date":"2026-04-23T16:34:05","date_gmt":"2026-04-23T16:34:05","guid":{"rendered":"https:\/\/studiotablas.com\/?page_id=4874"},"modified":"2026-04-23T17:33:38","modified_gmt":"2026-04-23T17:33:38","slug":"servicios-proyectos-interiorismo-carpinteria-tecnica","status":"publish","type":"page","link":"https:\/\/studiotablas.com\/fr\/servicios-proyectos-interiorismo-carpinteria-tecnica\/","title":{"rendered":"Carpinter\u00eda T\u00e9cnica y Proyectos de Interiorismo"},"content":{"rendered":"<div data-elementor-type=\"wp-page\" data-elementor-id=\"4874\" class=\"elementor elementor-4874\" data-elementor-post-type=\"page\">\n\t\t\t\t<div class=\"elementor-element elementor-element-50d68329 e-con-full e-flex e-con e-parent\" data-id=\"50d68329\" data-element_type=\"container\" data-e-type=\"container\" data-settings=\"{&quot;background_background&quot;:&quot;classic&quot;}\">\n\t\t\t\t<\/div>\n\t\t<div class=\"elementor-element elementor-element-4e95b318 e-con-full e-flex e-con e-parent\" data-id=\"4e95b318\" data-element_type=\"container\" data-e-type=\"container\">\n\t\t<div class=\"elementor-element elementor-element-1d920b22 e-con-full e-flex e-con e-child\" data-id=\"1d920b22\" data-element_type=\"container\" data-e-type=\"container\">\n\t\t\t\t<div class=\"elementor-element elementor-element-2eb21a36 elementor-widget elementor-widget-image\" data-id=\"2eb21a36\" data-element_type=\"widget\" data-e-type=\"widget\" data-widget_type=\"image.default\">\n\t\t\t\t\t\t\t\t\t\t\t\t\t\t\t<img fetchpriority=\"high\" decoding=\"async\" width=\"474\" height=\"298\" src=\"https:\/\/studiotablas.com\/wp-content\/uploads\/2026\/04\/Ilustracion-web-servicios-09.svg\" class=\"attachment-large size-large wp-image-4777\" alt=\"\" \/>\t\t\t\t\t\t\t\t\t\t\t\t\t\t\t<\/div>\n\t\t\t\t<div class=\"elementor-element elementor-element-6b089aa3 elementor-widget elementor-widget-heading\" data-id=\"6b089aa3\" data-element_type=\"widget\" data-e-type=\"widget\" data-widget_type=\"heading.default\">\n\t\t\t\t\t<h1 class=\"elementor-heading-title elementor-size-default\">Proyectos de Carpinter\u00eda para Interiorismo<\/h1>\t\t\t\t<\/div>\n\t\t\t\t<\/div>\n\t\t<div class=\"elementor-element elementor-element-478b5f28 e-con-full e-flex e-con e-child\" data-id=\"478b5f28\" data-element_type=\"container\" data-e-type=\"container\">\n\t\t\t\t<div class=\"elementor-element elementor-element-2bc421dc elementor-widget elementor-widget-text-editor\" data-id=\"2bc421dc\" data-element_type=\"widget\" data-e-type=\"widget\" data-widget_type=\"text-editor.default\">\n\t\t\t\t\t\t\t\t\t<p data-path-to-node=\"9,0\">Desarrollamos soluciones integrales de carpinter\u00eda t\u00e9cnica dirigidas a estudios de arquitectura e interiorismo. No nos limitamos a fabricar muebles; materializamos elementos arquitect\u00f3nicos en madera que definen el espacio. Desde panelados y separadores de ambientes hasta soluciones de almacenamiento que se funden org\u00e1nicamente con la estructura del proyecto.<\/p>\t\t\t\t\t\t\t\t<\/div>\n\t\t\t\t<\/div>\n\t\t\t\t<\/div>\n\t\t<div class=\"elementor-element elementor-element-410956fb e-con-full e-flex e-con e-parent\" data-id=\"410956fb\" data-element_type=\"container\" data-e-type=\"container\" data-settings=\"{&quot;background_background&quot;:&quot;classic&quot;}\">\n\t\t\t\t<div class=\"elementor-element elementor-element-3049c5a1 elementor-widget elementor-widget-heading\" data-id=\"3049c5a1\" data-element_type=\"widget\" data-e-type=\"widget\" data-widget_type=\"heading.default\">\n\t\t\t\t\t<h3 class=\"elementor-heading-title elementor-size-default\">Mostrar capacidad de adaptaci\u00f3n y rigor t\u00e9cnico.<\/h3>\t\t\t\t<\/div>\n\t\t\t\t<\/div>\n\t\t<div class=\"elementor-element elementor-element-2ebd1f53 e-con-full e-flex e-con e-parent\" data-id=\"2ebd1f53\" data-element_type=\"container\" data-e-type=\"container\" data-settings=\"{&quot;background_background&quot;:&quot;classic&quot;}\">\n\t\t<div class=\"elementor-element elementor-element-3e4f36eb e-con-full e-flex e-con e-child\" data-id=\"3e4f36eb\" data-element_type=\"container\" data-e-type=\"container\" data-settings=\"{&quot;background_background&quot;:&quot;classic&quot;}\">\n\t\t\t\t<div class=\"elementor-element elementor-element-45ae8eff elementor-view-default elementor-position-block-start elementor-mobile-position-block-start elementor-widget elementor-widget-icon-box\" data-id=\"45ae8eff\" data-element_type=\"widget\" data-e-type=\"widget\" data-widget_type=\"icon-box.default\">\n\t\t\t\t\t\t\t<div class=\"elementor-icon-box-wrapper\">\n\n\t\t\t\t\t\t<div class=\"elementor-icon-box-icon\">\n\t\t\t\t<span  class=\"elementor-icon\">\n\t\t\t\t<svg xmlns=\"http:\/\/www.w3.org\/2000\/svg\" id=\"Capa_1\" data-name=\"Capa 1\" viewbox=\"0 0 122.24 143.4\"><defs><style>      .cls-1 {        fill: #f3f1e9;      }    <\/style><\/defs><path class=\"cls-1\" d=\"M19.82,7.72L4.32,143.35H0V45.08C0,29.53,7.88,15.82,19.82,7.72Z\"><\/path><path class=\"cls-1\" d=\"M62.42,143.35H17.39L33.58,1.46c3.56-.92,7.24-1.46,11.07-1.46,2.43,5.45,6.48,21,7.5,34.88.22,4.81.32,7.07-.59,15.93-3.46,24.13-5.67,28.72.43,44.06,4.32,8.31,9.66,15.5,12.09,33.58.38,2.75-.43,10.26-1.73,14.96l.05-.05Z\"><\/path><polygon class=\"cls-1\" points=\"92.81 0 83.31 143.35 75.75 143.35 73.05 120.51 62.85 35.74 58.58 0 92.81 0\"><\/polygon><path class=\"cls-1\" d=\"M122.24,0v127.96c0,8.48-6.91,15.39-15.39,15.39h-10.58L105.83,0h16.41Z\"><\/path><\/svg>\t\t\t\t<\/span>\n\t\t\t<\/div>\n\t\t\t\n\t\t\t\t\t\t<div class=\"elementor-icon-box-content\">\n\n\t\t\t\t\t\t\t\t\t<h3 class=\"elementor-icon-box-title\">\n\t\t\t\t\t\t<span  >\n\t\t\t\t\t\t\tIntegraci\u00f3n Arquitect\u00f3nica:\t\t\t\t\t\t<\/span>\n\t\t\t\t\t<\/h3>\n\t\t\t\t\n\t\t\t\t\t\t\t\t\t<p class=\"elementor-icon-box-description\">\n\t\t\t\t\t\tElementos a medida. Trasladamos el concepto del plano a la realidad. Fabricamos mobiliario integrado que dialoga con la est\u00e9tica global del proyecto, asegurando que la madera maciza aporte calidez y coherencia estructural.\t\t\t\t\t<\/p>\n\t\t\t\t\n\t\t\t<\/div>\n\t\t\t\n\t\t<\/div>\n\t\t\t\t\t\t<\/div>\n\t\t\t\t<\/div>\n\t\t<div class=\"elementor-element elementor-element-64f20681 e-con-full e-flex e-con e-child\" data-id=\"64f20681\" data-element_type=\"container\" data-e-type=\"container\" data-settings=\"{&quot;background_background&quot;:&quot;classic&quot;}\">\n\t\t\t\t<div class=\"elementor-element elementor-element-1956cd7f elementor-view-default elementor-position-block-start elementor-mobile-position-block-start elementor-widget elementor-widget-icon-box\" data-id=\"1956cd7f\" data-element_type=\"widget\" data-e-type=\"widget\" data-widget_type=\"icon-box.default\">\n\t\t\t\t\t\t\t<div class=\"elementor-icon-box-wrapper\">\n\n\t\t\t\t\t\t<div class=\"elementor-icon-box-icon\">\n\t\t\t\t<span  class=\"elementor-icon\">\n\t\t\t\t<svg xmlns=\"http:\/\/www.w3.org\/2000\/svg\" id=\"Capa_1\" data-name=\"Capa 1\" viewbox=\"0 0 122.24 143.4\"><defs><style>      .cls-1 {        fill: #f3f1e9;      }    <\/style><\/defs><path class=\"cls-1\" d=\"M19.82,7.72L4.32,143.35H0V45.08C0,29.53,7.88,15.82,19.82,7.72Z\"><\/path><path class=\"cls-1\" d=\"M62.42,143.35H17.39L33.58,1.46c3.56-.92,7.24-1.46,11.07-1.46,2.43,5.45,6.48,21,7.5,34.88.22,4.81.32,7.07-.59,15.93-3.46,24.13-5.67,28.72.43,44.06,4.32,8.31,9.66,15.5,12.09,33.58.38,2.75-.43,10.26-1.73,14.96l.05-.05Z\"><\/path><polygon class=\"cls-1\" points=\"92.81 0 83.31 143.35 75.75 143.35 73.05 120.51 62.85 35.74 58.58 0 92.81 0\"><\/polygon><path class=\"cls-1\" d=\"M122.24,0v127.96c0,8.48-6.91,15.39-15.39,15.39h-10.58L105.83,0h16.41Z\"><\/path><\/svg>\t\t\t\t<\/span>\n\t\t\t<\/div>\n\t\t\t\n\t\t\t\t\t\t<div class=\"elementor-icon-box-content\">\n\n\t\t\t\t\t\t\t\t\t<h3 class=\"elementor-icon-box-title\">\n\t\t\t\t\t\t<span  >\n\t\t\t\t\t\t\tMobiliario Contract:\t\t\t\t\t\t<\/span>\n\t\t\t\t\t<\/h3>\n\t\t\t\t\n\t\t\t\t\t\t\t\t\t<p class=\"elementor-icon-box-description\">\n\t\t\t\t\t\tAlta resistencia y dise\u00f1o de autor. Fabricaci\u00f3n de mesas, sillas y mobiliario personalizado para el sector HORECA y retail. Seleccionamos materiales de calidad suprema y barnices de alta dureza preparados para un uso intensivo continuado.\t\t\t\t\t<\/p>\n\t\t\t\t\n\t\t\t<\/div>\n\t\t\t\n\t\t<\/div>\n\t\t\t\t\t\t<\/div>\n\t\t\t\t<\/div>\n\t\t<div class=\"elementor-element elementor-element-4e0e02c1 e-con-full e-flex e-con e-child\" data-id=\"4e0e02c1\" data-element_type=\"container\" data-e-type=\"container\" data-settings=\"{&quot;background_background&quot;:&quot;classic&quot;}\">\n\t\t\t\t<div class=\"elementor-element elementor-element-627ce494 elementor-view-default elementor-position-block-start elementor-mobile-position-block-start elementor-widget elementor-widget-icon-box\" data-id=\"627ce494\" data-element_type=\"widget\" data-e-type=\"widget\" data-widget_type=\"icon-box.default\">\n\t\t\t\t\t\t\t<div class=\"elementor-icon-box-wrapper\">\n\n\t\t\t\t\t\t<div class=\"elementor-icon-box-icon\">\n\t\t\t\t<span  class=\"elementor-icon\">\n\t\t\t\t<svg xmlns=\"http:\/\/www.w3.org\/2000\/svg\" id=\"Capa_1\" data-name=\"Capa 1\" viewbox=\"0 0 122.24 143.4\"><defs><style>      .cls-1 {        fill: #f3f1e9;      }    <\/style><\/defs><path class=\"cls-1\" d=\"M19.82,7.72L4.32,143.35H0V45.08C0,29.53,7.88,15.82,19.82,7.72Z\"><\/path><path class=\"cls-1\" d=\"M62.42,143.35H17.39L33.58,1.46c3.56-.92,7.24-1.46,11.07-1.46,2.43,5.45,6.48,21,7.5,34.88.22,4.81.32,7.07-.59,15.93-3.46,24.13-5.67,28.72.43,44.06,4.32,8.31,9.66,15.5,12.09,33.58.38,2.75-.43,10.26-1.73,14.96l.05-.05Z\"><\/path><polygon class=\"cls-1\" points=\"92.81 0 83.31 143.35 75.75 143.35 73.05 120.51 62.85 35.74 58.58 0 92.81 0\"><\/polygon><path class=\"cls-1\" d=\"M122.24,0v127.96c0,8.48-6.91,15.39-15.39,15.39h-10.58L105.83,0h16.41Z\"><\/path><\/svg>\t\t\t\t<\/span>\n\t\t\t<\/div>\n\t\t\t\n\t\t\t\t\t\t<div class=\"elementor-icon-box-content\">\n\n\t\t\t\t\t\t\t\t\t<h3 class=\"elementor-icon-box-title\">\n\t\t\t\t\t\t<span  >\n\t\t\t\t\t\t\tPartner T\u00e9cnico Integral:\t\t\t\t\t\t<\/span>\n\t\t\t\t\t<\/h3>\n\t\t\t\t\n\t\t\t\t\t\t\t\t\t<p class=\"elementor-icon-box-description\">\n\t\t\t\t\t\tColaboraci\u00f3n de principio a fin. Trabajamos codo con codo con el interiorista. Aportamos nuestro conocimiento en ebanister\u00eda e ingenier\u00eda de materiales para que la madera cobre el protagonismo t\u00e9cnico y est\u00e9tico que el proyecto exige.\t\t\t\t\t<\/p>\n\t\t\t\t\n\t\t\t<\/div>\n\t\t\t\n\t\t<\/div>\n\t\t\t\t\t\t<\/div>\n\t\t\t\t<\/div>\n\t\t\t\t<\/div>\n\t\t<div class=\"elementor-element elementor-element-9154b13 e-con-full e-flex e-con e-parent\" data-id=\"9154b13\" data-element_type=\"container\" data-e-type=\"container\" data-settings=\"{&quot;background_background&quot;:&quot;classic&quot;}\">\n\t\t<div class=\"elementor-element elementor-element-2d109645 e-con-full e-flex e-con e-child\" data-id=\"2d109645\" data-element_type=\"container\" data-e-type=\"container\">\n\t\t<div class=\"elementor-element elementor-element-5abfee27 e-con-full e-flex e-con e-child\" data-id=\"5abfee27\" data-element_type=\"container\" data-e-type=\"container\">\n\t\t\t\t<div class=\"elementor-element elementor-element-2a87e8ac elementor-widget elementor-widget-heading\" data-id=\"2a87e8ac\" data-element_type=\"widget\" data-e-type=\"widget\" data-widget_type=\"heading.default\">\n\t\t\t\t\t<h2 class=\"elementor-heading-title elementor-size-default\">Notre Processus : De l'Ing\u00e9nierie Num\u00e9rique \u00e0 la Finition d'Auteur<\/h2>\t\t\t\t<\/div>\n\t\t\t\t<div class=\"elementor-element elementor-element-59128867 elementor-widget elementor-widget-text-editor\" data-id=\"59128867\" data-element_type=\"widget\" data-e-type=\"widget\" data-widget_type=\"text-editor.default\">\n\t\t\t\t\t\t\t\t\t<p data-path-to-node=\"6\"><b data-path-to-node=\"6\" data-index-in-node=\"0\">01. Consultor\u00eda T\u00e9cnica y Viabilidad<\/b> &gt; Analizamos los planos y requerimientos de tu estudio. Trabajamos como tu partner t\u00e9cnico, aportando nuestro conocimiento en ingenier\u00eda de la madera para resolver retos estructurales y optimizar el dise\u00f1o, asegurando la viabilidad sin comprometer la visi\u00f3n est\u00e9tica original.<\/p><p data-path-to-node=\"7\"><b data-path-to-node=\"7\" data-index-in-node=\"0\">02. Fabricaci\u00f3n y Ebanister\u00eda Integrada<\/b> &gt; En nuestro taller en Granada, materializamos el proyecto combinando el mecanizado de alta precisi\u00f3n con el ensamblaje artesanal. Tratamos cada panelado, separador o pieza de mobiliario contract con nuestros barnices de m\u00e1xima dureza, garantizando su resistencia al uso intensivo.<\/p><p data-path-to-node=\"8\"><b data-path-to-node=\"8\" data-index-in-node=\"0\">03. Log\u00edstica e Instalaci\u00f3n <i data-path-to-node=\"8\" data-index-in-node=\"28\">In Situ<\/i><\/b> &gt; Entendemos los ritmos que exige una obra. Coordinamos la entrega de las piezas terminadas y, dependiendo de la envergadura del proyecto, nuestro propio equipo t\u00e9cnico se desplaza para realizar la instalaci\u00f3n final, garantizando un encaje milim\u00e9trico con la arquitectura del espacio.<\/p>\t\t\t\t\t\t\t\t<\/div>\n\t\t<div class=\"elementor-element elementor-element-f716176 e-con-full e-flex e-con e-child\" data-id=\"f716176\" data-element_type=\"container\" data-e-type=\"container\">\n\t\t\t\t<div class=\"elementor-element elementor-element-4864da5d elementor-align-right elementor-widget elementor-widget-button\" data-id=\"4864da5d\" data-element_type=\"widget\" data-e-type=\"widget\" data-widget_type=\"button.default\">\n\t\t\t\t\t\t\t\t\t\t<a class=\"elementor-button elementor-button-link elementor-size-sm\" href=\"https:\/\/studiotablas.com\/fr\/contacto\/\">\n\t\t\t\t\t\t<span class=\"elementor-button-content-wrapper\">\n\t\t\t\t\t\t<span class=\"elementor-button-icon\">\n\t\t\t\t<svg aria-hidden=\"true\" class=\"e-font-icon-svg e-fas-arrow-right\" viewbox=\"0 0 448 512\" xmlns=\"http:\/\/www.w3.org\/2000\/svg\"><path d=\"M190.5 66.9l22.2-22.2c9.4-9.4 24.6-9.4 33.9 0L441 239c9.4 9.4 9.4 24.6 0 33.9L246.6 467.3c-9.4 9.4-24.6 9.4-33.9 0l-22.2-22.2c-9.5-9.5-9.3-25 .4-34.3L311.4 296H24c-13.3 0-24-10.7-24-24v-32c0-13.3 10.7-24 24-24h287.4L190.9 101.2c-9.8-9.3-10-24.8-.4-34.3z\"><\/path><\/svg>\t\t\t<\/span>\n\t\t\t\t\t\t\t\t\t<span class=\"elementor-button-text\">Contacter<\/span>\n\t\t\t\t\t<\/span>\n\t\t\t\t\t<\/a>\n\t\t\t\t\t\t\t\t<\/div>\n\t\t\t\t<\/div>\n\t\t\t\t<\/div>\n\t\t<div class=\"elementor-element elementor-element-1d636815 e-con-full e-flex e-con e-child\" data-id=\"1d636815\" data-element_type=\"container\" data-e-type=\"container\">\n\t\t<div class=\"elementor-element elementor-element-67b3a264 e-con-full e-flex e-con e-child\" data-id=\"67b3a264\" data-element_type=\"container\" data-e-type=\"container\">\n\t\t\t\t<div class=\"elementor-element elementor-element-2cb112c5 elementor-widget elementor-widget-video\" data-id=\"2cb112c5\" data-element_type=\"widget\" data-e-type=\"widget\" data-settings=\"{&quot;video_type&quot;:&quot;hosted&quot;,&quot;mute&quot;:&quot;yes&quot;,&quot;show_image_overlay&quot;:&quot;yes&quot;,&quot;image_overlay&quot;:{&quot;url&quot;:&quot;https:\\\/\\\/studiotablas.com\\\/wp-content\\\/uploads\\\/2025\\\/11\\\/portada-de-blog.webp&quot;,&quot;id&quot;:2035,&quot;size&quot;:&quot;&quot;,&quot;alt&quot;:&quot;Mesas circulares, extensibles y con car\\u00e1cter propio: as\\u00ed son las mesas Norma y Mode.&quot;,&quot;source&quot;:&quot;library&quot;},&quot;controls&quot;:&quot;yes&quot;}\" data-widget_type=\"video.default\">\n\t\t\t\t\t\t\t<div class=\"e-hosted-video elementor-wrapper elementor-open-inline\">\n\t\t\t\t\t<video class=\"elementor-video\" src=\"https:\/\/studiotablas.com\/wp-content\/uploads\/2025\/11\/mesa-extencible.webm\" controls=\"\" preload=\"metadata\" muted=\"muted\" controlslist=\"nodownload\"><\/video>\n\t\t\t\t\t\t<div class=\"elementor-custom-embed-image-overlay\" style=\"background-image: url(https:\/\/studiotablas.com\/wp-content\/uploads\/2025\/11\/portada-de-blog.webp);\">\n\t\t\t\t\t\t\t\t\t\t\t\t\t\t\t\t<div class=\"elementor-custom-embed-play\" role=\"button\" aria-label=\"Play Video about Mesas circulares, extensibles y con car\u00e1cter propio: as\u00ed son las mesas Norma y Mode.\" tabindex=\"0\" data-no-translation-aria-label=\"\">\n\t\t\t\t\t\t\t<svg aria-hidden=\"true\" class=\"e-font-icon-svg e-eicon-play\" viewbox=\"0 0 1000 1000\" xmlns=\"http:\/\/www.w3.org\/2000\/svg\"><path d=\"M838 162C746 71 633 25 500 25 371 25 258 71 163 162 71 254 25 367 25 500 25 633 71 746 163 837 254 929 367 979 500 979 633 979 746 933 838 837 929 746 975 633 975 500 975 367 929 254 838 162M808 192C892 279 933 379 933 500 933 621 892 725 808 808 725 892 621 938 500 938 379 938 279 896 196 808 113 725 67 621 67 500 67 379 108 279 196 192 279 108 383 62 500 62 621 62 721 108 808 192M438 392V642L642 517 438 392Z\"><\/path><\/svg>\t\t\t\t\t\t<\/div>\n\t\t\t\t\t\t\t\t\t<\/div>\n\t\t\t\t\t<\/div>\n\t\t\t\t\t\t<\/div>\n\t\t\t\t<\/div>\n\t\t\t\t<\/div>\n\t\t\t\t<\/div>\n\t\t\t\t<\/div>\n\t\t<div class=\"elementor-element elementor-element-4f07d674 e-con-full e-flex e-con e-parent\" data-id=\"4f07d674\" data-element_type=\"container\" data-e-type=\"container\" data-settings=\"{&quot;background_background&quot;:&quot;classic&quot;}\">\n\t\t<div class=\"elementor-element elementor-element-67e3d0a e-con-full e-flex e-con e-child\" data-id=\"67e3d0a\" data-element_type=\"container\" data-e-type=\"container\">\n\t\t\t\t<div class=\"elementor-element elementor-element-6f207af6 elementor-invisible elementor-widget elementor-widget-heading\" data-id=\"6f207af6\" data-element_type=\"widget\" data-e-type=\"widget\" data-settings=\"{&quot;_animation&quot;:&quot;fadeInUp&quot;}\" data-widget_type=\"heading.default\">\n\t\t\t\t\t<h2 class=\"elementor-heading-title elementor-size-default\">STUDIOTABLAS<\/h2>\t\t\t\t<\/div>\n\t\t\t\t<div class=\"elementor-element elementor-element-2c012e5c elementor-invisible elementor-widget elementor-widget-heading\" data-id=\"2c012e5c\" data-element_type=\"widget\" data-e-type=\"widget\" data-settings=\"{&quot;_animation&quot;:&quot;fadeInUp&quot;}\" data-widget_type=\"heading.default\">\n\t\t\t\t\t<h2 class=\"elementor-heading-title elementor-size-default\">Foire aux questions<\/h2>\t\t\t\t<\/div>\n\t\t\t\t<\/div>\n\t\t\t\t<div class=\"elementor-element elementor-element-e55a02a elementor-widget__width-inherit elementor-widget elementor-widget-toggle\" data-id=\"e55a02a\" data-element_type=\"widget\" data-e-type=\"widget\" data-widget_type=\"toggle.default\">\n\t\t\t\t\t\t\t<div class=\"elementor-toggle\">\n\t\t\t\t\t\t\t<div class=\"elementor-toggle-item\">\n\t\t\t\t\t<h3 id=\"elementor-tab-title-2401\" class=\"elementor-tab-title\" data-tab=\"1\" role=\"button\" aria-controls=\"elementor-tab-content-2401\" aria-expanded=\"false\">\n\t\t\t\t\t\t\t\t\t\t\t\t<span class=\"elementor-toggle-icon elementor-toggle-icon-right\" aria-hidden=\"true\">\n\t\t\t\t\t\t\t\t\t\t\t\t\t\t\t<span class=\"elementor-toggle-icon-closed\"><i class=\"icon_plus_alt\"><\/i><\/span>\n\t\t\t\t\t\t\t\t<span class=\"elementor-toggle-icon-opened\"><svg class=\"elementor-toggle-icon-opened e-font-icon-svg e-fas-minus\" viewbox=\"0 0 448 512\" xmlns=\"http:\/\/www.w3.org\/2000\/svg\"><path d=\"M416 208H32c-17.67 0-32 14.33-32 32v32c0 17.67 14.33 32 32 32h384c17.67 0 32-14.33 32-32v-32c0-17.67-14.33-32-32-32z\"><\/path><\/svg><\/span>\n\t\t\t\t\t\t\t\t\t\t\t\t\t<\/span>\n\t\t\t\t\t\t\t\t\t\t\t\t<a class=\"elementor-toggle-title\" tabindex=\"0\">\u00bfC\u00f3mo podemos iniciar la valoraci\u00f3n t\u00e9cnica de un proyecto?<\/a>\n\t\t\t\t\t<\/h3>\n\n\t\t\t\t\t<div id=\"elementor-tab-content-2401\" class=\"elementor-tab-content elementor-clearfix\" data-tab=\"1\" role=\"region\" aria-labelledby=\"elementor-tab-title-2401\"><p class=\"ng-star-inserted\">Para comenzar a trabajar, ponte en contacto con nosotros a trav\u00e9s de nuestro formulario corporativo o por tel\u00e9fono. Cu\u00e9ntanos las necesidades de tu estudio, los plazos y los requerimientos t\u00e9cnicos del espacio. Nuestro equipo revisar\u00e1 la viabilidad y agendar\u00e1 una sesi\u00f3n de consultor\u00eda para alinear visiones.<\/p><\/div>\n\t\t\t\t<\/div>\n\t\t\t\t\t\t\t<div class=\"elementor-toggle-item\">\n\t\t\t\t\t<h3 id=\"elementor-tab-title-2402\" class=\"elementor-tab-title\" data-tab=\"2\" role=\"button\" aria-controls=\"elementor-tab-content-2402\" aria-expanded=\"false\">\n\t\t\t\t\t\t\t\t\t\t\t\t<span class=\"elementor-toggle-icon elementor-toggle-icon-right\" aria-hidden=\"true\">\n\t\t\t\t\t\t\t\t\t\t\t\t\t\t\t<span class=\"elementor-toggle-icon-closed\"><i class=\"icon_plus_alt\"><\/i><\/span>\n\t\t\t\t\t\t\t\t<span class=\"elementor-toggle-icon-opened\"><svg class=\"elementor-toggle-icon-opened e-font-icon-svg e-fas-minus\" viewbox=\"0 0 448 512\" xmlns=\"http:\/\/www.w3.org\/2000\/svg\"><path d=\"M416 208H32c-17.67 0-32 14.33-32 32v32c0 17.67 14.33 32 32 32h384c17.67 0 32-14.33 32-32v-32c0-17.67-14.33-32-32-32z\"><\/path><\/svg><\/span>\n\t\t\t\t\t\t\t\t\t\t\t\t\t<\/span>\n\t\t\t\t\t\t\t\t\t\t\t\t<a class=\"elementor-toggle-title\" tabindex=\"0\">\u00bfCu\u00e1l es vuestra cobertura geogr\u00e1fica e instalaci\u00f3n?<\/a>\n\t\t\t\t\t<\/h3>\n\n\t\t\t\t\t<div id=\"elementor-tab-content-2402\" class=\"elementor-tab-content elementor-clearfix\" data-tab=\"2\" role=\"region\" aria-labelledby=\"elementor-tab-title-2402\"><p class=\"ng-star-inserted\">Operamos desde nuestro taller en Granada, pero ejecutamos proyectos en toda Espa\u00f1a y el resto de Europa. Dependiendo de la envergadura y complejidad t\u00e9cnica del encargo, desplazamos a nuestro equipo propio para la instalaci\u00f3n <i data-path-to-node=\"19,0\" data-index-in-node=\"226\">in situ<\/i> o gestionamos el env\u00edo seguro de las piezas mediante transporte log\u00edstico especializado.<\/p><\/div>\n\t\t\t\t<\/div>\n\t\t\t\t\t\t\t\t<\/div>\n\t\t\t\t\t\t<\/div>\n\t\t\t\t<\/div>\n\t\t\t\t<\/div>","protected":false},"excerpt":{"rendered":"<p>Proyectos de Carpinter\u00eda para Interiorismo Desarrollamos soluciones integrales de carpinter\u00eda t\u00e9cnica dirigidas a estudios de arquitectura e interiorismo. No nos limitamos a fabricar muebles; materializamos elementos arquitect\u00f3nicos en madera que definen el espacio. Desde panelados y separadores de ambientes hasta soluciones de almacenamiento que se funden org\u00e1nicamente con la estructura del proyecto. Mostrar capacidad de [&hellip;]<\/p>\n","protected":false},"author":1,"featured_media":2035,"parent":0,"menu_order":0,"comment_status":"closed","ping_status":"closed","template":"elementor_header_footer","meta":{"_acf_changed":false,"footnotes":""},"class_list":["post-4874","page","type-page","status-publish","has-post-thumbnail","hentry"],"acf":[],"jetpack_sharing_enabled":true,"_links":{"self":[{"href":"https:\/\/studiotablas.com\/fr\/wp-json\/wp\/v2\/pages\/4874","targetHints":{"allow":["GET"]}}],"collection":[{"href":"https:\/\/studiotablas.com\/fr\/wp-json\/wp\/v2\/pages"}],"about":[{"href":"https:\/\/studiotablas.com\/fr\/wp-json\/wp\/v2\/types\/page"}],"author":[{"embeddable":true,"href":"https:\/\/studiotablas.com\/fr\/wp-json\/wp\/v2\/users\/1"}],"replies":[{"embeddable":true,"href":"https:\/\/studiotablas.com\/fr\/wp-json\/wp\/v2\/comments?post=4874"}],"version-history":[{"count":13,"href":"https:\/\/studiotablas.com\/fr\/wp-json\/wp\/v2\/pages\/4874\/revisions"}],"predecessor-version":[{"id":4916,"href":"https:\/\/studiotablas.com\/fr\/wp-json\/wp\/v2\/pages\/4874\/revisions\/4916"}],"wp:featuredmedia":[{"embeddable":true,"href":"https:\/\/studiotablas.com\/fr\/wp-json\/wp\/v2\/media\/2035"}],"wp:attachment":[{"href":"https:\/\/studiotablas.com\/fr\/wp-json\/wp\/v2\/media?parent=4874"}],"curies":[{"name":"wp","href":"https:\/\/api.w.org\/{rel}","templated":true}]}}