{"id":4792,"date":"2026-04-22T09:59:35","date_gmt":"2026-04-22T09:59:35","guid":{"rendered":"https:\/\/studiotablas.com\/?page_id=4792"},"modified":"2026-04-22T10:05:24","modified_gmt":"2026-04-22T10:05:24","slug":"servicios","status":"publish","type":"page","link":"https:\/\/studiotablas.com\/fr\/servicios\/","title":{"rendered":"servicios"},"content":{"rendered":"<div data-elementor-type=\"wp-page\" data-elementor-id=\"4792\" class=\"elementor elementor-4792\" data-elementor-post-type=\"page\">\n\t\t\t\t<div class=\"elementor-element elementor-element-5380590 e-con-full e-flex e-con e-parent\" data-id=\"5380590\" data-element_type=\"container\" data-e-type=\"container\">\n\t\t<div class=\"elementor-element elementor-element-e94c803 e-flex e-con-boxed e-con e-child\" data-id=\"e94c803\" data-element_type=\"container\" data-e-type=\"container\">\n\t\t\t\t\t<div class=\"e-con-inner\">\n\t\t\t\t<div class=\"elementor-element elementor-element-f8c7753 elementor-widget__width-initial elementor-widget elementor-widget-heading\" data-id=\"f8c7753\" data-element_type=\"widget\" data-e-type=\"widget\" data-widget_type=\"heading.default\">\n\t\t\t\t\t<h2 class=\"elementor-heading-title elementor-size-default\">Servicios<br>\n <span class=\"tofarver\">\n<\/span><\/h2>\t\t\t\t<\/div>\n\t\t\t\t<div class=\"elementor-element elementor-element-6cf6174 elementor-widget elementor-widget-text-editor\" data-id=\"6cf6174\" data-element_type=\"widget\" data-e-type=\"widget\" data-widget_type=\"text-editor.default\">\n\t\t\t\t\t\t\t\t\t<p>Studio Tablas materializa visiones arquitect\u00f3nicas a trav\u00e9s de la madera maciza. Desde piezas ic\u00f3nicas de autor hasta proyectos integrales de interiorismo, dise\u00f1ados y fabricados en Granada.<\/p>\t\t\t\t\t\t\t\t<\/div>\n\t\t\t\t\t<\/div>\n\t\t\t\t<\/div>\n\t\t<div class=\"elementor-element elementor-element-6b29361 e-flex e-con-boxed e-con e-child\" data-id=\"6b29361\" data-element_type=\"container\" data-e-type=\"container\">\n\t\t\t\t\t<div class=\"e-con-inner\">\n\t\t\t\t\t<\/div>\n\t\t\t\t<\/div>\n\t\t\t\t<\/div>\n\t\t<div class=\"elementor-element elementor-element-c91886a e-con-full e-flex e-con e-parent\" data-id=\"c91886a\" data-element_type=\"container\" data-e-type=\"container\" data-settings=\"{&quot;background_background&quot;:&quot;classic&quot;}\">\n\t\t<div class=\"elementor-element elementor-element-35384a6 e-con-full e-flex e-con e-child\" data-id=\"35384a6\" data-element_type=\"container\" data-e-type=\"container\">\n\t\t<div class=\"elementor-element elementor-element-3679db7 e-con-full e-flex e-con e-child\" data-id=\"3679db7\" data-element_type=\"container\" data-e-type=\"container\">\n\t\t\t\t<div class=\"elementor-element elementor-element-53905ca elementor-widget elementor-widget-heading\" data-id=\"53905ca\" data-element_type=\"widget\" data-e-type=\"widget\" data-widget_type=\"heading.default\">\n\t\t\t\t\t<h2 class=\"elementor-heading-title elementor-size-default\">Dise\u00f1o de Mobiliario a Medida<\/h2>\t\t\t\t<\/div>\n\t\t\t\t<div class=\"elementor-element elementor-element-fdbb924 elementor-widget elementor-widget-image\" data-id=\"fdbb924\" data-element_type=\"widget\" data-e-type=\"widget\" data-widget_type=\"image.default\">\n\t\t\t\t\t\t\t\t\t\t\t\t\t\t\t<img fetchpriority=\"high\" decoding=\"async\" width=\"1536\" height=\"1536\" src=\"https:\/\/studiotablas.com\/wp-content\/uploads\/2026\/04\/Servicios-studiotablas-03-1536x1536.webp\" class=\"attachment-1536x1536 size-1536x1536 wp-image-4701\" alt=\"\" srcset=\"https:\/\/studiotablas.com\/wp-content\/uploads\/2026\/04\/Servicios-studiotablas-03-1536x1536.webp 1536w, https:\/\/studiotablas.com\/wp-content\/uploads\/2026\/04\/Servicios-studiotablas-03-300x300.webp 300w, https:\/\/studiotablas.com\/wp-content\/uploads\/2026\/04\/Servicios-studiotablas-03-1024x1024.webp 1024w, https:\/\/studiotablas.com\/wp-content\/uploads\/2026\/04\/Servicios-studiotablas-03-150x150.webp 150w, https:\/\/studiotablas.com\/wp-content\/uploads\/2026\/04\/Servicios-studiotablas-03-768x768.webp 768w, https:\/\/studiotablas.com\/wp-content\/uploads\/2026\/04\/Servicios-studiotablas-03-2048x2048.webp 2048w, https:\/\/studiotablas.com\/wp-content\/uploads\/2026\/04\/Servicios-studiotablas-03-12x12.webp 12w, https:\/\/studiotablas.com\/wp-content\/uploads\/2026\/04\/Servicios-studiotablas-03-1320x1320.webp 1320w, https:\/\/studiotablas.com\/wp-content\/uploads\/2026\/04\/Servicios-studiotablas-03-600x600.webp 600w, https:\/\/studiotablas.com\/wp-content\/uploads\/2026\/04\/Servicios-studiotablas-03-100x100.webp 100w, https:\/\/studiotablas.com\/wp-content\/uploads\/2026\/04\/Servicios-studiotablas-03-50x50.webp 50w, https:\/\/studiotablas.com\/wp-content\/uploads\/2026\/04\/Servicios-studiotablas-03-64x64.webp 64w\" sizes=\"(max-width: 1536px) 100vw, 1536px\" \/>\t\t\t\t\t\t\t\t\t\t\t\t\t\t\t<\/div>\n\t\t\t\t<div class=\"elementor-element elementor-element-4b6b50b elementor-widget elementor-widget-text-editor\" data-id=\"4b6b50b\" data-element_type=\"widget\" data-e-type=\"widget\" data-widget_type=\"text-editor.default\">\n\t\t\t\t\t\t\t\t\t<p><b data-path-to-node=\"8,0\" data-index-in-node=\"0\">La pieza \u00fanica como est\u00e1ndar.<\/b> Creamos mobiliario exclusivo en roble macizo dise\u00f1ado para perdurar. Est\u00e9tica contempor\u00e1nea unida a la nobleza de los materiales puros.<\/p>\t\t\t\t\t\t\t\t<\/div>\n\t\t\t\t<div class=\"elementor-element elementor-element-e159e94 elementor-align-left elementor-widget elementor-widget-button\" data-id=\"e159e94\" data-element_type=\"widget\" data-e-type=\"widget\" data-widget_type=\"button.default\">\n\t\t\t\t\t\t\t\t\t\t<a class=\"elementor-button elementor-button-link elementor-size-sm\" href=\"https:\/\/studiotablas.com\/fr\/contacto\/\">\n\t\t\t\t\t\t<span class=\"elementor-button-content-wrapper\">\n\t\t\t\t\t\t\t\t\t<span class=\"elementor-button-text\">M\u00e1s informaci\u00f3n<\/span>\n\t\t\t\t\t<\/span>\n\t\t\t\t\t<\/a>\n\t\t\t\t\t\t\t\t<\/div>\n\t\t\t\t<\/div>\n\t\t<div class=\"elementor-element elementor-element-dc64699 e-con-full e-flex e-con e-child\" data-id=\"dc64699\" data-element_type=\"container\" data-e-type=\"container\">\n\t\t\t\t<div class=\"elementor-element elementor-element-e3a18a3 elementor-widget elementor-widget-heading\" data-id=\"e3a18a3\" data-element_type=\"widget\" data-e-type=\"widget\" data-widget_type=\"heading.default\">\n\t\t\t\t\t<h2 class=\"elementor-heading-title elementor-size-default\">Proyectos para Interiorismo<\/h2>\t\t\t\t<\/div>\n\t\t\t\t<div class=\"elementor-element elementor-element-ed80ea3 elementor-widget elementor-widget-image\" data-id=\"ed80ea3\" data-element_type=\"widget\" data-e-type=\"widget\" data-widget_type=\"image.default\">\n\t\t\t\t\t\t\t\t\t\t\t\t\t\t\t<img decoding=\"async\" width=\"1536\" height=\"1536\" src=\"https:\/\/studiotablas.com\/wp-content\/uploads\/2026\/04\/mobilario-web-1536x1536.webp\" class=\"attachment-1536x1536 size-1536x1536 wp-image-4734\" alt=\"\" srcset=\"https:\/\/studiotablas.com\/wp-content\/uploads\/2026\/04\/mobilario-web-1536x1536.webp 1536w, https:\/\/studiotablas.com\/wp-content\/uploads\/2026\/04\/mobilario-web-300x300.webp 300w, https:\/\/studiotablas.com\/wp-content\/uploads\/2026\/04\/mobilario-web-1024x1024.webp 1024w, https:\/\/studiotablas.com\/wp-content\/uploads\/2026\/04\/mobilario-web-150x150.webp 150w, https:\/\/studiotablas.com\/wp-content\/uploads\/2026\/04\/mobilario-web-768x768.webp 768w, https:\/\/studiotablas.com\/wp-content\/uploads\/2026\/04\/mobilario-web-2048x2048.webp 2048w, https:\/\/studiotablas.com\/wp-content\/uploads\/2026\/04\/mobilario-web-12x12.webp 12w, https:\/\/studiotablas.com\/wp-content\/uploads\/2026\/04\/mobilario-web-1320x1320.webp 1320w, https:\/\/studiotablas.com\/wp-content\/uploads\/2026\/04\/mobilario-web-600x600.webp 600w, https:\/\/studiotablas.com\/wp-content\/uploads\/2026\/04\/mobilario-web-100x100.webp 100w, https:\/\/studiotablas.com\/wp-content\/uploads\/2026\/04\/mobilario-web-50x50.webp 50w, https:\/\/studiotablas.com\/wp-content\/uploads\/2026\/04\/mobilario-web-64x64.webp 64w\" sizes=\"(max-width: 1536px) 100vw, 1536px\" \/>\t\t\t\t\t\t\t\t\t\t\t\t\t\t\t<\/div>\n\t\t\t\t<div class=\"elementor-element elementor-element-121e3e0 elementor-widget elementor-widget-text-editor\" data-id=\"121e3e0\" data-element_type=\"widget\" data-e-type=\"widget\" data-widget_type=\"text-editor.default\">\n\t\t\t\t\t\t\t\t\t<p><b data-path-to-node=\"10,0\" data-index-in-node=\"0\">Carpinter\u00eda t\u00e9cnica de alta gama.<\/b> Colaboramos con arquitectos y estudios para definir espacios a trav\u00e9s de la madera, creando estructuras integradas de m\u00e1xima precisi\u00f3n.<\/p>\t\t\t\t\t\t\t\t<\/div>\n\t\t\t\t<div class=\"elementor-element elementor-element-81361cc elementor-align-left elementor-widget elementor-widget-button\" data-id=\"81361cc\" data-element_type=\"widget\" data-e-type=\"widget\" data-widget_type=\"button.default\">\n\t\t\t\t\t\t\t\t\t\t<a class=\"elementor-button elementor-button-link elementor-size-sm\" href=\"https:\/\/studiotablas.com\/fr\/contacto\/\">\n\t\t\t\t\t\t<span class=\"elementor-button-content-wrapper\">\n\t\t\t\t\t\t\t\t\t<span class=\"elementor-button-text\">M\u00e1s informaci\u00f3n<\/span>\n\t\t\t\t\t<\/span>\n\t\t\t\t\t<\/a>\n\t\t\t\t\t\t\t\t<\/div>\n\t\t\t\t<\/div>\n\t\t\t\t<\/div>\n\t\t\t\t<\/div>\n\t\t<div class=\"elementor-element elementor-element-89fdc10 e-con-full e-flex e-con e-parent\" data-id=\"89fdc10\" data-element_type=\"container\" data-e-type=\"container\" data-settings=\"{&quot;background_background&quot;:&quot;classic&quot;}\">\n\t\t<div class=\"elementor-element elementor-element-a5f87ec e-con-full e-flex e-con e-child\" data-id=\"a5f87ec\" data-element_type=\"container\" data-e-type=\"container\">\n\t\t<div class=\"elementor-element elementor-element-5ba7f1b e-con-full e-flex e-con e-child\" data-id=\"5ba7f1b\" data-element_type=\"container\" data-e-type=\"container\">\n\t\t\t\t<div class=\"elementor-element elementor-element-012c290 elementor-widget elementor-widget-heading\" data-id=\"012c290\" data-element_type=\"widget\" data-e-type=\"widget\" data-widget_type=\"heading.default\">\n\t\t\t\t\t<h2 class=\"elementor-heading-title elementor-size-default\">Mecanizado CNC y Control Num\u00e9rico<\/h2>\t\t\t\t<\/div>\n\t\t\t\t<div class=\"elementor-element elementor-element-8494d23 elementor-widget elementor-widget-image\" data-id=\"8494d23\" data-element_type=\"widget\" data-e-type=\"widget\" data-widget_type=\"image.default\">\n\t\t\t\t\t\t\t\t\t\t\t\t\t\t\t<img decoding=\"async\" width=\"1536\" height=\"1536\" src=\"https:\/\/studiotablas.com\/wp-content\/uploads\/2026\/04\/Servicios-studiotablas-04-1536x1536.webp\" class=\"attachment-1536x1536 size-1536x1536 wp-image-4702\" alt=\"\" srcset=\"https:\/\/studiotablas.com\/wp-content\/uploads\/2026\/04\/Servicios-studiotablas-04-1536x1536.webp 1536w, https:\/\/studiotablas.com\/wp-content\/uploads\/2026\/04\/Servicios-studiotablas-04-300x300.webp 300w, https:\/\/studiotablas.com\/wp-content\/uploads\/2026\/04\/Servicios-studiotablas-04-1024x1024.webp 1024w, https:\/\/studiotablas.com\/wp-content\/uploads\/2026\/04\/Servicios-studiotablas-04-150x150.webp 150w, https:\/\/studiotablas.com\/wp-content\/uploads\/2026\/04\/Servicios-studiotablas-04-768x768.webp 768w, https:\/\/studiotablas.com\/wp-content\/uploads\/2026\/04\/Servicios-studiotablas-04-2048x2048.webp 2048w, https:\/\/studiotablas.com\/wp-content\/uploads\/2026\/04\/Servicios-studiotablas-04-12x12.webp 12w, https:\/\/studiotablas.com\/wp-content\/uploads\/2026\/04\/Servicios-studiotablas-04-1320x1320.webp 1320w, https:\/\/studiotablas.com\/wp-content\/uploads\/2026\/04\/Servicios-studiotablas-04-600x600.webp 600w, https:\/\/studiotablas.com\/wp-content\/uploads\/2026\/04\/Servicios-studiotablas-04-100x100.webp 100w, https:\/\/studiotablas.com\/wp-content\/uploads\/2026\/04\/Servicios-studiotablas-04-50x50.webp 50w, https:\/\/studiotablas.com\/wp-content\/uploads\/2026\/04\/Servicios-studiotablas-04-64x64.webp 64w\" sizes=\"(max-width: 1536px) 100vw, 1536px\" \/>\t\t\t\t\t\t\t\t\t\t\t\t\t\t\t<\/div>\n\t\t\t\t<div class=\"elementor-element elementor-element-074688e elementor-widget elementor-widget-text-editor\" data-id=\"074688e\" data-element_type=\"widget\" data-e-type=\"widget\" data-widget_type=\"text-editor.default\">\n\t\t\t\t\t\t\t\t\t<p><b data-path-to-node=\"12,0\" data-index-in-node=\"0\">Vanguardia sobre roble macizo.<\/b> Unimos la ebanister\u00eda tradicional con tecnolog\u00eda de tolerancia cero. Cortes y ensamblajes de precisi\u00f3n milim\u00e9trica para la ingenier\u00eda de cada mueble.<\/p>\t\t\t\t\t\t\t\t<\/div>\n\t\t\t\t<div class=\"elementor-element elementor-element-e787753 elementor-align-left elementor-widget elementor-widget-button\" data-id=\"e787753\" data-element_type=\"widget\" data-e-type=\"widget\" data-widget_type=\"button.default\">\n\t\t\t\t\t\t\t\t\t\t<a class=\"elementor-button elementor-button-link elementor-size-sm\" href=\"https:\/\/studiotablas.com\/fr\/servicios-mecanizado-cnc-madera-maciza\/\">\n\t\t\t\t\t\t<span class=\"elementor-button-content-wrapper\">\n\t\t\t\t\t\t\t\t\t<span class=\"elementor-button-text\">M\u00e1s informaci\u00f3n<\/span>\n\t\t\t\t\t<\/span>\n\t\t\t\t\t<\/a>\n\t\t\t\t\t\t\t\t<\/div>\n\t\t\t\t<\/div>\n\t\t<div class=\"elementor-element elementor-element-8f28fd6 e-con-full e-flex e-con e-child\" data-id=\"8f28fd6\" data-element_type=\"container\" data-e-type=\"container\">\n\t\t\t\t<div class=\"elementor-element elementor-element-186b616 elementor-widget elementor-widget-heading\" data-id=\"186b616\" data-element_type=\"widget\" data-e-type=\"widget\" data-widget_type=\"heading.default\">\n\t\t\t\t\t<h2 class=\"elementor-heading-title elementor-size-default\">Lacados y Acabados de Alta Resistencia<\/h2>\t\t\t\t<\/div>\n\t\t\t\t<div class=\"elementor-element elementor-element-831521e elementor-widget elementor-widget-image\" data-id=\"831521e\" data-element_type=\"widget\" data-e-type=\"widget\" data-widget_type=\"image.default\">\n\t\t\t\t\t\t\t\t\t\t\t\t\t\t\t<img loading=\"lazy\" decoding=\"async\" width=\"1536\" height=\"1536\" src=\"https:\/\/studiotablas.com\/wp-content\/uploads\/2026\/04\/lacados-1-1536x1536.webp\" class=\"attachment-1536x1536 size-1536x1536 wp-image-4727\" alt=\"\" srcset=\"https:\/\/studiotablas.com\/wp-content\/uploads\/2026\/04\/lacados-1-1536x1536.webp 1536w, https:\/\/studiotablas.com\/wp-content\/uploads\/2026\/04\/lacados-1-300x300.webp 300w, https:\/\/studiotablas.com\/wp-content\/uploads\/2026\/04\/lacados-1-1024x1024.webp 1024w, https:\/\/studiotablas.com\/wp-content\/uploads\/2026\/04\/lacados-1-150x150.webp 150w, https:\/\/studiotablas.com\/wp-content\/uploads\/2026\/04\/lacados-1-768x768.webp 768w, https:\/\/studiotablas.com\/wp-content\/uploads\/2026\/04\/lacados-1-2048x2048.webp 2048w, https:\/\/studiotablas.com\/wp-content\/uploads\/2026\/04\/lacados-1-12x12.webp 12w, https:\/\/studiotablas.com\/wp-content\/uploads\/2026\/04\/lacados-1-1320x1320.webp 1320w, https:\/\/studiotablas.com\/wp-content\/uploads\/2026\/04\/lacados-1-600x600.webp 600w, https:\/\/studiotablas.com\/wp-content\/uploads\/2026\/04\/lacados-1-100x100.webp 100w, https:\/\/studiotablas.com\/wp-content\/uploads\/2026\/04\/lacados-1-50x50.webp 50w, https:\/\/studiotablas.com\/wp-content\/uploads\/2026\/04\/lacados-1-64x64.webp 64w\" sizes=\"(max-width: 1536px) 100vw, 1536px\" \/>\t\t\t\t\t\t\t\t\t\t\t\t\t\t\t<\/div>\n\t\t\t\t<div class=\"elementor-element elementor-element-51e0642 elementor-widget elementor-widget-text-editor\" data-id=\"51e0642\" data-element_type=\"widget\" data-e-type=\"widget\" data-widget_type=\"text-editor.default\">\n\t\t\t\t\t\t\t\t\t<p><b data-path-to-node=\"14,0\" data-index-in-node=\"0\">Protecci\u00f3n sin alterar la esencia.<\/b> Sellamos el poro con barnices de alta dureza y lacados premium. Un acabado impermeable y libre de mantenimiento que respeta la veta natural.<\/p>\t\t\t\t\t\t\t\t<\/div>\n\t\t\t\t<div class=\"elementor-element elementor-element-c026f9d elementor-align-left elementor-widget elementor-widget-button\" data-id=\"c026f9d\" data-element_type=\"widget\" data-e-type=\"widget\" data-widget_type=\"button.default\">\n\t\t\t\t\t\t\t\t\t\t<a class=\"elementor-button elementor-button-link elementor-size-sm\" href=\"https:\/\/studiotablas.com\/fr\/contacto\/\">\n\t\t\t\t\t\t<span class=\"elementor-button-content-wrapper\">\n\t\t\t\t\t\t\t\t\t<span class=\"elementor-button-text\">M\u00e1s informaci\u00f3n<\/span>\n\t\t\t\t\t<\/span>\n\t\t\t\t\t<\/a>\n\t\t\t\t\t\t\t\t<\/div>\n\t\t\t\t<\/div>\n\t\t\t\t<\/div>\n\t\t\t\t<\/div>\n\t\t\t\t<\/div>","protected":false},"excerpt":{"rendered":"<p>Servicios Studio Tablas materializa visiones arquitect\u00f3nicas a trav\u00e9s de la madera maciza. Desde piezas ic\u00f3nicas de autor hasta proyectos integrales de interiorismo, dise\u00f1ados y fabricados en Granada. Dise\u00f1o de Mobiliario a Medida La pieza \u00fanica como est\u00e1ndar. Creamos mobiliario exclusivo en roble macizo dise\u00f1ado para perdurar. Est\u00e9tica contempor\u00e1nea unida a la nobleza de los materiales [&hellip;]<\/p>\n","protected":false},"author":1,"featured_media":0,"parent":0,"menu_order":0,"comment_status":"closed","ping_status":"closed","template":"elementor_header_footer","meta":{"_acf_changed":false,"footnotes":""},"class_list":["post-4792","page","type-page","status-publish","hentry"],"acf":[],"jetpack_sharing_enabled":true,"_links":{"self":[{"href":"https:\/\/studiotablas.com\/fr\/wp-json\/wp\/v2\/pages\/4792","targetHints":{"allow":["GET"]}}],"collection":[{"href":"https:\/\/studiotablas.com\/fr\/wp-json\/wp\/v2\/pages"}],"about":[{"href":"https:\/\/studiotablas.com\/fr\/wp-json\/wp\/v2\/types\/page"}],"author":[{"embeddable":true,"href":"https:\/\/studiotablas.com\/fr\/wp-json\/wp\/v2\/users\/1"}],"replies":[{"embeddable":true,"href":"https:\/\/studiotablas.com\/fr\/wp-json\/wp\/v2\/comments?post=4792"}],"version-history":[{"count":8,"href":"https:\/\/studiotablas.com\/fr\/wp-json\/wp\/v2\/pages\/4792\/revisions"}],"predecessor-version":[{"id":4815,"href":"https:\/\/studiotablas.com\/fr\/wp-json\/wp\/v2\/pages\/4792\/revisions\/4815"}],"wp:attachment":[{"href":"https:\/\/studiotablas.com\/fr\/wp-json\/wp\/v2\/media?parent=4792"}],"curies":[{"name":"wp","href":"https:\/\/api.w.org\/{rel}","templated":true}]}}