{"id":4865,"date":"2026-04-23T16:14:58","date_gmt":"2026-04-23T16:14:58","guid":{"rendered":"https:\/\/studiotablas.com\/?page_id=4865"},"modified":"2026-04-23T17:33:34","modified_gmt":"2026-04-23T17:33:34","slug":"custom-furniture-design-services","status":"publish","type":"page","link":"https:\/\/studiotablas.com\/en\/servicios-diseno-mobiliario-a-medida\/","title":{"rendered":"Custom Furniture Design | Studio Tablas"},"content":{"rendered":"<div data-elementor-type=\"wp-page\" data-elementor-id=\"4865\" class=\"elementor elementor-4865\" data-elementor-post-type=\"page\">\n\t\t\t\t<div class=\"elementor-element elementor-element-e653bf9 e-con-full e-flex e-con e-parent\" data-id=\"e653bf9\" data-element_type=\"container\" data-e-type=\"container\" data-settings=\"{&quot;background_background&quot;:&quot;classic&quot;}\">\n\t\t\t\t<\/div>\n\t\t<div class=\"elementor-element elementor-element-65028b0d e-con-full e-flex e-con e-parent\" data-id=\"65028b0d\" data-element_type=\"container\" data-e-type=\"container\">\n\t\t<div class=\"elementor-element elementor-element-1a2383c9 e-con-full e-flex e-con e-child\" data-id=\"1a2383c9\" data-element_type=\"container\" data-e-type=\"container\">\n\t\t\t\t<div class=\"elementor-element elementor-element-302791d3 elementor-widget elementor-widget-image\" data-id=\"302791d3\" data-element_type=\"widget\" data-e-type=\"widget\" data-widget_type=\"image.default\">\n\t\t\t\t\t\t\t\t\t\t\t\t\t\t\t<img fetchpriority=\"high\" decoding=\"async\" width=\"253\" height=\"270\" src=\"https:\/\/studiotablas.com\/wp-content\/uploads\/2026\/04\/Ilustracion-web-servicios-08.svg\" class=\"attachment-large size-large wp-image-4776\" alt=\"\" \/>\t\t\t\t\t\t\t\t\t\t\t\t\t\t\t<\/div>\n\t\t\t\t<div class=\"elementor-element elementor-element-6886e2e8 elementor-widget elementor-widget-heading\" data-id=\"6886e2e8\" data-element_type=\"widget\" data-e-type=\"widget\" data-widget_type=\"heading.default\">\n\t\t\t\t\t<h1 class=\"elementor-heading-title elementor-size-default\">Custom Furniture Design<\/h1>\t\t\t\t<\/div>\n\t\t\t\t<\/div>\n\t\t<div class=\"elementor-element elementor-element-4ca76fc8 e-con-full e-flex e-con e-child\" data-id=\"4ca76fc8\" data-element_type=\"container\" data-e-type=\"container\">\n\t\t\t\t<div class=\"elementor-element elementor-element-3a7ac3db elementor-widget elementor-widget-text-editor\" data-id=\"3a7ac3db\" data-element_type=\"widget\" data-e-type=\"widget\" data-widget_type=\"text-editor.default\">\n\t\t\t\t\t\t\t\t\t<p>We transform solid oak into designer pieces. We design and manufacture bookshelves, counters, and exclusive solutions for homes and commercial spaces. Contemporary woodworking that combines the nobility of traditional material with the absolute precision of 3D design.<\/p>\t\t\t\t\t\t\t\t<\/div>\n\t\t\t\t<\/div>\n\t\t\t\t<\/div>\n\t\t<div class=\"elementor-element elementor-element-5fd08731 e-con-full e-flex e-con e-parent\" data-id=\"5fd08731\" data-element_type=\"container\" data-e-type=\"container\" data-settings=\"{&quot;background_background&quot;:&quot;classic&quot;}\">\n\t\t\t\t<div class=\"elementor-element elementor-element-72c4489b elementor-widget elementor-widget-heading\" data-id=\"72c4489b\" data-element_type=\"widget\" data-e-type=\"widget\" data-widget_type=\"heading.default\">\n\t\t\t\t\t<h3 class=\"elementor-heading-title elementor-size-default\">Areas of Expertise and Design<\/h3>\t\t\t\t<\/div>\n\t\t\t\t<\/div>\n\t\t<div class=\"elementor-element elementor-element-649db615 e-con-full e-flex e-con e-parent\" data-id=\"649db615\" data-element_type=\"container\" data-e-type=\"container\" data-settings=\"{&quot;background_background&quot;:&quot;classic&quot;}\">\n\t\t<div class=\"elementor-element elementor-element-29c39a08 e-con-full e-flex e-con e-child\" data-id=\"29c39a08\" data-element_type=\"container\" data-e-type=\"container\" data-settings=\"{&quot;background_background&quot;:&quot;classic&quot;}\">\n\t\t\t\t<div class=\"elementor-element elementor-element-229359f9 elementor-view-default elementor-position-block-start elementor-mobile-position-block-start elementor-widget elementor-widget-icon-box\" data-id=\"229359f9\" data-element_type=\"widget\" data-e-type=\"widget\" data-widget_type=\"icon-box.default\">\n\t\t\t\t\t\t\t<div class=\"elementor-icon-box-wrapper\">\n\n\t\t\t\t\t\t<div class=\"elementor-icon-box-icon\">\n\t\t\t\t<span  class=\"elementor-icon\">\n\t\t\t\t<svg xmlns=\"http:\/\/www.w3.org\/2000\/svg\" id=\"Capa_1\" data-name=\"Capa 1\" viewbox=\"0 0 122.24 143.4\"><defs><style>      .cls-1 {        fill: #f3f1e9;      }    <\/style><\/defs><path class=\"cls-1\" d=\"M19.82,7.72L4.32,143.35H0V45.08C0,29.53,7.88,15.82,19.82,7.72Z\"><\/path><path class=\"cls-1\" d=\"M62.42,143.35H17.39L33.58,1.46c3.56-.92,7.24-1.46,11.07-1.46,2.43,5.45,6.48,21,7.5,34.88.22,4.81.32,7.07-.59,15.93-3.46,24.13-5.67,28.72.43,44.06,4.32,8.31,9.66,15.5,12.09,33.58.38,2.75-.43,10.26-1.73,14.96l.05-.05Z\"><\/path><polygon class=\"cls-1\" points=\"92.81 0 83.31 143.35 75.75 143.35 73.05 120.51 62.85 35.74 58.58 0 92.81 0\"><\/polygon><path class=\"cls-1\" d=\"M122.24,0v127.96c0,8.48-6.91,15.39-15.39,15.39h-10.58L105.83,0h16.41Z\"><\/path><\/svg>\t\t\t\t<\/span>\n\t\t\t<\/div>\n\t\t\t\n\t\t\t\t\t\t<div class=\"elementor-icon-box-content\">\n\n\t\t\t\t\t\t\t\t\t<h3 class=\"elementor-icon-box-title\">\n\t\t\t\t\t\t<span  >\n\t\t\t\t\t\t\tResidential and Contract\t\t\t\t\t\t<\/span>\n\t\t\t\t\t<\/h3>\n\t\t\t\t\n\t\t\t\t\t\t\t\t\t<p class=\"elementor-icon-box-description\">\n\t\t\t\t\t\tCreation of unique pieces, from dining tables and designer bookshelves to high-traffic counters and technical furniture for retail and hospitality.\t\t\t\t\t<\/p>\n\t\t\t\t\n\t\t\t<\/div>\n\t\t\t\n\t\t<\/div>\n\t\t\t\t\t\t<\/div>\n\t\t\t\t<\/div>\n\t\t<div class=\"elementor-element elementor-element-d8629b5 e-con-full e-flex e-con e-child\" data-id=\"d8629b5\" data-element_type=\"container\" data-e-type=\"container\" data-settings=\"{&quot;background_background&quot;:&quot;classic&quot;}\">\n\t\t\t\t<div class=\"elementor-element elementor-element-21f50f57 elementor-view-default elementor-position-block-start elementor-mobile-position-block-start elementor-widget elementor-widget-icon-box\" data-id=\"21f50f57\" data-element_type=\"widget\" data-e-type=\"widget\" data-widget_type=\"icon-box.default\">\n\t\t\t\t\t\t\t<div class=\"elementor-icon-box-wrapper\">\n\n\t\t\t\t\t\t<div class=\"elementor-icon-box-icon\">\n\t\t\t\t<span  class=\"elementor-icon\">\n\t\t\t\t<svg xmlns=\"http:\/\/www.w3.org\/2000\/svg\" id=\"Capa_1\" data-name=\"Capa 1\" viewbox=\"0 0 122.24 143.4\"><defs><style>      .cls-1 {        fill: #f3f1e9;      }    <\/style><\/defs><path class=\"cls-1\" d=\"M19.82,7.72L4.32,143.35H0V45.08C0,29.53,7.88,15.82,19.82,7.72Z\"><\/path><path class=\"cls-1\" d=\"M62.42,143.35H17.39L33.58,1.46c3.56-.92,7.24-1.46,11.07-1.46,2.43,5.45,6.48,21,7.5,34.88.22,4.81.32,7.07-.59,15.93-3.46,24.13-5.67,28.72.43,44.06,4.32,8.31,9.66,15.5,12.09,33.58.38,2.75-.43,10.26-1.73,14.96l.05-.05Z\"><\/path><polygon class=\"cls-1\" points=\"92.81 0 83.31 143.35 75.75 143.35 73.05 120.51 62.85 35.74 58.58 0 92.81 0\"><\/polygon><path class=\"cls-1\" d=\"M122.24,0v127.96c0,8.48-6.91,15.39-15.39,15.39h-10.58L105.83,0h16.41Z\"><\/path><\/svg>\t\t\t\t<\/span>\n\t\t\t<\/div>\n\t\t\t\n\t\t\t\t\t\t<div class=\"elementor-icon-box-content\">\n\n\t\t\t\t\t\t\t\t\t<h3 class=\"elementor-icon-box-title\">\n\t\t\t\t\t\t<span  >\n\t\t\t\t\t\t\t3D Visualization and AI\t\t\t\t\t\t<\/span>\n\t\t\t\t\t<\/h3>\n\t\t\t\t\n\t\t\t\t\t\t\t\t\t<p class=\"elementor-icon-box-description\">\n\t\t\t\t\t\tWe leave nothing to chance. We use 3D software and Artificial Intelligence tools to create hyper-realistic scenarios, ensuring total design validation before turning on the machines.\t\t\t\t\t<\/p>\n\t\t\t\t\n\t\t\t<\/div>\n\t\t\t\n\t\t<\/div>\n\t\t\t\t\t\t<\/div>\n\t\t\t\t<\/div>\n\t\t<div class=\"elementor-element elementor-element-47925783 e-con-full e-flex e-con e-child\" data-id=\"47925783\" data-element_type=\"container\" data-e-type=\"container\" data-settings=\"{&quot;background_background&quot;:&quot;classic&quot;}\">\n\t\t\t\t<div class=\"elementor-element elementor-element-2c6567b3 elementor-view-default elementor-position-block-start elementor-mobile-position-block-start elementor-widget elementor-widget-icon-box\" data-id=\"2c6567b3\" data-element_type=\"widget\" data-e-type=\"widget\" data-widget_type=\"icon-box.default\">\n\t\t\t\t\t\t\t<div class=\"elementor-icon-box-wrapper\">\n\n\t\t\t\t\t\t<div class=\"elementor-icon-box-icon\">\n\t\t\t\t<span  class=\"elementor-icon\">\n\t\t\t\t<svg xmlns=\"http:\/\/www.w3.org\/2000\/svg\" id=\"Capa_1\" data-name=\"Capa 1\" viewbox=\"0 0 122.24 143.4\"><defs><style>      .cls-1 {        fill: #f3f1e9;      }    <\/style><\/defs><path class=\"cls-1\" d=\"M19.82,7.72L4.32,143.35H0V45.08C0,29.53,7.88,15.82,19.82,7.72Z\"><\/path><path class=\"cls-1\" d=\"M62.42,143.35H17.39L33.58,1.46c3.56-.92,7.24-1.46,11.07-1.46,2.43,5.45,6.48,21,7.5,34.88.22,4.81.32,7.07-.59,15.93-3.46,24.13-5.67,28.72.43,44.06,4.32,8.31,9.66,15.5,12.09,33.58.38,2.75-.43,10.26-1.73,14.96l.05-.05Z\"><\/path><polygon class=\"cls-1\" points=\"92.81 0 83.31 143.35 75.75 143.35 73.05 120.51 62.85 35.74 58.58 0 92.81 0\"><\/polygon><path class=\"cls-1\" d=\"M122.24,0v127.96c0,8.48-6.91,15.39-15.39,15.39h-10.58L105.83,0h16.41Z\"><\/path><\/svg>\t\t\t\t<\/span>\n\t\t\t<\/div>\n\t\t\t\n\t\t\t\t\t\t<div class=\"elementor-icon-box-content\">\n\n\t\t\t\t\t\t\t\t\t<h3 class=\"elementor-icon-box-title\">\n\t\t\t\t\t\t<span  >\n\t\t\t\t\t\t\tPremium Materials and Hardware\t\t\t\t\t\t<\/span>\n\t\t\t\t\t<\/h3>\n\t\t\t\t\n\t\t\t\t\t\t\t\t\t<p class=\"elementor-icon-box-description\">\n\t\t\t\t\t\tSolid oak is our star. We complement it with high-density technical woods, extremely resistant finishes, and precision European hardware to guarantee durability.\t\t\t\t\t<\/p>\n\t\t\t\t\n\t\t\t<\/div>\n\t\t\t\n\t\t<\/div>\n\t\t\t\t\t\t<\/div>\n\t\t\t\t<\/div>\n\t\t\t\t<\/div>\n\t\t<div class=\"elementor-element elementor-element-775d1876 e-con-full e-flex e-con e-parent\" data-id=\"775d1876\" data-element_type=\"container\" data-e-type=\"container\" data-settings=\"{&quot;background_background&quot;:&quot;classic&quot;}\">\n\t\t<div class=\"elementor-element elementor-element-5616ebfb e-con-full e-flex e-con e-child\" data-id=\"5616ebfb\" data-element_type=\"container\" data-e-type=\"container\">\n\t\t<div class=\"elementor-element elementor-element-71794620 e-con-full e-flex e-con e-child\" data-id=\"71794620\" data-element_type=\"container\" data-e-type=\"container\">\n\t\t\t\t<div class=\"elementor-element elementor-element-33ae24c5 elementor-widget elementor-widget-heading\" data-id=\"33ae24c5\" data-element_type=\"widget\" data-e-type=\"widget\" data-widget_type=\"heading.default\">\n\t\t\t\t\t<h2 class=\"elementor-heading-title elementor-size-default\">Our Process: From Consultation to Installation<\/h2>\t\t\t\t<\/div>\n\t\t\t\t<div class=\"elementor-element elementor-element-4dfac5e elementor-widget elementor-widget-text-editor\" data-id=\"4dfac5e\" data-element_type=\"widget\" data-e-type=\"widget\" data-widget_type=\"text-editor.default\">\n\t\t\t\t\t\t\t\t\t<p data-path-to-node=\"13\"><b data-path-to-node=\"13\" data-index-in-node=\"0\">Consulting and Digital Modeling<\/b><\/p><p data-path-to-node=\"13\"><span style=\"font-family: -apple-system, BlinkMacSystemFont, 'Segoe UI', Roboto, 'Helvetica Neue', Arial, 'Noto Sans', sans-serif, 'Apple Color Emoji', 'Segoe UI Emoji', 'Segoe UI Symbol', 'Noto Color Emoji';\">We work hand-in-hand with you. After taking measurements, we develop comprehensive proposals using 3D modeling. We validate every detail, proportion, and visual finish before approving the final budget.<\/span><\/p><p data-path-to-node=\"15\"><b data-path-to-node=\"15\" data-index-in-node=\"0\">02. Precision Manufacturing and Cabinetry<\/b><\/p><p data-path-to-node=\"15\"><span style=\"font-family: -apple-system, BlinkMacSystemFont, 'Segoe UI', Roboto, 'Helvetica Neue', Arial, 'Noto Sans', sans-serif, 'Apple Color Emoji', 'Segoe UI Emoji', 'Segoe UI Symbol', 'Noto Color Emoji';\">Each piece comes to life in our workshop in Granada. We combine cutting-edge technology with artisanal assembly and sanding. We apply our high-durability finishes, designed to withstand intensive use without losing the warmth of the natural grain.<\/span><\/p><p data-path-to-node=\"17\"><b data-path-to-node=\"17\" data-index-in-node=\"0\">03. Logistics, Installation, and Assembly<\/b><\/p><p data-path-to-node=\"17\"><span style=\"font-family: -apple-system, BlinkMacSystemFont, 'Segoe UI', Roboto, 'Helvetica Neue', Arial, 'Noto Sans', sans-serif, 'Apple Color Emoji', 'Segoe UI Emoji', 'Segoe UI Symbol', 'Noto Color Emoji';\">We design hidden hardware and robust, logical fastening systems. Depending on the project's scale, we offer installation. <\/span><i style=\"font-family: -apple-system, BlinkMacSystemFont, 'Segoe UI', Roboto, 'Helvetica Neue', Arial, 'Noto Sans', sans-serif, 'Apple Color Emoji', 'Segoe UI Emoji', 'Segoe UI Symbol', 'Noto Color Emoji';\" data-path-to-node=\"18,0\" data-index-in-node=\"133\">in situ<\/i><span style=\"font-family: -apple-system, BlinkMacSystemFont, 'Segoe UI', Roboto, 'Helvetica Neue', Arial, 'Noto Sans', sans-serif, 'Apple Color Emoji', 'Segoe UI Emoji', 'Segoe UI Symbol', 'Noto Color Emoji';\"> by our team, or specialized transport accompanied by custom assembly manuals.<\/span><\/p>\t\t\t\t\t\t\t\t<\/div>\n\t\t<div class=\"elementor-element elementor-element-4d41a711 e-con-full e-flex e-con e-child\" data-id=\"4d41a711\" data-element_type=\"container\" data-e-type=\"container\">\n\t\t\t\t<div class=\"elementor-element elementor-element-67ad351b elementor-align-right elementor-widget elementor-widget-button\" data-id=\"67ad351b\" data-element_type=\"widget\" data-e-type=\"widget\" data-widget_type=\"button.default\">\n\t\t\t\t\t\t\t\t\t\t<a class=\"elementor-button elementor-button-link elementor-size-sm\" href=\"https:\/\/studiotablas.com\/en\/contacto\/\">\n\t\t\t\t\t\t<span class=\"elementor-button-content-wrapper\">\n\t\t\t\t\t\t<span class=\"elementor-button-icon\">\n\t\t\t\t<svg aria-hidden=\"true\" class=\"e-font-icon-svg e-fas-arrow-right\" viewbox=\"0 0 448 512\" xmlns=\"http:\/\/www.w3.org\/2000\/svg\"><path d=\"M190.5 66.9l22.2-22.2c9.4-9.4 24.6-9.4 33.9 0L441 239c9.4 9.4 9.4 24.6 0 33.9L246.6 467.3c-9.4 9.4-24.6 9.4-33.9 0l-22.2-22.2c-9.5-9.5-9.3-25 .4-34.3L311.4 296H24c-13.3 0-24-10.7-24-24v-32c0-13.3 10.7-24 24-24h287.4L190.9 101.2c-9.8-9.3-10-24.8-.4-34.3z\"><\/path><\/svg>\t\t\t<\/span>\n\t\t\t\t\t\t\t\t\t<span class=\"elementor-button-text\">Contact<\/span>\n\t\t\t\t\t<\/span>\n\t\t\t\t\t<\/a>\n\t\t\t\t\t\t\t\t<\/div>\n\t\t\t\t<\/div>\n\t\t\t\t<\/div>\n\t\t<div class=\"elementor-element elementor-element-7d1d0af5 e-con-full e-flex e-con e-child\" data-id=\"7d1d0af5\" data-element_type=\"container\" data-e-type=\"container\">\n\t\t<div class=\"elementor-element elementor-element-3ec6dd72 e-con-full e-flex e-con e-child\" data-id=\"3ec6dd72\" data-element_type=\"container\" data-e-type=\"container\">\n\t\t\t\t<div class=\"elementor-element elementor-element-52fa4e47 elementor-widget elementor-widget-video\" data-id=\"52fa4e47\" data-element_type=\"widget\" data-e-type=\"widget\" data-settings=\"{&quot;video_type&quot;:&quot;hosted&quot;,&quot;mute&quot;:&quot;yes&quot;,&quot;show_image_overlay&quot;:&quot;yes&quot;,&quot;image_overlay&quot;:{&quot;url&quot;:&quot;https:\\\/\\\/studiotablas.com\\\/wp-content\\\/uploads\\\/2026\\\/04\\\/serviciomobiliario-a-medida.webp&quot;,&quot;id&quot;:4869,&quot;size&quot;:&quot;&quot;,&quot;alt&quot;:&quot;&quot;,&quot;source&quot;:&quot;library&quot;},&quot;controls&quot;:&quot;yes&quot;}\" data-widget_type=\"video.default\">\n\t\t\t\t\t\t\t<div class=\"e-hosted-video elementor-wrapper elementor-open-inline\">\n\t\t\t\t\t<video class=\"elementor-video\" src=\"https:\/\/studiotablas.com\/wp-content\/uploads\/2025\/10\/Video-recursos-Studiotablas-con-final_1.webm\" controls=\"\" preload=\"metadata\" muted=\"muted\" controlslist=\"nodownload\" poster=\"https:\/\/studiotablas.com\/wp-content\/uploads\/2026\/04\/serviciomobiliario-a-medida.webp\"><\/video>\n\t\t\t\t\t\t<div class=\"elementor-custom-embed-image-overlay\" style=\"background-image: url(https:\/\/studiotablas.com\/wp-content\/uploads\/2026\/04\/serviciomobiliario-a-medida.webp);\">\n\t\t\t\t\t\t\t\t\t\t\t\t\t\t\t\t<div class=\"elementor-custom-embed-play\" role=\"button\" aria-label=\"Lire la vid\u00e9o\" tabindex=\"0\" data-no-translation-aria-label=\"\">\n\t\t\t\t\t\t\t<svg aria-hidden=\"true\" class=\"e-font-icon-svg e-eicon-play\" viewbox=\"0 0 1000 1000\" xmlns=\"http:\/\/www.w3.org\/2000\/svg\"><path d=\"M838 162C746 71 633 25 500 25 371 25 258 71 163 162 71 254 25 367 25 500 25 633 71 746 163 837 254 929 367 979 500 979 633 979 746 933 838 837 929 746 975 633 975 500 975 367 929 254 838 162M808 192C892 279 933 379 933 500 933 621 892 725 808 808 725 892 621 938 500 938 379 938 279 896 196 808 113 725 67 621 67 500 67 379 108 279 196 192 279 108 383 62 500 62 621 62 721 108 808 192M438 392V642L642 517 438 392Z\"><\/path><\/svg>\t\t\t\t\t\t<\/div>\n\t\t\t\t\t\t\t\t\t<\/div>\n\t\t\t\t\t<\/div>\n\t\t\t\t\t\t<\/div>\n\t\t\t\t<\/div>\n\t\t\t\t<\/div>\n\t\t\t\t<\/div>\n\t\t\t\t<\/div>\n\t\t<div class=\"elementor-element elementor-element-31002707 e-con-full e-flex e-con e-parent\" data-id=\"31002707\" data-element_type=\"container\" data-e-type=\"container\" data-settings=\"{&quot;background_background&quot;:&quot;classic&quot;}\">\n\t\t<div class=\"elementor-element elementor-element-2d605031 e-con-full e-flex e-con e-child\" data-id=\"2d605031\" data-element_type=\"container\" data-e-type=\"container\">\n\t\t\t\t<div class=\"elementor-element elementor-element-7199ac7 elementor-invisible elementor-widget elementor-widget-heading\" data-id=\"7199ac7\" data-element_type=\"widget\" data-e-type=\"widget\" data-settings=\"{&quot;_animation&quot;:&quot;fadeInUp&quot;}\" data-widget_type=\"heading.default\">\n\t\t\t\t\t<h2 class=\"elementor-heading-title elementor-size-default\">STUDIOTABLAS<\/h2>\t\t\t\t<\/div>\n\t\t\t\t<div class=\"elementor-element elementor-element-b6125d9 elementor-invisible elementor-widget elementor-widget-heading\" data-id=\"b6125d9\" data-element_type=\"widget\" data-e-type=\"widget\" data-settings=\"{&quot;_animation&quot;:&quot;fadeInUp&quot;}\" data-widget_type=\"heading.default\">\n\t\t\t\t\t<h2 class=\"elementor-heading-title elementor-size-default\">Frequently Asked Questions<\/h2>\t\t\t\t<\/div>\n\t\t\t\t<\/div>\n\t\t\t\t<div class=\"elementor-element elementor-element-2424a8b2 elementor-widget__width-inherit elementor-widget elementor-widget-toggle\" data-id=\"2424a8b2\" data-element_type=\"widget\" data-e-type=\"widget\" data-widget_type=\"toggle.default\">\n\t\t\t\t\t\t\t<div class=\"elementor-toggle\">\n\t\t\t\t\t\t\t<div class=\"elementor-toggle-item\">\n\t\t\t\t\t<h3 id=\"elementor-tab-title-6061\" class=\"elementor-tab-title\" data-tab=\"1\" role=\"button\" aria-controls=\"elementor-tab-content-6061\" aria-expanded=\"false\">\n\t\t\t\t\t\t\t\t\t\t\t\t<span class=\"elementor-toggle-icon elementor-toggle-icon-right\" aria-hidden=\"true\">\n\t\t\t\t\t\t\t\t\t\t\t\t\t\t\t<span class=\"elementor-toggle-icon-closed\"><i class=\"icon_plus_alt\"><\/i><\/span>\n\t\t\t\t\t\t\t\t<span class=\"elementor-toggle-icon-opened\"><svg class=\"elementor-toggle-icon-opened e-font-icon-svg e-fas-minus\" viewbox=\"0 0 448 512\" xmlns=\"http:\/\/www.w3.org\/2000\/svg\"><path d=\"M416 208H32c-17.67 0-32 14.33-32 32v32c0 17.67 14.33 32 32 32h384c17.67 0 32-14.33 32-32v-32c0-17.67-14.33-32-32-32z\"><\/path><\/svg><\/span>\n\t\t\t\t\t\t\t\t\t\t\t\t\t<\/span>\n\t\t\t\t\t\t\t\t\t\t\t\t<a class=\"elementor-toggle-title\" tabindex=\"0\">What type of custom furniture do you manufacture?<\/a>\n\t\t\t\t\t<\/h3>\n\n\t\t\t\t\t<div id=\"elementor-tab-content-6061\" class=\"elementor-tab-content elementor-clearfix\" data-tab=\"1\" role=\"region\" aria-labelledby=\"elementor-tab-title-6061\"><p class=\"ng-star-inserted\">We design and manufacture freestanding and integrated furniture for interiors and covered exteriors, for both luxury residences and businesses (bookshelves, tables, shelving units, counters). <i data-path-to-node=\"22,0\" data-index-in-node=\"191\">Note: Our focus is on furniture; we do not create structural carpentry elements such as doors, windows, flooring, or pergolas.<\/i><\/p><\/div>\n\t\t\t\t<\/div>\n\t\t\t\t\t\t\t<div class=\"elementor-toggle-item\">\n\t\t\t\t\t<h3 id=\"elementor-tab-title-6062\" class=\"elementor-tab-title\" data-tab=\"2\" role=\"button\" aria-controls=\"elementor-tab-content-6062\" aria-expanded=\"false\">\n\t\t\t\t\t\t\t\t\t\t\t\t<span class=\"elementor-toggle-icon elementor-toggle-icon-right\" aria-hidden=\"true\">\n\t\t\t\t\t\t\t\t\t\t\t\t\t\t\t<span class=\"elementor-toggle-icon-closed\"><i class=\"icon_plus_alt\"><\/i><\/span>\n\t\t\t\t\t\t\t\t<span class=\"elementor-toggle-icon-opened\"><svg class=\"elementor-toggle-icon-opened e-font-icon-svg e-fas-minus\" viewbox=\"0 0 448 512\" xmlns=\"http:\/\/www.w3.org\/2000\/svg\"><path d=\"M416 208H32c-17.67 0-32 14.33-32 32v32c0 17.67 14.33 32 32 32h384c17.67 0 32-14.33 32-32v-32c0-17.67-14.33-32-32-32z\"><\/path><\/svg><\/span>\n\t\t\t\t\t\t\t\t\t\t\t\t\t<\/span>\n\t\t\t\t\t\t\t\t\t\t\t\t<a class=\"elementor-toggle-title\" tabindex=\"0\">Where do you ship your furniture?<\/a>\n\t\t\t\t\t<\/h3>\n\n\t\t\t\t\t<div id=\"elementor-tab-content-6062\" class=\"elementor-tab-content elementor-clearfix\" data-tab=\"2\" role=\"region\" aria-labelledby=\"elementor-tab-title-6062\"><p class=\"ng-star-inserted\">All our furniture is made in our workshop in Granada and shipped anywhere in Spain and Europe. To guarantee the integrity of our pieces, we work exclusively with transport agencies specialized in large-volume logistics and works of art (such as DHL or TSB).<\/p><\/div>\n\t\t\t\t<\/div>\n\t\t\t\t\t\t\t\t<\/div>\n\t\t\t\t\t\t<\/div>\n\t\t\t\t<\/div>\n\t\t\t\t<\/div>","protected":false},"excerpt":{"rendered":"<p>Dise\u00f1o de Mobiliario a Medida Transformamos el roble macizo en piezas de autor. Dise\u00f1amos y fabricamos librer\u00edas, mostradores y soluciones exclusivas para hogares y espacios comerciales. Una ebanister\u00eda contempor\u00e1nea que une la nobleza del material tradicional con la precisi\u00f3n absoluta del dise\u00f1o 3D. \u00c1reas de Especialidad y Dise\u00f1o Residencial y Contract Creaci\u00f3n de piezas \u00fanicas, [&hellip;]<\/p>\n","protected":false},"author":1,"featured_media":4869,"parent":0,"menu_order":0,"comment_status":"closed","ping_status":"closed","template":"elementor_header_footer","meta":{"_acf_changed":false,"footnotes":""},"class_list":["post-4865","page","type-page","status-publish","has-post-thumbnail","hentry"],"acf":[],"jetpack_sharing_enabled":true,"_links":{"self":[{"href":"https:\/\/studiotablas.com\/en\/wp-json\/wp\/v2\/pages\/4865","targetHints":{"allow":["GET"]}}],"collection":[{"href":"https:\/\/studiotablas.com\/en\/wp-json\/wp\/v2\/pages"}],"about":[{"href":"https:\/\/studiotablas.com\/en\/wp-json\/wp\/v2\/types\/page"}],"author":[{"embeddable":true,"href":"https:\/\/studiotablas.com\/en\/wp-json\/wp\/v2\/users\/1"}],"replies":[{"embeddable":true,"href":"https:\/\/studiotablas.com\/en\/wp-json\/wp\/v2\/comments?post=4865"}],"version-history":[{"count":10,"href":"https:\/\/studiotablas.com\/en\/wp-json\/wp\/v2\/pages\/4865\/revisions"}],"predecessor-version":[{"id":4913,"href":"https:\/\/studiotablas.com\/en\/wp-json\/wp\/v2\/pages\/4865\/revisions\/4913"}],"wp:featuredmedia":[{"embeddable":true,"href":"https:\/\/studiotablas.com\/en\/wp-json\/wp\/v2\/media\/4869"}],"wp:attachment":[{"href":"https:\/\/studiotablas.com\/en\/wp-json\/wp\/v2\/media?parent=4865"}],"curies":[{"name":"wp","href":"https:\/\/api.w.org\/{rel}","templated":true}]}}