{"id":2409,"date":"2026-02-02T18:00:27","date_gmt":"2026-02-02T18:00:27","guid":{"rendered":"https:\/\/studiotablas.com\/mi-cuenta\/"},"modified":"2026-04-10T09:12:49","modified_gmt":"2026-04-10T09:12:49","slug":"mi-cuenta","status":"publish","type":"page","link":"https:\/\/studiotablas.com\/en\/mi-cuenta\/","title":{"rendered":"Mi cuenta"},"content":{"rendered":"<div data-elementor-type=\"wp-page\" data-elementor-id=\"2409\" class=\"elementor elementor-2409\" data-elementor-post-type=\"page\">\n\t\t\t\t<div class=\"elementor-element elementor-element-255cf17 e-flex e-con-boxed e-con e-parent\" data-id=\"255cf17\" data-element_type=\"container\" data-e-type=\"container\">\n\t\t\t\t\t<div class=\"e-con-inner\">\n\t\t\t\t<div class=\"elementor-element elementor-element-d037998 e-my-account-tabs-vertical elementor-widget elementor-widget-woocommerce-my-account\" data-id=\"d037998\" data-element_type=\"widget\" data-e-type=\"widget\" data-widget_type=\"woocommerce-my-account.default\">\n\t\t\t\t\t<div class=\"e-my-account-tab e-my-account-tab__\">\t\t\t<div class=\"woocommerce\"><\/div>\t\t<\/div>\n\t\t\t\t\t\t<\/div>\n\t\t\t\t\t<\/div>\n\t\t\t\t<\/div>\n\t\t\t\t<\/div>","protected":false},"excerpt":{"rendered":"<p>Escritorio Pedidos Descargas Direcciones M\u00e9todos de pago Detalles de la cuenta Salir Hola Studiotablas (\u00bfno eres Studiotablas? Cerrar sesi\u00f3n) Desde el escritorio de tu cuenta puedes ver tus pedidos recientes, gestionar tus direcciones de env\u00edo y facturaci\u00f3n y editar tu contrase\u00f1a y los detalles de tu cuenta.<\/p>","protected":false},"author":1,"featured_media":0,"parent":0,"menu_order":0,"comment_status":"closed","ping_status":"closed","template":"elementor_header_footer","meta":{"_acf_changed":false,"footnotes":""},"class_list":["post-2409","page","type-page","status-publish","hentry"],"acf":[],"jetpack_sharing_enabled":true,"_links":{"self":[{"href":"https:\/\/studiotablas.com\/en\/wp-json\/wp\/v2\/pages\/2409","targetHints":{"allow":["GET"]}}],"collection":[{"href":"https:\/\/studiotablas.com\/en\/wp-json\/wp\/v2\/pages"}],"about":[{"href":"https:\/\/studiotablas.com\/en\/wp-json\/wp\/v2\/types\/page"}],"author":[{"embeddable":true,"href":"https:\/\/studiotablas.com\/en\/wp-json\/wp\/v2\/users\/1"}],"replies":[{"embeddable":true,"href":"https:\/\/studiotablas.com\/en\/wp-json\/wp\/v2\/comments?post=2409"}],"version-history":[{"count":30,"href":"https:\/\/studiotablas.com\/en\/wp-json\/wp\/v2\/pages\/2409\/revisions"}],"predecessor-version":[{"id":4528,"href":"https:\/\/studiotablas.com\/en\/wp-json\/wp\/v2\/pages\/2409\/revisions\/4528"}],"wp:attachment":[{"href":"https:\/\/studiotablas.com\/en\/wp-json\/wp\/v2\/media?parent=2409"}],"curies":[{"name":"wp","href":"https:\/\/api.w.org\/{rel}","templated":true}]}}