{"id":2123,"date":"2025-12-10T15:03:57","date_gmt":"2025-12-10T15:03:57","guid":{"rendered":"https:\/\/studiotablas.com\/?page_id=2123"},"modified":"2026-04-07T15:45:28","modified_gmt":"2026-04-07T15:45:28","slug":"politica-de-cookies","status":"publish","type":"page","link":"https:\/\/studiotablas.com\/en\/politica-de-cookies\/","title":{"rendered":"Cookie policy"},"content":{"rendered":"<div data-elementor-type=\"wp-page\" data-elementor-id=\"2123\" class=\"elementor elementor-2123\" data-elementor-post-type=\"page\">\n\t\t\t\t<div class=\"elementor-element elementor-element-9edc72b e-flex e-con-boxed e-con e-parent\" data-id=\"9edc72b\" data-element_type=\"container\" data-e-type=\"container\">\n\t\t\t\t\t<div class=\"e-con-inner\">\n\t\t\t\t<div class=\"elementor-element elementor-element-cfc2d1e elementor-widget elementor-widget-text-editor\" data-id=\"cfc2d1e\" data-element_type=\"widget\" data-e-type=\"widget\" data-widget_type=\"text-editor.default\">\n\t\t\t\t\t\t\t\t\t<p>Mediante el presente aviso en la web Studiotablas. con titular Studiotablas le informa de su pol\u00edtica de cookies, cumpliendo as\u00ed con lo previsto en el art\u00edculo 22.2 de la Ley 34\/2002, de 11 de julio de Servicios de la Sociedad de la Informaci\u00f3n y de Comercio Electr\u00f3nico.<\/p>\t\t\t\t\t\t\t\t<\/div>\n\t\t\t\t<div class=\"elementor-element elementor-element-47ca494 elementor-widget elementor-widget-heading\" data-id=\"47ca494\" data-element_type=\"widget\" data-e-type=\"widget\" data-widget_type=\"heading.default\">\n\t\t\t\t\t<h3 class=\"elementor-heading-title elementor-size-default\">CONCEPTO DE COOKIE<\/h3>\t\t\t\t<\/div>\n\t\t\t\t<div class=\"elementor-element elementor-element-bba76bf elementor-widget elementor-widget-text-editor\" data-id=\"bba76bf\" data-element_type=\"widget\" data-e-type=\"widget\" data-widget_type=\"text-editor.default\">\n\t\t\t\t\t\t\t\t\t<p>Cookie es un fichero que se descarga en su ordenador al acceder a determinadas p\u00e1ginas web. Las cookies permiten a una p\u00e1gina web, entre otras cosas, almacenar y recuperar informaci\u00f3n sobre los h\u00e1bitos de navegaci\u00f3n de un usuario o de su equipo, dependiendo de la informaci\u00f3n que contengan y de la forma en que se utilice su equipo, pueden utilizarse para conocer al usuario. El navegador del usuario memoriza cookies en el disco duro solamente durante la sesi\u00f3n actual ocupando un espacio de memoria m\u00ednimo sin perjudicar su ordenador. Las cookies no contienen ninguna clase de informaci\u00f3n personal espec\u00edfica, y la mayor\u00eda de las mismas se borran del disco duro al finalizar la sesi\u00f3n del navegador.<\/p><p>La mayor\u00eda de los navegadores aceptan como est\u00e1ndar a las cookies, y con independencia de las mismas, permiten o impiden en los ajustes de seguridad las cookies temporales o memorizadas.<\/p><p>Las cookies son instaladas durante la navegaci\u00f3n por Internet, bien por los sitios web que visita el usuario o bien por terceros con los que se relaciona el sitio web, y permiten a \u00e9ste conocer su actividad en el mismo sitio o en otros con los que se relaciona \u00e9ste, por ejemplo: el lugar desde el que accede, el tiempo de conexi\u00f3n, el dispositivo desde el que accede (fijo o m\u00f3vil), el sistema operativo y navegador utilizados, las p\u00e1ginas m\u00e1s visitadas, el n\u00famero de clicks realizados y de datos respecto al comportamiento del usuario en Internet.<\/p>\t\t\t\t\t\t\t\t<\/div>\n\t\t\t\t<div class=\"elementor-element elementor-element-d666bb6 elementor-widget elementor-widget-heading\" data-id=\"d666bb6\" data-element_type=\"widget\" data-e-type=\"widget\" data-widget_type=\"heading.default\">\n\t\t\t\t\t<h3 class=\"elementor-heading-title elementor-size-default\">AUTORIZACI\u00d3N DEL USO DE COOKIES<\/h3>\t\t\t\t<\/div>\n\t\t\t\t<div class=\"elementor-element elementor-element-ced4b61 elementor-widget elementor-widget-text-editor\" data-id=\"ced4b61\" data-element_type=\"widget\" data-e-type=\"widget\" data-widget_type=\"text-editor.default\">\n\t\t\t\t\t\t\t\t\t<p>De conformidad con el aviso de cookies que aparece en el pie de p\u00e1gina o en el encabezado de la misma, el usuario o visitante de los mismos acepta que, al navegar por el mismo, consiente expresamente el uso de cookies seg\u00fan la descripci\u00f3n que se detalla a continuaci\u00f3n, excepto en la medida en que haya modificado la configuraci\u00f3n de su navegador para rechazar su utilizaci\u00f3n.<\/p><p>El usuario que navega por la web puede encontrar cookies insertadas directamente por el Titular, o bien cookies insertadas por entidades distintas a \u00e9sta, seg\u00fan lo detallado en los siguientes apartados:<\/p><p><b>Tipos de Cookies:<\/b><\/p><p>Existen diferentes tipos de cookies, las cuales pueden ser clasificadas seg\u00fan su finalidad a la hora de obtener informaci\u00f3n acerca del usuario:<\/p><p>\u2013\u00a0<b>Cookies t\u00e9cnicas:\u00a0<\/b>Son aquellas que resultan imprescindibles para permitir al usuario la navegaci\u00f3n a trav\u00e9s de una p\u00e1gina web, como por ejemplo, las que permiten almacenar los datos de un pedido online.<\/p><p>\u2013\u00a0<b>Cookies de personalizaci\u00f3n:\u00a0<\/b>Este tipo permite personalizar las funciones o contenidos del sitio web en funci\u00f3n de los datos obtenidos del navegador. Mediante estas cookies podemos presentar un sitio web en el mismo idioma del navegador usado para visitar la web.<\/p><p>\u2013\u00a0<b>Cookies de an\u00e1lisis:\u00a0<\/b>Se utilizan con fines estad\u00edsticos \u00fanicamente. Un claro ejemplo podr\u00eda ser las cookies generadas por el script de seguimiento de Google Analytics<b>.<\/b><\/p><p>\u2013\u00a0<b>Cookies publicitarias y de publicidad comportamental:\u00a0<\/b>Son todas aquellas que tienen como objetivo mejorar la eficacia de los espacios publicitarios. As\u00ed, la red publicitaria de Google o los adservers incluyen este tipo de tecnolog\u00edas para dar el servicio deseado a sus clientes.<\/p><p>Puede obtener m\u00e1s informaci\u00f3n sobre las cookies y su uso en www.aboutcookies.org.<\/p>\t\t\t\t\t\t\t\t<\/div>\n\t\t\t\t<div class=\"elementor-element elementor-element-648aea7 elementor-widget elementor-widget-heading\" data-id=\"648aea7\" data-element_type=\"widget\" data-e-type=\"widget\" data-widget_type=\"heading.default\">\n\t\t\t\t\t<h3 class=\"elementor-heading-title elementor-size-default\">COOKIES UTILIZADAS EN STUDIOTABLAS.COM<\/h3>\t\t\t\t<\/div>\n\t\t\t\t<div class=\"elementor-element elementor-element-9a45682 elementor-widget elementor-widget-text-editor\" data-id=\"9a45682\" data-element_type=\"widget\" data-e-type=\"widget\" data-widget_type=\"text-editor.default\">\n\t\t\t\t\t\t\t\t\t<p>Son aquellas cookies que son enviadas a su ordenador o dispositivo m\u00f3vil y gestionadas exclusivamente por Andaluzia marketing inteligente para el mejor funcionamiento del Sitio Web. La informaci\u00f3n que recabamos se emplea para mejorar la calidad de nuestro servicio y su experiencia como usuario. Estas cookies permanecen en su navegador m\u00e1s tiempo, permitiendo que la plataforma le reconozca como visitante recurrente del Sitio Web y adaptar el contenido para ofrecerle contenidos que se ajusten a sus preferencias.<\/p><p>La cookie propia utilizada es: \u00abhide-whatsapp\u00bb.<\/p><p><b>Cookies anal\u00edticas de terceros<\/b><\/p><p>En andalucia.es tambi\u00e9n se utiliza el sistema de medici\u00f3n de audiencia Google Analytics, una herramienta de an\u00e1lisis web de Google que permite conocer c\u00f3mo interact\u00faan los usuarios de nuestro Sitio Web. Asimismo, habilita cookies en el dominio del sitio en el que se encuentra el usuario y utiliza un conjunto de cookies denominadas \u00ab__utma\u00bb y \u00ab__utmz\u00bb para recopilar informaci\u00f3n de forma an\u00f3nima y elaborar informes de tendencias del Sitio Web sin identificar a usuarios individuales.<\/p><p>Junto con los archivos de registro del servidor, permite conocer el n\u00famero total de usuarios que visitan andalucia.es y aquellas partes del mismo que gozan de mayor popularidad. Gracias a ellas se obtiene una informaci\u00f3n que puede ayudar a mejorar la navegaci\u00f3n y dar un mejor servicio a usuarios y cl\u00ednicas.<\/p><p>Si interact\u00faa con el contenido de Andaluzia.es tambi\u00e9n pueden establecerse cookies de terceros (por ejemplo, al pulsar botones de redes sociales). Las cookies de terceros, son aquellas establecidas por un dominio diferente de nuestro Sitio Web. No podemos acceder a los datos almacenados en las cookies de otros sitios web cuando navegue en los citados sitios web.<\/p><p>Incluimos a continuaci\u00f3n el enlace al sitio web de Google donde puede consultar la descripci\u00f3n del tipo de cookies que utiliza Google Analitycs y su periodo de expiraci\u00f3n:<\/p><p>https:\/\/developers.google.com\/analytics\/devguides\/collection\/analyticsjs\/cookie-usage?hl=es<\/p><p><b>Cookies Zopim<\/b><\/p><p>Cookies utilizadas por la herramienta ZOPIM que almacena un identificador de usuario para poder mantener una sesi\u00f3n de chat.<\/p><ol start=\"5\"><li><b>CONFIGURACI\u00d3N DEL NAVEGADOR:<\/b><\/li><\/ol><p>El Titular recuerda a sus usuarios que el uso de cookies podr\u00e1 estar sujeto a su aceptaci\u00f3n durante la instalaci\u00f3n o actualizaci\u00f3n del navegador utilizado por \u00e9stos.<\/p><p>Esta aceptaci\u00f3n podr\u00e1 ser revocada mediante las opciones de configuraci\u00f3n de contenidos y privacidad disponibles en el mismo. El Titular recomienda a sus usuarios que consulten la ayuda de su navegador o acceda a las p\u00e1ginas web de ayuda de los principales navegadores:<\/p><ol start=\"6\"><li><b>RETIRAR MI CONSENTIMIENTO:<\/b><\/li><\/ol><p>Si quisiese retirar en cualquier momento su consentimiento relacionado con la presente Pol\u00edtica de Cookies, deber\u00e1 eliminar las cookies almacenadas en su equipo (ordenador o dispositivo m\u00f3vil) a trav\u00e9s de los ajustes y configuraciones de su navegador de Internet.<\/p><p>Para mayor informaci\u00f3n sobre la eliminaci\u00f3n, deshabilitaci\u00f3n o bloqueo de las cookies, por favor visite:<\/p><p>http:\/\/www.allaboutcookies.org\/es\/administrar-las-cookies\/<\/p><ol start=\"7\"><li><b>MODIFICACI\u00d3N DE LA CONFIGURACI\u00d3N Y AJUSTES SOBRE COOKIES:<\/b><\/li><\/ol><p>Salvo que haya ajustado la configuraci\u00f3n de su navegador, el sistema crear\u00e1 cookies en cuanto visite el Sitio Web. Tenga presente que todos los navegadores de Internet permiten el cambio de dicha configuraci\u00f3n. Para m\u00e1s informaci\u00f3n sobre la forma de ajustar sus configuraciones de cookies en los siguientes navegadores, le remitimos al enlace pertinente:<\/p><p><b>Internet Explorer<\/b><\/p><ul><li aria-level=\"1\">Internet Explorer 7 http:\/\/www.allaboutcookies.org\/es\/administrar-las-cookies\/internet-explorer7-plus.html<\/li><li aria-level=\"1\">Internet Explorer 8 http:\/\/www.allaboutcookies.org\/es\/administrar-las-cookies\/internet-explorer8-plus.html<\/li><li aria-level=\"1\">Internet Explorer 9 http:\/\/www.allaboutcookies.org\/es\/administrar-las-cookies\/internet-explorer9-plus.html<\/li><li aria-level=\"1\">Internet Explorer 11 https:\/\/support.microsoft.com\/es-es\/help\/17442\/windows-internet-explorer-delete-manage-cookies<\/li><\/ul><p><b>Firefox<\/b><\/p><ul><li aria-level=\"1\">https:\/\/support.mozilla.org\/es\/kb\/habilitar-y-deshabilitar-cookies-sitios-web-rastrear-preferencias<\/li><\/ul><p><b>Chrome<\/b><\/p><ul><li aria-level=\"1\">https:\/\/support.google.com\/chrome\/answer\/95647?co=GENIE.Platform%3DDesktop&amp;hl=es<\/li><\/ul><p><b>Safari<\/b><\/p><ul><li aria-level=\"1\">https:\/\/support.apple.com\/kb\/ph21411?locale=es_ES<\/li><\/ul><p><b>iOS<\/b><\/p><ul><li aria-level=\"1\">https:\/\/support.apple.com\/es-es\/HT201265<\/li><\/ul><ol start=\"8\"><li><b>CAMBIOS EN LA POL\u00cdTICA DE COOKIES:<\/b><\/li><\/ol><p>Es posible que Andaluzia marketing inteligente . actualice la Pol\u00edtica de Cookies del Sitio Web, por ello le recomendamos revisar esta pol\u00edtica cada vez que acceda a la plataforma con el objetivo de estar adecuadamente informado sobre c\u00f3mo y para qu\u00e9 usamos las cookies. La Pol\u00edtica de Cookies se actualiz\u00f3 por \u00faltima vez a fecha 4 de mayo de 2018.<\/p><ol start=\"9\"><li><b>CONTACTO:<\/b><\/li><\/ol><p>Si tuviera alguna duda, comentario o sugerencia sobre la Pol\u00edtica de Cookies, por favor escriba a: hola@andaluzia.es<\/p>\t\t\t\t\t\t\t\t<\/div>\n\t\t\t\t<div class=\"elementor-element elementor-element-c392aac elementor-widget elementor-widget-heading\" data-id=\"c392aac\" data-element_type=\"widget\" data-e-type=\"widget\" data-widget_type=\"heading.default\">\n\t\t\t\t\t<h3 class=\"elementor-heading-title elementor-size-default\">\u00bfDE D\u00d3NDE OBTENEMOS TUS DATOS?<\/h3>\t\t\t\t<\/div>\n\t\t\t\t<div class=\"elementor-element elementor-element-e101023 elementor-widget elementor-widget-text-editor\" data-id=\"e101023\" data-element_type=\"widget\" data-e-type=\"widget\" data-widget_type=\"text-editor.default\">\n\t\t\t\t\t\t\t\t\t<p>Obtenemos tus datos cuando nos los facilita al darte de alta como Cliente o contactas con nosotros a trav\u00e9s de la p\u00e1gina web o redes sociales.<\/p><p>Tambi\u00e9n cuando nos haces llegar tu curr\u00edculum para posibles procesos de selecci\u00f3n de personal<\/p>\t\t\t\t\t\t\t\t<\/div>\n\t\t\t\t<div class=\"elementor-element elementor-element-0a804bc elementor-widget elementor-widget-heading\" data-id=\"0a804bc\" data-element_type=\"widget\" data-e-type=\"widget\" data-widget_type=\"heading.default\">\n\t\t\t\t\t<h3 class=\"elementor-heading-title elementor-size-default\">\u00bfCu\u00e1les son tus derechos y c\u00f3mo puedes ejercitarlos?\n<\/h3>\t\t\t\t<\/div>\n\t\t\t\t<div class=\"elementor-element elementor-element-0913c5b elementor-widget elementor-widget-text-editor\" data-id=\"0913c5b\" data-element_type=\"widget\" data-e-type=\"widget\" data-widget_type=\"text-editor.default\">\n\t\t\t\t\t\t\t\t\t<p>Te informamos que tienes derecho a obtener confirmaci\u00f3n sobre si estamos tratando datos personales que te conciernen o no.\u00a0<\/p><p>Podr\u00e1s acceder, rectificar, suprimir y oponerte a determinados tratamientos, as\u00ed como ejercer tu derecho a la limitaci\u00f3n del tratamiento, a la portabilidad y a no ser objeto de una decisi\u00f3n individual basada \u00fanicamente en un tratamiento automatizado.<\/p><ul><li aria-level=\"1\">Acceder a tus datos: Tienes derecho a acceder a tus datos para conocer qu\u00e9 datos personales estamos tratando que te conciernan.<\/li><li aria-level=\"1\">Solicitar la rectificaci\u00f3n o supresi\u00f3n de tus datos: En determinadas circunstancias, tienes derecho a rectificar aquellos datos personales que consideres inexactos y que sean objeto de tratamiento por parte nuestra, as\u00ed como derecho a solicitar la supresi\u00f3n de tus datos cuando, entre otros motivos, los datos ya no sean necesarios para los fines que fueron recogidos.<\/li><li aria-level=\"1\">Solicitar la limitaci\u00f3n del tratamiento de tus datos: En determinadas circunstancias, tendr\u00e1s derecho a solicitarnos la limitaci\u00f3n del tratamiento de tus datos, en cuyo caso le informamos que \u00fanicamente conservaremos los datos sobre los que hayas solicitado limitaci\u00f3n en el tratamiento para el ejercicio o defensa de reclamaciones.<\/li><li aria-level=\"1\">A la portabilidad de tus datos: En determinadas circunstancias, tendr\u00e1s derecho a recibir los datos personales que te incumban, y que nos hayas facilitado, en un formato estructurado de uso com\u00fan y lectura mec\u00e1nica, as\u00ed como a que sean transmitidos por parte nuestra a otro responsable del tratamiento.\u00a0<\/li><li aria-level=\"1\">Oponerte al tratamiento de tus datos: En determinadas circunstancias y por motivos relacionados con tu situaci\u00f3n particular, tendr\u00e1s derecho a oponerte al tratamiento de tus datos. En ese\u00a0 caso, dejar\u00edamos de tratarlos salvo que debamos continuar haci\u00e9ndolo por motivos leg\u00edtimos imperiosos o para el ejercicio o la defensa de posibles reclamaciones.<\/li><\/ul><p>Adem\u00e1s, en cualquier momento podr\u00e1s retirar el consentimiento para el env\u00edo de comunicaciones comerciales.<\/p><p>Cualquier persona interesada puede presentar una reclamaci\u00f3n ante la Agencia Espa\u00f1ola de Protecci\u00f3n de Datos, especialmente cuando no est\u00e9 satisfecha con el ejercicio de los derechos. Para m\u00e1s detalle consulte la p\u00e1gina web\u00a0<a href=\"http:\/\/www.agpd.es\/\" target=\"_blank\" rel=\"noopener\">www.agpd.es<\/a>.<\/p>\t\t\t\t\t\t\t\t<\/div>\n\t\t\t\t<div class=\"elementor-element elementor-element-c896364 elementor-widget elementor-widget-heading\" data-id=\"c896364\" data-element_type=\"widget\" data-e-type=\"widget\" data-widget_type=\"heading.default\">\n\t\t\t\t\t<h3 class=\"elementor-heading-title elementor-size-default\">\u00bfDurante cu\u00e1nto tiempo conservamos tus datos?\n<\/h3>\t\t\t\t<\/div>\n\t\t\t\t<div class=\"elementor-element elementor-element-5a2de2d elementor-widget elementor-widget-text-editor\" data-id=\"5a2de2d\" data-element_type=\"widget\" data-e-type=\"widget\" data-widget_type=\"text-editor.default\">\n\t\t\t\t\t\t\t\t\t<p>Studiotablas conservar\u00e1 tu informaci\u00f3n mientras seas cliente, bloqueando los datos cuando dejes de serlo y borr\u00e1ndolos toda vez que hayan prescrito posibles acciones judiciales y extrajudiciales que pudieran generarse.<\/p><p>Si eres solicitante de empleo: Hasta el fin del proceso de selecci\u00f3n y, en su caso, hasta 3 a\u00f1os m\u00e1s.<\/p><p>Si has contactado con nosotros a trav\u00e9s de la web o redes sociales: Hasta que termine el tratamiento o solicites la supresi\u00f3n de tus datos.<\/p><p>\u201cStudiotablas\u201d tambi\u00e9n deber\u00e1 conservar determinada informaci\u00f3n en base a requerimientos legales.<\/p><p>\u201cStudiotablas\u201d cumple con las directrices del Reglamento (UE) 2016\/679 del Parlamento Europeo y del Consejo, de 27 de abril de 2016 relativo a la protecci\u00f3n de las personas f\u00edsicas en lo que respecta al tratamiento de datos personales y a la libre circulaci\u00f3n de estos datos (RGPD), as\u00ed como la Ley Org\u00e1nica de Protecci\u00f3n de Datos y dem\u00e1s normativa vigente en cada momento, y vela por garantizar el correcto uso y tratamiento de los datos personales del usuario. Para ello, junto a cada formulario de recabo de datos de car\u00e1cter personal, en los servicios que el usuario pueda solicitar a hola@andaluzia.es, har\u00e1 saber al usuario, seg\u00fan lo dispuesto en el art\u00edculo 15.1 del RGPD, lo siguiente: (i) los fines del tratamiento; (ii) las categor\u00edas de datos personales de que se trate; (iii) los destinatarios o las categor\u00edas de destinatarios a los que se comunicaron o ser\u00e1n comunicados los datos personales, en particular destinatarios en terceros pa\u00edses u organizaciones internacionales; (iv) el plazo de conservaci\u00f3n de los datos personales o, de no ser posible, los criterios utilizados para determinar este plazo; (v) la existencia del derecho a solicitar del responsable la rectificaci\u00f3n o supresi\u00f3n de los datos personales o la limitaci\u00f3n del tratamiento de datos personales relativos al interesado, o a oponerse a dicho tratamiento; (vi) el derecho a presentar una reclamaci\u00f3n ante una autoridad de control; (vii) cuando los datos personales no se hayan obtenido del interesado, cualquier informaci\u00f3n disponible sobre su origen; (viii) la existencia de decisiones automatizadas, incluida la elaboraci\u00f3n de perfiles a la que se refiere el art\u00edculo 22.1 y 4 del RGPD, y, al menos en tales casos, informaci\u00f3n significativa sobre la l\u00f3gica aplicada, as\u00ed como la importancia y las consecuencias previstas de dicho tratamiento para el interesado.<\/p><p>Asimismo, \u201cStudiotablas\u201d. informa que da cumplimiento a la ley 34\/2002 de 11 de julio, de Servicios de la Sociedad de la Informaci\u00f3n y el Comercio Electr\u00f3nico y le solicitar\u00e1 su consentimiento al tratamiento de su correo electr\u00f3nico con fines comerciales en cada momento.<\/p>\t\t\t\t\t\t\t\t<\/div>\n\t\t\t\t\t<\/div>\n\t\t\t\t<\/div>\n\t\t\t\t<\/div>","protected":false},"excerpt":{"rendered":"<p>Mediante el presente aviso en la web Studiotablas. con titular Studiotablas le informa de su pol\u00edtica de cookies, cumpliendo as\u00ed con lo previsto en el art\u00edculo 22.2 de la Ley 34\/2002, de 11 de julio de Servicios de la Sociedad de la Informaci\u00f3n y de Comercio Electr\u00f3nico. CONCEPTO DE COOKIE Cookie es un fichero que [&hellip;]<\/p>\n","protected":false},"author":1,"featured_media":1901,"parent":0,"menu_order":0,"comment_status":"closed","ping_status":"closed","template":"","meta":{"_acf_changed":false,"footnotes":""},"class_list":["post-2123","page","type-page","status-publish","has-post-thumbnail","hentry"],"acf":[],"jetpack_sharing_enabled":true,"_links":{"self":[{"href":"https:\/\/studiotablas.com\/en\/wp-json\/wp\/v2\/pages\/2123","targetHints":{"allow":["GET"]}}],"collection":[{"href":"https:\/\/studiotablas.com\/en\/wp-json\/wp\/v2\/pages"}],"about":[{"href":"https:\/\/studiotablas.com\/en\/wp-json\/wp\/v2\/types\/page"}],"author":[{"embeddable":true,"href":"https:\/\/studiotablas.com\/en\/wp-json\/wp\/v2\/users\/1"}],"replies":[{"embeddable":true,"href":"https:\/\/studiotablas.com\/en\/wp-json\/wp\/v2\/comments?post=2123"}],"version-history":[{"count":13,"href":"https:\/\/studiotablas.com\/en\/wp-json\/wp\/v2\/pages\/2123\/revisions"}],"predecessor-version":[{"id":4355,"href":"https:\/\/studiotablas.com\/en\/wp-json\/wp\/v2\/pages\/2123\/revisions\/4355"}],"wp:featuredmedia":[{"embeddable":true,"href":"https:\/\/studiotablas.com\/en\/wp-json\/wp\/v2\/media\/1901"}],"wp:attachment":[{"href":"https:\/\/studiotablas.com\/en\/wp-json\/wp\/v2\/media?parent=2123"}],"curies":[{"name":"wp","href":"https:\/\/api.w.org\/{rel}","templated":true}]}}