{"id":1728,"date":"2025-10-14T21:44:46","date_gmt":"2025-10-14T21:44:46","guid":{"rendered":"https:\/\/studiotablas.com\/?page_id=1728"},"modified":"2025-10-15T19:01:41","modified_gmt":"2025-10-15T19:01:41","slug":"coleccion-mode","status":"publish","type":"page","link":"https:\/\/studiotablas.com\/en\/coleccion-mode\/","title":{"rendered":"Colecci\u00f3n Mode"},"content":{"rendered":"<div data-elementor-type=\"wp-page\" data-elementor-id=\"1728\" class=\"elementor elementor-1728\" data-elementor-post-type=\"page\">\n\t\t\t\t<div class=\"elementor-element elementor-element-0aca46f e-flex e-con-boxed e-con e-parent\" data-id=\"0aca46f\" data-element_type=\"container\" data-e-type=\"container\">\n\t\t\t\t\t<div class=\"e-con-inner\">\n\t\t<div class=\"elementor-element elementor-element-9773dbd e-con-full e-flex e-con e-child\" data-id=\"9773dbd\" data-element_type=\"container\" data-e-type=\"container\">\n\t\t\t\t<div class=\"elementor-element elementor-element-68b10de elementor-widget__width-inherit elementor-widget-mobile__width-auto elementor-widget elementor-widget-heading\" data-id=\"68b10de\" data-element_type=\"widget\" data-e-type=\"widget\" data-widget_type=\"heading.default\">\n\t\t\t\t\t<h2 class=\"elementor-heading-title elementor-size-default\">Mode<br>\n <span class=\"tofarver\">\n<\/span><\/h2>\t\t\t\t<\/div>\n\t\t\t\t<\/div>\n\t\t\t\t\t<\/div>\n\t\t\t\t<\/div>\n\t\t<div class=\"elementor-element elementor-element-5e7768f e-flex e-con-boxed e-con e-parent\" data-id=\"5e7768f\" data-element_type=\"container\" data-e-type=\"container\" data-settings=\"{&quot;background_background&quot;:&quot;classic&quot;}\">\n\t\t\t\t\t<div class=\"e-con-inner\">\n\t\t<div class=\"elementor-element elementor-element-391d5c5 e-con-full e-flex e-con e-child\" data-id=\"391d5c5\" data-element_type=\"container\" data-e-type=\"container\">\n\t\t<div class=\"elementor-element elementor-element-42c4604 e-con-full e-flex e-con e-child\" data-id=\"42c4604\" data-element_type=\"container\" data-e-type=\"container\">\n\t\t\t\t<div class=\"elementor-element elementor-element-6543903 elementor-widget elementor-widget-image\" data-id=\"6543903\" data-element_type=\"widget\" data-e-type=\"widget\" data-widget_type=\"image.default\">\n\t\t\t\t\t\t\t\t\t\t\t\t\t\t\t\t<a href=\"https:\/\/studiotablas.com\/en\/mesa-redonda\/\">\n\t\t\t\t\t\t\t<img fetchpriority=\"high\" decoding=\"async\" width=\"1536\" height=\"864\" src=\"https:\/\/studiotablas.com\/wp-content\/uploads\/2025\/10\/Mesa-redonda4-1536x864.webp\" class=\"attachment-1536x1536 size-1536x1536 wp-image-1714\" alt=\"Round Table\" srcset=\"https:\/\/studiotablas.com\/wp-content\/uploads\/2025\/10\/Mesa-redonda4-1536x864.webp 1536w, https:\/\/studiotablas.com\/wp-content\/uploads\/2025\/10\/Mesa-redonda4-600x338.webp 600w, https:\/\/studiotablas.com\/wp-content\/uploads\/2025\/10\/Mesa-redonda4-300x169.webp 300w, https:\/\/studiotablas.com\/wp-content\/uploads\/2025\/10\/Mesa-redonda4-1024x576.webp 1024w, https:\/\/studiotablas.com\/wp-content\/uploads\/2025\/10\/Mesa-redonda4-768x432.webp 768w, https:\/\/studiotablas.com\/wp-content\/uploads\/2025\/10\/Mesa-redonda4.webp 1920w\" sizes=\"(max-width: 1536px) 100vw, 1536px\" \/>\t\t\t\t\t\t\t\t<\/a>\n\t\t\t\t\t\t\t\t\t\t\t\t\t\t\t<\/div>\n\t\t<div class=\"elementor-element elementor-element-2e3a0c1 e-con-full e-flex e-con e-child\" data-id=\"2e3a0c1\" data-element_type=\"container\" data-e-type=\"container\" data-settings=\"{&quot;background_background&quot;:&quot;classic&quot;,&quot;position&quot;:&quot;absolute&quot;}\">\n\t\t\t\t<div class=\"elementor-element elementor-element-563ee03 elementor-icon-list--layout-inline elementor-list-item-link-full_width elementor-widget elementor-widget-icon-list\" data-id=\"563ee03\" data-element_type=\"widget\" data-e-type=\"widget\" data-widget_type=\"icon-list.default\">\n\t\t\t\t\t\t\t<ul class=\"elementor-icon-list-items elementor-inline-items\">\n\t\t\t\t\t\t\t<li class=\"elementor-icon-list-item elementor-inline-item\">\n\t\t\t\t\t\t\t\t\t\t\t<a href=\"https:\/\/studiotablas.com\/en\/mesa-redonda\/\">\n\n\t\t\t\t\t\t\t\t\t\t\t<span class=\"elementor-icon-list-text\">Mode<\/span>\n\t\t\t\t\t\t\t\t\t\t\t<\/a>\n\t\t\t\t\t\t\t\t\t<\/li>\n\t\t\t\t\t\t<\/ul>\n\t\t\t\t\t\t<\/div>\n\t\t\t\t<\/div>\n\t\t\t\t<div class=\"elementor-element elementor-element-a8ecb5a elementor-absolute elementor-widget elementor-widget-button\" data-id=\"a8ecb5a\" data-element_type=\"widget\" data-e-type=\"widget\" data-settings=\"{&quot;_position&quot;:&quot;absolute&quot;}\" data-widget_type=\"button.default\">\n\t\t\t\t\t\t\t\t\t\t<a class=\"elementor-button elementor-button-link elementor-size-sm\" href=\"https:\/\/studiotablas.com\/en\/mesa-redonda\/\">\n\t\t\t\t\t\t<span class=\"elementor-button-content-wrapper\">\n\t\t\t\t\t\t<span class=\"elementor-button-icon\">\n\t\t\t\t<i aria-hidden=\"true\" class=\"lnr lnr-cart\"><\/i>\t\t\t<\/span>\n\t\t\t\t\t\t\t\t\t<span class=\"elementor-button-text\">Explore <\/span>\n\t\t\t\t\t<\/span>\n\t\t\t\t\t<\/a>\n\t\t\t\t\t\t\t\t<\/div>\n\t\t\t\t<div class=\"elementor-element elementor-element-d8d8364 elementor-widget elementor-widget-text-editor\" data-id=\"d8d8364\" data-element_type=\"widget\" data-e-type=\"widget\" data-widget_type=\"text-editor.default\">\n\t\t\t\t\t\t\t\t\t<p>Round Table<\/p>\t\t\t\t\t\t\t\t<\/div>\n\t\t\t\t<\/div>\n\t\t\t\t<\/div>\n\t\t<div class=\"elementor-element elementor-element-4412b46 e-con-full e-flex e-con e-child\" data-id=\"4412b46\" data-element_type=\"container\" data-e-type=\"container\">\n\t\t<div class=\"elementor-element elementor-element-6bc49de e-con-full e-flex e-con e-child\" data-id=\"6bc49de\" data-element_type=\"container\" data-e-type=\"container\">\n\t\t\t\t<div class=\"elementor-element elementor-element-36de2e3 elementor-widget elementor-widget-image\" data-id=\"36de2e3\" data-element_type=\"widget\" data-e-type=\"widget\" data-widget_type=\"image.default\">\n\t\t\t\t\t\t\t\t\t\t\t\t\t\t\t\t<a href=\"https:\/\/studiotablas.com\/en\/mesa-extensible-redonda\/\">\n\t\t\t\t\t\t\t<img decoding=\"async\" width=\"800\" height=\"450\" src=\"https:\/\/studiotablas.com\/wp-content\/uploads\/2025\/10\/Mesa-extensible-redonda1-1024x576.webp\" class=\"attachment-large size-large wp-image-1772\" alt=\"La mesa extensible redonda de Mode\" srcset=\"https:\/\/studiotablas.com\/wp-content\/uploads\/2025\/10\/Mesa-extensible-redonda1-1024x576.webp 1024w, https:\/\/studiotablas.com\/wp-content\/uploads\/2025\/10\/Mesa-extensible-redonda1-600x338.webp 600w, https:\/\/studiotablas.com\/wp-content\/uploads\/2025\/10\/Mesa-extensible-redonda1-300x169.webp 300w, https:\/\/studiotablas.com\/wp-content\/uploads\/2025\/10\/Mesa-extensible-redonda1-768x432.webp 768w, https:\/\/studiotablas.com\/wp-content\/uploads\/2025\/10\/Mesa-extensible-redonda1-1536x864.webp 1536w, https:\/\/studiotablas.com\/wp-content\/uploads\/2025\/10\/Mesa-extensible-redonda1.webp 1920w\" sizes=\"(max-width: 800px) 100vw, 800px\" \/>\t\t\t\t\t\t\t\t<\/a>\n\t\t\t\t\t\t\t\t\t\t\t\t\t\t\t<\/div>\n\t\t<div class=\"elementor-element elementor-element-7331ce5 e-con-full e-flex e-con e-child\" data-id=\"7331ce5\" data-element_type=\"container\" data-e-type=\"container\" data-settings=\"{&quot;background_background&quot;:&quot;classic&quot;,&quot;position&quot;:&quot;absolute&quot;}\">\n\t\t\t\t<div class=\"elementor-element elementor-element-ed6f595 elementor-icon-list--layout-inline elementor-list-item-link-full_width elementor-widget elementor-widget-icon-list\" data-id=\"ed6f595\" data-element_type=\"widget\" data-e-type=\"widget\" data-widget_type=\"icon-list.default\">\n\t\t\t\t\t\t\t<ul class=\"elementor-icon-list-items elementor-inline-items\">\n\t\t\t\t\t\t\t<li class=\"elementor-icon-list-item elementor-inline-item\">\n\t\t\t\t\t\t\t\t\t\t\t<a href=\"https:\/\/studiotablas.com\/en\/mesa-extensible-redonda\/\">\n\n\t\t\t\t\t\t\t\t\t\t\t<span class=\"elementor-icon-list-text\">Mode<\/span>\n\t\t\t\t\t\t\t\t\t\t\t<\/a>\n\t\t\t\t\t\t\t\t\t<\/li>\n\t\t\t\t\t\t<\/ul>\n\t\t\t\t\t\t<\/div>\n\t\t\t\t<\/div>\n\t\t\t\t<div class=\"elementor-element elementor-element-41937db elementor-absolute elementor-widget elementor-widget-button\" data-id=\"41937db\" data-element_type=\"widget\" data-e-type=\"widget\" data-settings=\"{&quot;_position&quot;:&quot;absolute&quot;}\" data-widget_type=\"button.default\">\n\t\t\t\t\t\t\t\t\t\t<a class=\"elementor-button elementor-button-link elementor-size-sm\" href=\"https:\/\/studiotablas.com\/en\/mesa-extensible-redonda\/\">\n\t\t\t\t\t\t<span class=\"elementor-button-content-wrapper\">\n\t\t\t\t\t\t<span class=\"elementor-button-icon\">\n\t\t\t\t<i aria-hidden=\"true\" class=\"lnr lnr-cart\"><\/i>\t\t\t<\/span>\n\t\t\t\t\t\t\t\t\t<span class=\"elementor-button-text\">Explore <\/span>\n\t\t\t\t\t<\/span>\n\t\t\t\t\t<\/a>\n\t\t\t\t\t\t\t\t<\/div>\n\t\t\t\t<div class=\"elementor-element elementor-element-16d2837 elementor-widget elementor-widget-text-editor\" data-id=\"16d2837\" data-element_type=\"widget\" data-e-type=\"widget\" data-widget_type=\"text-editor.default\">\n\t\t\t\t\t\t\t\t\t<p>Round Extendable Table<\/p>\t\t\t\t\t\t\t\t<\/div>\n\t\t\t\t<\/div>\n\t\t\t\t<\/div>\n\t\t\t\t\t<\/div>\n\t\t\t\t<\/div>\n\t\t\t\t<\/div>","protected":false},"excerpt":{"rendered":"<p>Descubre la Colecci\u00f3n Mode de Studio Tablas: tablas \u00fanicas que combinan dise\u00f1o, funcionalidad y estilo contempor\u00e1neo. Inspiraci\u00f3n natural y acabados premium para cada espacio.<\/p>","protected":false},"author":1,"featured_media":1711,"parent":0,"menu_order":0,"comment_status":"open","ping_status":"closed","template":"elementor_header_footer","meta":{"_acf_changed":false,"footnotes":""},"class_list":["post-1728","page","type-page","status-publish","has-post-thumbnail","hentry"],"acf":[],"jetpack_sharing_enabled":true,"_links":{"self":[{"href":"https:\/\/studiotablas.com\/en\/wp-json\/wp\/v2\/pages\/1728","targetHints":{"allow":["GET"]}}],"collection":[{"href":"https:\/\/studiotablas.com\/en\/wp-json\/wp\/v2\/pages"}],"about":[{"href":"https:\/\/studiotablas.com\/en\/wp-json\/wp\/v2\/types\/page"}],"author":[{"embeddable":true,"href":"https:\/\/studiotablas.com\/en\/wp-json\/wp\/v2\/users\/1"}],"replies":[{"embeddable":true,"href":"https:\/\/studiotablas.com\/en\/wp-json\/wp\/v2\/comments?post=1728"}],"version-history":[{"count":22,"href":"https:\/\/studiotablas.com\/en\/wp-json\/wp\/v2\/pages\/1728\/revisions"}],"predecessor-version":[{"id":1809,"href":"https:\/\/studiotablas.com\/en\/wp-json\/wp\/v2\/pages\/1728\/revisions\/1809"}],"wp:featuredmedia":[{"embeddable":true,"href":"https:\/\/studiotablas.com\/en\/wp-json\/wp\/v2\/media\/1711"}],"wp:attachment":[{"href":"https:\/\/studiotablas.com\/en\/wp-json\/wp\/v2\/media?parent=1728"}],"curies":[{"name":"wp","href":"https:\/\/api.w.org\/{rel}","templated":true}]}}