{"id":17,"date":"2025-09-07T14:51:43","date_gmt":"2025-09-07T14:51:43","guid":{"rendered":"https:\/\/studiotablas.com\/?page_id=17"},"modified":"2026-04-02T16:21:43","modified_gmt":"2026-04-02T16:21:43","slug":"colecciones","status":"publish","type":"page","link":"https:\/\/studiotablas.com\/en\/colecciones\/","title":{"rendered":"Collections"},"content":{"rendered":"\t\t<div data-elementor-type=\"wp-page\" data-elementor-id=\"17\" class=\"elementor elementor-17\" data-elementor-post-type=\"page\">\n\t\t\t\t<div class=\"elementor-element elementor-element-8484be8 e-con-full e-flex e-con e-parent\" data-id=\"8484be8\" data-element_type=\"container\" data-e-type=\"container\">\n\t\t<div class=\"elementor-element elementor-element-70c9745 e-flex e-con-boxed e-con e-child\" data-id=\"70c9745\" data-element_type=\"container\" data-e-type=\"container\">\n\t\t\t\t\t<div class=\"e-con-inner\">\n\t\t\t\t<div class=\"elementor-element elementor-element-87fc3ac elementor-widget__width-initial elementor-widget elementor-widget-heading\" data-id=\"87fc3ac\" data-element_type=\"widget\" data-e-type=\"widget\" data-widget_type=\"heading.default\">\n\t\t\t\t\t<h1 class=\"elementor-heading-title elementor-size-default\">Colecciones de Studiotablas<\/h1>\t\t\t\t<\/div>\n\t\t\t\t\t<\/div>\n\t\t\t\t<\/div>\n\t\t<div class=\"elementor-element elementor-element-7ed0ba7 e-flex e-con-boxed e-con e-child\" data-id=\"7ed0ba7\" data-element_type=\"container\" data-e-type=\"container\">\n\t\t\t\t\t<div class=\"e-con-inner\">\n\t\t\t\t<div class=\"elementor-element elementor-element-83bb796 elementor-widget elementor-widget-button\" data-id=\"83bb796\" data-element_type=\"widget\" data-e-type=\"widget\" data-widget_type=\"button.default\">\n\t\t\t\t\t\t\t\t\t\t<a class=\"elementor-button elementor-button-link elementor-size-sm\" href=\"https:\/\/studiotablas.com\/\">\n\t\t\t\t\t\t<span class=\"elementor-button-content-wrapper\">\n\t\t\t\t\t\t\t\t\t<span class=\"elementor-button-text\">volver al inicio<\/span>\n\t\t\t\t\t<\/span>\n\t\t\t\t\t<\/a>\n\t\t\t\t\t\t\t\t<\/div>\n\t\t\t\t\t<\/div>\n\t\t\t\t<\/div>\n\t\t\t\t<\/div>\n\t\t<div class=\"elementor-element elementor-element-b519b23 e-con-full e-flex e-con e-parent\" data-id=\"b519b23\" data-element_type=\"container\" data-e-type=\"container\">\n\t\t<div class=\"elementor-element elementor-element-221feb7 e-con-full e-flex e-con e-child\" data-id=\"221feb7\" data-element_type=\"container\" data-e-type=\"container\" data-settings=\"{&quot;background_background&quot;:&quot;classic&quot;}\">\n\t\t\t\t<div class=\"elementor-element elementor-element-ada9458 elementor-widget elementor-widget-html\" data-id=\"ada9458\" data-element_type=\"widget\" data-e-type=\"widget\" data-widget_type=\"html.default\">\n\t\t\t\t\t<script>\ndocument.addEventListener('DOMContentLoaded', function() {\n    \/\/ Configuraci\u00f3n de productos (ID del contenedor : URL de destino)\n    const productos = {\n        'mesa-luma': 'https:\/\/studiotablas.com\/producto\/mesa-de-centro-luma\/'\n        \/\/ Aqu\u00ed iremos a\u00f1adiendo los siguientes...\n    };\n\n    \/\/ Recorremos la lista para aplicar la l\u00f3gica\n    for (const [id, url] of Object.entries(productos)) {\n        const elemento = document.getElementById(id);\n        \n        if (elemento) {\n            \/\/ Estilo de mano al pasar el rat\u00f3n\n            elemento.style.cursor = 'pointer';\n            \n            \/\/ Evento de clic\n            elemento.onclick = function() {\n                window.location.href = url;\n            };\n            \n            \/\/ Efecto hover sutil (opcional)\n            elemento.onmouseenter = function() { this.style.opacity = '0.9'; };\n            elemento.onmouseleave = function() { this.style.opacity = '1'; };\n        }\n    }\n});\n<\/script>\t\t\t\t<\/div>\n\t\t\t\t<\/div>\n\t\t<div class=\"elementor-element elementor-element-bde163c e-con-full e-flex e-con e-child\" data-id=\"bde163c\" data-element_type=\"container\" data-e-type=\"container\">\n\t\t\t\t<div class=\"elementor-element elementor-element-b2c4c8a elementor-widget elementor-widget-heading\" data-id=\"b2c4c8a\" data-element_type=\"widget\" data-e-type=\"widget\" data-widget_type=\"heading.default\">\n\t\t\t\t\t<h2 class=\"elementor-heading-title elementor-size-default\">Luma<\/h2>\t\t\t\t<\/div>\n\t\t\t\t<div class=\"elementor-element elementor-element-85b6a82 elementor-widget__width-initial elementor-widget elementor-widget-text-editor\" data-id=\"85b6a82\" data-element_type=\"widget\" data-e-type=\"widget\" data-widget_type=\"text-editor.default\">\n\t\t\t\t\t\t\t\t\t<p><span style=\"font-weight: 400;\">L\u00edneas limpias, proporciones contenidas y una est\u00e9tica serena definen la Serie Luma.<\/span><\/p><p><span style=\"font-weight: 400;\">Piezas en roble macizo pensadas para convivir con naturalidad en espacios contempor\u00e1neos, aportando equilibrio y calidez sin imponerse.<\/span><\/p>\t\t\t\t\t\t\t\t<\/div>\n\t\t<div class=\"elementor-element elementor-element-8a0462b e-con-full e-flex e-con e-child\" data-id=\"8a0462b\" data-element_type=\"container\" data-e-type=\"container\">\n\t\t\t\t<div class=\"elementor-element elementor-element-9a2b78e elementor-widget elementor-widget-button\" data-id=\"9a2b78e\" data-element_type=\"widget\" data-e-type=\"widget\" data-widget_type=\"button.default\">\n\t\t\t\t\t\t\t\t\t\t<a class=\"elementor-button elementor-button-link elementor-size-sm\" href=\"https:\/\/studiotablas.com\/coleccion-luma\/\">\n\t\t\t\t\t\t<span class=\"elementor-button-content-wrapper\">\n\t\t\t\t\t\t\t\t\t<span class=\"elementor-button-text\">Ver colecci\u00f3n<\/span>\n\t\t\t\t\t<\/span>\n\t\t\t\t\t<\/a>\n\t\t\t\t\t\t\t\t<\/div>\n\t\t\t\t<\/div>\n\t\t\t\t<\/div>\n\t\t\t\t<\/div>\n\t\t<div class=\"elementor-element elementor-element-b4f920b e-con-full elementor-hidden-mobile e-flex e-con e-parent\" data-id=\"b4f920b\" data-element_type=\"container\" data-e-type=\"container\">\n\t\t<div class=\"elementor-element elementor-element-99b1207 e-con-full e-flex e-con e-child\" data-id=\"99b1207\" data-element_type=\"container\" data-e-type=\"container\">\n\t\t\t\t<div class=\"elementor-element elementor-element-057d97d elementor-widget elementor-widget-heading\" data-id=\"057d97d\" data-element_type=\"widget\" data-e-type=\"widget\" data-widget_type=\"heading.default\">\n\t\t\t\t\t<h2 class=\"elementor-heading-title elementor-size-default\">Norma<\/h2>\t\t\t\t<\/div>\n\t\t\t\t<div class=\"elementor-element elementor-element-7be347e elementor-widget__width-initial elementor-widget elementor-widget-text-editor\" data-id=\"7be347e\" data-element_type=\"widget\" data-e-type=\"widget\" data-widget_type=\"text-editor.default\">\n\t\t\t\t\t\t\t\t\t<p><span style=\"font-weight: 400;\">Roble macizo, l\u00edneas estructurales y una presencia sobria definen la Serie Norma.<\/span><\/p><p><span style=\"font-weight: 400;\">Pensada para espacios que valoran la funcionalidad sin renunciar al car\u00e1cter, esta colecci\u00f3n de mesas de comedor combina proporci\u00f3n, solidez y elegancia contenida.<\/span><\/p><p><span style=\"font-weight: 400;\">Disponible en versi\u00f3n fija o extensible, cada mesa se fabrica a medida y se env\u00eda con patas desmontables.<\/span><\/p>\t\t\t\t\t\t\t\t<\/div>\n\t\t<div class=\"elementor-element elementor-element-cedc896 e-con-full e-flex e-con e-child\" data-id=\"cedc896\" data-element_type=\"container\" data-e-type=\"container\">\n\t\t\t\t<div class=\"elementor-element elementor-element-b41818c elementor-widget elementor-widget-button\" data-id=\"b41818c\" data-element_type=\"widget\" data-e-type=\"widget\" data-widget_type=\"button.default\">\n\t\t\t\t\t\t\t\t\t\t<a class=\"elementor-button elementor-button-link elementor-size-sm\" href=\"https:\/\/studiotablas.com\/producto\/mesa-redonda-extensible-norma\/\">\n\t\t\t\t\t\t<span class=\"elementor-button-content-wrapper\">\n\t\t\t\t\t\t\t\t\t<span class=\"elementor-button-text\">Ver colecci\u00f3n<\/span>\n\t\t\t\t\t<\/span>\n\t\t\t\t\t<\/a>\n\t\t\t\t\t\t\t\t<\/div>\n\t\t\t\t<\/div>\n\t\t\t\t<\/div>\n\t\t<div class=\"elementor-element elementor-element-ab75faf e-con-full e-flex e-con e-child\" data-id=\"ab75faf\" data-element_type=\"container\" data-e-type=\"container\" data-settings=\"{&quot;background_background&quot;:&quot;classic&quot;}\">\n\t\t\t\t<div class=\"elementor-element elementor-element-8542772 elementor-widget elementor-widget-html\" data-id=\"8542772\" data-element_type=\"widget\" data-e-type=\"widget\" data-widget_type=\"html.default\">\n\t\t\t\t\t<script>\ndocument.addEventListener('DOMContentLoaded', function() {\n    \/\/ Configuraci\u00f3n de productos (ID del contenedor : URL de destino)\n    const productos = {\n        'mesa-luma': 'https:\/\/studiotablas.com\/producto\/mesa-de-centro-luma\/'\n        \/\/ Aqu\u00ed iremos a\u00f1adiendo los siguientes...\n    };\n\n    \/\/ Recorremos la lista para aplicar la l\u00f3gica\n    for (const [id, url] of Object.entries(productos)) {\n        const elemento = document.getElementById(id);\n        \n        if (elemento) {\n            \/\/ Estilo de mano al pasar el rat\u00f3n\n            elemento.style.cursor = 'pointer';\n            \n            \/\/ Evento de clic\n            elemento.onclick = function() {\n                window.location.href = url;\n            };\n            \n            \/\/ Efecto hover sutil (opcional)\n            elemento.onmouseenter = function() { this.style.opacity = '0.9'; };\n            elemento.onmouseleave = function() { this.style.opacity = '1'; };\n        }\n    }\n});\n<\/script>\t\t\t\t<\/div>\n\t\t\t\t<\/div>\n\t\t\t\t<\/div>\n\t\t<div class=\"elementor-element elementor-element-77dcbe2 e-con-full e-flex e-con e-parent\" data-id=\"77dcbe2\" data-element_type=\"container\" data-e-type=\"container\">\n\t\t<div class=\"elementor-element elementor-element-6c759f8 e-con-full e-flex e-con e-child\" data-id=\"6c759f8\" data-element_type=\"container\" data-e-type=\"container\" data-settings=\"{&quot;background_background&quot;:&quot;classic&quot;}\">\n\t\t\t\t<div class=\"elementor-element elementor-element-f5784c0 elementor-widget elementor-widget-html\" data-id=\"f5784c0\" data-element_type=\"widget\" data-e-type=\"widget\" data-widget_type=\"html.default\">\n\t\t\t\t\t<script>\ndocument.addEventListener('DOMContentLoaded', function() {\n    \/\/ Configuraci\u00f3n de productos (ID del contenedor : URL de destino)\n    const productos = {\n        'mesa-luma': 'https:\/\/studiotablas.com\/producto\/mesa-de-centro-luma\/'\n        \/\/ Aqu\u00ed iremos a\u00f1adiendo los siguientes...\n    };\n\n    \/\/ Recorremos la lista para aplicar la l\u00f3gica\n    for (const [id, url] of Object.entries(productos)) {\n        const elemento = document.getElementById(id);\n        \n        if (elemento) {\n            \/\/ Estilo de mano al pasar el rat\u00f3n\n            elemento.style.cursor = 'pointer';\n            \n            \/\/ Evento de clic\n            elemento.onclick = function() {\n                window.location.href = url;\n            };\n            \n            \/\/ Efecto hover sutil (opcional)\n            elemento.onmouseenter = function() { this.style.opacity = '0.9'; };\n            elemento.onmouseleave = function() { this.style.opacity = '1'; };\n        }\n    }\n});\n<\/script>\t\t\t\t<\/div>\n\t\t\t\t<\/div>\n\t\t<div class=\"elementor-element elementor-element-32838a9 e-con-full e-flex e-con e-child\" data-id=\"32838a9\" data-element_type=\"container\" data-e-type=\"container\">\n\t\t\t\t<div class=\"elementor-element elementor-element-b6f5e8f elementor-widget elementor-widget-heading\" data-id=\"b6f5e8f\" data-element_type=\"widget\" data-e-type=\"widget\" data-widget_type=\"heading.default\">\n\t\t\t\t\t<h2 class=\"elementor-heading-title elementor-size-default\">Mode<\/h2>\t\t\t\t<\/div>\n\t\t\t\t<div class=\"elementor-element elementor-element-76b79df elementor-widget__width-initial elementor-widget elementor-widget-text-editor\" data-id=\"76b79df\" data-element_type=\"widget\" data-e-type=\"widget\" data-widget_type=\"text-editor.default\">\n\t\t\t\t\t\t\t\t\t<p><span style=\"font-weight: 400;\">La colecci\u00f3n Mode nace del equilibrio entre forma y funcionalidad.<\/span><\/p><p><span style=\"font-weight: 400;\">Fabricada en madera maciza de roble, su sobre presenta una arista inferior biselada que suaviza el perfil y aporta una presencia ligera y amable. Cada l\u00ednea est\u00e1 pensada para convivir con el uso cotidiano, sin renunciar a la belleza del material.<\/span><\/p>\t\t\t\t\t\t\t\t<\/div>\n\t\t<div class=\"elementor-element elementor-element-460c62c e-con-full e-flex e-con e-child\" data-id=\"460c62c\" data-element_type=\"container\" data-e-type=\"container\">\n\t\t\t\t<div class=\"elementor-element elementor-element-6a2f032 elementor-widget elementor-widget-button\" data-id=\"6a2f032\" data-element_type=\"widget\" data-e-type=\"widget\" data-widget_type=\"button.default\">\n\t\t\t\t\t\t\t\t\t\t<a class=\"elementor-button elementor-button-link elementor-size-sm\" href=\"https:\/\/studiotablas.com\/producto\/mesa-redonda-extensible-mode\/\">\n\t\t\t\t\t\t<span class=\"elementor-button-content-wrapper\">\n\t\t\t\t\t\t\t\t\t<span class=\"elementor-button-text\">Ver colecci\u00f3n<\/span>\n\t\t\t\t\t<\/span>\n\t\t\t\t\t<\/a>\n\t\t\t\t\t\t\t\t<\/div>\n\t\t\t\t<\/div>\n\t\t\t\t<\/div>\n\t\t\t\t<\/div>\n\t\t<div class=\"elementor-element elementor-element-0be9d39 e-con-full elementor-hidden-desktop elementor-hidden-tablet e-flex e-con e-parent\" data-id=\"0be9d39\" data-element_type=\"container\" data-e-type=\"container\">\n\t\t<div class=\"elementor-element elementor-element-3711b2e e-con-full e-flex e-con e-child\" data-id=\"3711b2e\" data-element_type=\"container\" data-e-type=\"container\" data-settings=\"{&quot;background_background&quot;:&quot;classic&quot;}\">\n\t\t\t\t<div class=\"elementor-element elementor-element-b0997b1 elementor-widget elementor-widget-html\" data-id=\"b0997b1\" data-element_type=\"widget\" data-e-type=\"widget\" data-widget_type=\"html.default\">\n\t\t\t\t\t<script>\ndocument.addEventListener('DOMContentLoaded', function() {\n    \/\/ Configuraci\u00f3n de productos (ID del contenedor : URL de destino)\n    const productos = {\n        'mesa-luma': 'https:\/\/studiotablas.com\/producto\/mesa-de-centro-luma\/'\n        \/\/ Aqu\u00ed iremos a\u00f1adiendo los siguientes...\n    };\n\n    \/\/ Recorremos la lista para aplicar la l\u00f3gica\n    for (const [id, url] of Object.entries(productos)) {\n        const elemento = document.getElementById(id);\n        \n        if (elemento) {\n            \/\/ Estilo de mano al pasar el rat\u00f3n\n            elemento.style.cursor = 'pointer';\n            \n            \/\/ Evento de clic\n            elemento.onclick = function() {\n                window.location.href = url;\n            };\n            \n            \/\/ Efecto hover sutil (opcional)\n            elemento.onmouseenter = function() { this.style.opacity = '0.9'; };\n            elemento.onmouseleave = function() { this.style.opacity = '1'; };\n        }\n    }\n});\n<\/script>\t\t\t\t<\/div>\n\t\t\t\t<\/div>\n\t\t<div class=\"elementor-element elementor-element-458d0fa e-con-full e-flex e-con e-child\" data-id=\"458d0fa\" data-element_type=\"container\" data-e-type=\"container\">\n\t\t\t\t<div class=\"elementor-element elementor-element-a95e21e elementor-widget elementor-widget-heading\" data-id=\"a95e21e\" data-element_type=\"widget\" data-e-type=\"widget\" data-widget_type=\"heading.default\">\n\t\t\t\t\t<h2 class=\"elementor-heading-title elementor-size-default\">Norma<\/h2>\t\t\t\t<\/div>\n\t\t\t\t<div class=\"elementor-element elementor-element-1a26f63 elementor-widget__width-initial elementor-widget elementor-widget-text-editor\" data-id=\"1a26f63\" data-element_type=\"widget\" data-e-type=\"widget\" data-widget_type=\"text-editor.default\">\n\t\t\t\t\t\t\t\t\t<p><span style=\"font-weight: 400;\">L\u00edneas limpias, proporciones contenidas y una est\u00e9tica serena definen la Serie Luma.<\/span><\/p><p><span style=\"font-weight: 400;\">Piezas en roble macizo pensadas para convivir con naturalidad en espacios contempor\u00e1neos, aportando equilibrio y calidez sin imponerse.<\/span><\/p>\t\t\t\t\t\t\t\t<\/div>\n\t\t<div class=\"elementor-element elementor-element-ea9420e e-con-full e-flex e-con e-child\" data-id=\"ea9420e\" data-element_type=\"container\" data-e-type=\"container\">\n\t\t\t\t<div class=\"elementor-element elementor-element-1dc3859 elementor-widget elementor-widget-button\" data-id=\"1dc3859\" data-element_type=\"widget\" data-e-type=\"widget\" data-widget_type=\"button.default\">\n\t\t\t\t\t\t\t\t\t\t<a class=\"elementor-button elementor-button-link elementor-size-sm\" href=\"https:\/\/studiotablas.com\/coleccion-luma\/\">\n\t\t\t\t\t\t<span class=\"elementor-button-content-wrapper\">\n\t\t\t\t\t\t\t\t\t<span class=\"elementor-button-text\">Ver colecci\u00f3n<\/span>\n\t\t\t\t\t<\/span>\n\t\t\t\t\t<\/a>\n\t\t\t\t\t\t\t\t<\/div>\n\t\t\t\t<\/div>\n\t\t\t\t<\/div>\n\t\t\t\t<\/div>\n\t\t\t\t<\/div>\n\t\t","protected":false},"excerpt":{"rendered":"<p>Colecciones Studio Tablas: descubre l\u00edneas de mobiliario en madera maciza que combinan dise\u00f1o, funcionalidad y calidez. Explora nuestra oferta completa.<\/p>","protected":false},"author":1,"featured_media":109,"parent":0,"menu_order":0,"comment_status":"closed","ping_status":"closed","template":"elementor_header_footer","meta":{"_acf_changed":false,"footnotes":""},"class_list":["post-17","page","type-page","status-publish","has-post-thumbnail","hentry"],"acf":[],"jetpack_sharing_enabled":true,"_links":{"self":[{"href":"https:\/\/studiotablas.com\/en\/wp-json\/wp\/v2\/pages\/17","targetHints":{"allow":["GET"]}}],"collection":[{"href":"https:\/\/studiotablas.com\/en\/wp-json\/wp\/v2\/pages"}],"about":[{"href":"https:\/\/studiotablas.com\/en\/wp-json\/wp\/v2\/types\/page"}],"author":[{"embeddable":true,"href":"https:\/\/studiotablas.com\/en\/wp-json\/wp\/v2\/users\/1"}],"replies":[{"embeddable":true,"href":"https:\/\/studiotablas.com\/en\/wp-json\/wp\/v2\/comments?post=17"}],"version-history":[{"count":134,"href":"https:\/\/studiotablas.com\/en\/wp-json\/wp\/v2\/pages\/17\/revisions"}],"predecessor-version":[{"id":4149,"href":"https:\/\/studiotablas.com\/en\/wp-json\/wp\/v2\/pages\/17\/revisions\/4149"}],"wp:featuredmedia":[{"embeddable":true,"href":"https:\/\/studiotablas.com\/en\/wp-json\/wp\/v2\/media\/109"}],"wp:attachment":[{"href":"https:\/\/studiotablas.com\/en\/wp-json\/wp\/v2\/media?parent=17"}],"curies":[{"name":"wp","href":"https:\/\/api.w.org\/{rel}","templated":true}]}}