{"id":3212,"date":"2026-03-10T22:44:58","date_gmt":"2026-03-10T22:44:58","guid":{"rendered":"https:\/\/studiotablas.com\/?post_type=product&#038;p=3212"},"modified":"2026-04-16T11:34:47","modified_gmt":"2026-04-16T11:34:47","slug":"mesa-de-comedor-luma","status":"publish","type":"product","link":"https:\/\/studiotablas.com\/de\/producto\/mesa-de-comedor-luma\/","title":{"rendered":"Esstisch LUMA"},"content":{"rendered":"<div style=\"font-family: 'Satoshi', sans-serif; color: #555; line-height: 1.8; max-width: 900px; margin: 60px auto; border-top: 1px solid #eee; padding-top: 40px; text-align: justify;\">\n<h3 style=\"color: #000; font-size: 18px; text-transform: uppercase; letter-spacing: 2px; margin-bottom: 30px; text-align: center;\">Technische Details und Handwerkskunst<\/h3>\n<div style=\"display: grid; grid-template-columns: 1fr 1fr; gap: 40px; margin-bottom: 30px;\">\n<div class=\"translation-block\">Der <strong>Couchtisch Luma<\/strong>, der zu <strong>100 % aus massivem Eichenholz<\/strong> gefertigt ist, wurde so entworfen, dass er eine leichte \u00c4sthetik bietet, ohne dabei die f\u00fcr dieses <strong>edle Material<\/strong> typische Robustheit zu beeintr\u00e4chtigen. Jedes St\u00fcck entsteht in einem <strong>sorgf\u00e4ltigen Auswahlverfahren<\/strong> in unserer Handwerkswerkstatt, wo wir die nat\u00fcrlichen Maserungen und Astl\u00f6cher bewahren, die jeden Luma-Couchtisch zu einem <strong>einzigartigen und unverwechselbaren Objekt<\/strong> f\u00fcr Ihr Zuhause machen.<\/div>\n<div class=\"translation-block\">Da es sich um ein <strong>Ma\u00dfanfertigung<\/strong> handelt, wird jeder Tisch einzeln gefertigt, wodurch ein Ma\u00df an Detailtreue und Sorgfalt gew\u00e4hrleistet wird, das nur bei einer <strong>Fertigung auf Bestellung<\/strong> m\u00f6glich ist. Unsere Fertigung erfolgt <strong>vollst\u00e4ndig in Spanien<\/strong> unter Verwendung <strong>traditioneller Tischlertechniken<\/strong>, kombiniert mit <strong>modernsten Technologien<\/strong>.<\/div>\n<\/div>\n<p style=\"margin-bottom: 20px;\" class=\"translation-block\">Wenn Sie einen Luma-Couchtisch erwerben, kaufen Sie nicht nur ein M\u00f6belst\u00fcck, sondern ein <strong>St\u00fcck ehrlicher Handwerkskunst<\/strong>. Unser gesamtes Holz verf\u00fcgt \u00fcber eine <strong>Zertifizierung f\u00fcr nachhaltige Herkunft<\/strong>, die den Schutz der Umwelt und die nat\u00fcrlichen Kreisl\u00e4ufe der W\u00e4lder gew\u00e4hrleistet.<\/p>\n<p><!-- Ficha T\u00e9cnica y Cuidado (Bloque Gris) --><\/p>\n<div style=\"margin-top: 30px; background: #fafafa; padding: 35px; border-radius: 12px; font-size: 14px; color: #333;\">\n<p style=\"margin-bottom: 15px;\" class=\"translation-block\"><strong>Einfacher Aufbau:<\/strong> Das Produkt wird mit <strong>abmontierten Beinen<\/strong> geliefert, um einen sicheren Transport zu gew\u00e4hrleisten. Im Lieferumfang ist alles enthalten, was Sie f\u00fcr einen einfachen Aufbau in etwa <strong>20 Minuten<\/strong> mithilfe \u00e4u\u00dferst robuster Beschl\u00e4ge ben\u00f6tigen.<\/p>\n<p style=\"margin-bottom: 15px;\"><strong>Montaje sencillo:<\/strong> Se env\u00eda con las <strong>patas desmontadas<\/strong> para un transporte seguro. Incluimos todo lo necesario para un montaje f\u00e1cil en unos <strong>20 minutos<\/strong> mediante herrajes de gran robustez.<\/p>\n<p style=\"margin-bottom: 15px;\" class=\"translation-block\"><strong>Oberfl\u00e4chenschutz:<\/strong> Unsere Teile sind mit <strong>hochfestem Lack<\/strong> behandelt, der eine <strong>wasserabweisende Schicht<\/strong> bildet, die das Eindringen von Fl\u00fcssigkeiten und das Entstehen von Flecken verhindert. Dieser Lack sch\u00fctzt nicht nur, sondern <strong>unterstreicht auch die Sch\u00f6nheit der Holzmaserung<\/strong> und bringt deren nat\u00fcrliche Struktur und Tiefe zur Geltung. Das Ergebnis ist eine <strong>stabile und langlebige<\/strong> Oberfl\u00e4che, die \u00fcber lange Zeit hinweg keine Pflege\u00f6le ben\u00f6tigt.<\/p>\n<p style=\"margin-bottom: 15px;\" class=\"translation-block\"><strong>Reparaturen:<\/strong> Wir bieten <strong>spezielle Reparaturwachse<\/strong> an, um kleine Oberfl\u00e4chenkratzer zu kaschieren, ohne die urspr\u00fcngliche Oberfl\u00e4che des Teils zu beeintr\u00e4chtigen.<\/p>\n<p style=\"margin-bottom: 25px;\" class=\"translation-block\"><strong>Nachhaltigkeit:<\/strong> FSC-zertifiziertes<strong> Holz<\/strong> aus verantwortungsvoller Herkunft.<\/p>\n<div style=\"border-top: 1px solid #eee; padding-top: 20px;\" class=\"translation-block\"><strong style=\"color: #000\">Styling-Tipp:<\/strong> Schaffe eine perfekte visuelle Komposition, indem du dieses M\u00f6belst\u00fcck mit unseren <a style=\"color: #b1a04d;text-decoration: none;font-weight: 600\" href=\"https:\/\/studiotablas.com\/de\/mesa-de-centro-luma\/\" target=\"_self\">Couchtisch Luma<\/a>.<\/div>\n<\/div>\n<\/div>","protected":false},"excerpt":{"rendered":"<div style=\"font-family: 'Satoshi', sans-serif; color: #555; line-height: 1.8; max-width: 900px; margin: 40px auto; border-top: 1px solid #eee; padding-top: 30px;\">\n<div style=\"background: #fafafa; padding: 30px; border-radius: 12px; font-size: 14px;\">\n<p style=\"margin-bottom: 15px;\"><strong>Compromiso con la Calidad:<\/strong> Esta <strong>mesa de centro luma<\/strong> representa la excelencia de nuestra <strong>madera de roble maciza<\/strong>. Si deseas conocer a fondo las propiedades t\u00e9cnicas y el mantenimiento de este material, consulta nuestra <a style=\"color: #1a1a1a; text-decoration: underline;\" href=\"https:\/\/studiotablas.com\/de\/blog-madera-roble-maciza-guia-comedor\/\">gu\u00eda t\u00e9cnica del roble<\/a>.<\/p>\n<p><strong>Dise\u00f1o de Autor:<\/strong> Esta pieza forma parte de un ecosistema de mobiliario \u00fanico. Explora el resto de la serie y su filosof\u00eda en la <a style=\"color: #b1a04d; text-decoration: none; font-weight: 600;\" href=\"https:\/\/studiotablas.com\/de\/colecciones-luma-diseno-artesanal-madera\/\">Colecci\u00f3n LUMA<\/a>.<\/p>\n<\/div>\n<\/div>","protected":false},"featured_media":3233,"comment_status":"open","ping_status":"closed","template":"","meta":{"_acf_changed":false},"product_brand":[],"product_cat":[43,54],"product_tag":[],"class_list":{"0":"post-3212","1":"product","2":"type-product","3":"status-publish","4":"has-post-thumbnail","6":"product_cat-luma","7":"product_cat-mesa-de-comedor","9":"first","10":"outofstock","11":"taxable","12":"shipping-taxable","13":"purchasable","14":"product-type-variable"},"acf":[],"jetpack_sharing_enabled":true,"_links":{"self":[{"href":"https:\/\/studiotablas.com\/de\/wp-json\/wp\/v2\/product\/3212","targetHints":{"allow":["GET"]}}],"collection":[{"href":"https:\/\/studiotablas.com\/de\/wp-json\/wp\/v2\/product"}],"about":[{"href":"https:\/\/studiotablas.com\/de\/wp-json\/wp\/v2\/types\/product"}],"replies":[{"embeddable":true,"href":"https:\/\/studiotablas.com\/de\/wp-json\/wp\/v2\/comments?post=3212"}],"wp:featuredmedia":[{"embeddable":true,"href":"https:\/\/studiotablas.com\/de\/wp-json\/wp\/v2\/media\/3233"}],"wp:attachment":[{"href":"https:\/\/studiotablas.com\/de\/wp-json\/wp\/v2\/media?parent=3212"}],"wp:term":[{"taxonomy":"product_brand","embeddable":true,"href":"https:\/\/studiotablas.com\/de\/wp-json\/wp\/v2\/product_brand?post=3212"},{"taxonomy":"product_cat","embeddable":true,"href":"https:\/\/studiotablas.com\/de\/wp-json\/wp\/v2\/product_cat?post=3212"},{"taxonomy":"product_tag","embeddable":true,"href":"https:\/\/studiotablas.com\/de\/wp-json\/wp\/v2\/product_tag?post=3212"}],"curies":[{"name":"wp","href":"https:\/\/api.w.org\/{rel}","templated":true}]}}