{"id":3184,"date":"2026-03-10T22:08:21","date_gmt":"2026-03-10T22:08:21","guid":{"rendered":"https:\/\/studiotablas.com\/?post_type=product&#038;p=3184"},"modified":"2026-04-16T11:33:10","modified_gmt":"2026-04-16T11:33:10","slug":"mesa-auxiliar-luma","status":"publish","type":"product","link":"https:\/\/studiotablas.com\/de\/producto\/mesa-auxiliar-luma\/","title":{"rendered":"Beistelltisch"},"content":{"rendered":"<div style=\"font-family: 'Satoshi', sans-serif; color: #555; line-height: 1.8; max-width: 900px; margin: 60px auto; border-top: 1px solid #eee; padding-top: 40px; text-align: justify;\">\n<h3 style=\"color: #000; font-size: 18px; text-transform: uppercase; letter-spacing: 2px; margin-bottom: 30px; text-align: center;\">Technische Details und Handwerkskunst<\/h3>\n<p style=\"font-size: 18px; color: #000; font-weight: 500; text-align: center; margin-bottom: 10px;\">Ein leichtes, funktionales und skulpturales M\u00f6belst\u00fcck<\/p>\n<div style=\"display: grid; grid-template-columns: 1fr 1fr; gap: 40px; margin-bottom: 30px;\">\n<div class=\"translation-block\">Der <strong>Beistelltisch LUMA<\/strong>, der <strong>zu 100 % aus massivem Eichenholz<\/strong> gefertigt ist, wurde entworfen, um in kompakter Form optische Leichtigkeit und strukturelle Stabilit\u00e4t zu bieten. Seine vertikalen Proportionen und sein solider Sockel machen ihn zum perfekten Begleiter f\u00fcr ein Sofa, einen Sessel oder jede Ecke, die eine elegante Ablagefl\u00e4che ben\u00f6tigt.<\/div>\n<div class=\"translation-block\">Da es sich um ein <strong>Ma\u00dfanfertigung<\/strong> handelt, wird jeder Tisch einzeln gefertigt, wodurch ein Ma\u00df an Detailtreue und Sorgfalt gew\u00e4hrleistet wird, das nur bei einer <strong>Fertigung auf Bestellung<\/strong> m\u00f6glich ist. Unsere Fertigung erfolgt <strong>vollst\u00e4ndig in Spanien<\/strong> unter Verwendung <strong>traditioneller Tischlertechniken<\/strong>, kombiniert mit <strong>modernsten Technologien<\/strong>.<\/div>\n<\/div>\n<p style=\"margin-bottom: 30px;\" class=\"translation-block\">Wenn Sie einen Luma-Couchtisch erwerben, kaufen Sie nicht nur ein M\u00f6belst\u00fcck, sondern ein <strong>St\u00fcck ehrlicher Handwerkskunst<\/strong>. Unser gesamtes Holz verf\u00fcgt \u00fcber eine <strong>Zertifizierung f\u00fcr nachhaltige Herkunft<\/strong>, die den Schutz der Umwelt und die nat\u00fcrlichen Kreisl\u00e4ufe der W\u00e4lder gew\u00e4hrleistet.<\/p>\n<p><!-- Ficha T\u00e9cnica y Cuidado (Bloque Gris) --><\/p>\n<div style=\"margin-top: 30px; background: #fafafa; padding: 35px; border-radius: 12px; font-size: 14px; color: #333;\">\n<p style=\"font-size: 16px; color: #000; font-weight: 600; margin-bottom: 20px; text-align: left; text-transform: uppercase; letter-spacing: 1px;\">Pflege und Wartung<\/p>\n<p style=\"margin-bottom: 15px;\" class=\"translation-block\"><strong>Einfacher Aufbau:<\/strong> Der Tisch wird mit <strong>abmontierten Beinen<\/strong> geliefert, um einen sicheren Transport zu gew\u00e4hrleisten. Wir liefern <strong>alles Notwendige f\u00fcr den Aufbau<\/strong> mit, der <strong>sehr einfach und schnell<\/strong> vonstattengeht und weniger als <strong>10 Minuten<\/strong> dauert. Die Verbindungen werden mit <strong>Schrauben und \u00e4u\u00dferst robusten Stahlteilen<\/strong> hergestellt, was eine stabile und langlebige Konstruktion gew\u00e4hrleistet.<\/p>\n<p style=\"margin-bottom: 15px;\"><strong>Limpieza:<\/strong> Para el cuidado diario, basta con pasar un <strong>pa\u00f1o suave ligeramente humedecido<\/strong> y secar despu\u00e9s para preservar el acabado.<\/p>\n<p style=\"margin-bottom: 15px;\" class=\"translation-block\"><strong>Oberfl\u00e4chenschutz:<\/strong> Unsere Teile sind mit <strong>hochfestem Lack<\/strong> behandelt, der eine <strong>wasserabweisende Schicht<\/strong> bildet, die das Eindringen von Fl\u00fcssigkeiten und das Entstehen von Flecken verhindert. Dieser Lack sch\u00fctzt nicht nur, sondern <strong>unterstreicht auch die Sch\u00f6nheit der Holzmaserung<\/strong> und bringt deren nat\u00fcrliche Struktur und Tiefe zur Geltung. Das Ergebnis ist eine <strong>stabile und langlebige<\/strong> Oberfl\u00e4che, die \u00fcber lange Zeit hinweg keine Pflege\u00f6le ben\u00f6tigt.<\/p>\n<p style=\"margin-bottom: 15px;\" class=\"translation-block\"><strong>Punktuelle Ausbesserungen:<\/strong> Sollte das M\u00f6belst\u00fcck einmal einen kleinen Sto\u00df oder eine oberfl\u00e4chliche Besch\u00e4digung davontragen, bieten wir <strong>spezielle Reparaturwachse f\u00fcr Holz<\/strong> an, die dazu dienen, <strong>Unvollkommenheiten zu kaschieren, ohne die urspr\u00fcngliche Oberfl\u00e4che zu beeintr\u00e4chtigen<\/strong>. Sie lassen sich leicht auftragen und sorgen daf\u00fcr, dass das M\u00f6belst\u00fcck \u00fcber Jahre hinweg sein sch\u00f6nes Aussehen beh\u00e4lt.<\/p>\n<p style=\"margin-bottom: 25px;\" class=\"translation-block\"><strong>Nachhaltigkeit:<\/strong> Unser gesamtes Holz ist <strong>FSC-zertifiziert<\/strong>, was eine verantwortungsvolle Herkunft und die Achtung der nat\u00fcrlichen Waldkreisl\u00e4ufe garantiert.<\/p>\n<div style=\"border-top: 1px solid #eee; padding-top: 20px;\" class=\"translation-block\"><strong style=\"color: #000\">Styling-Tipp:<\/strong> Schaffe eine perfekte visuelle Komposition, indem du dieses M\u00f6belst\u00fcck mit unseren <a style=\"color: #b1a04d;text-decoration: none;font-weight: 600\" href=\"https:\/\/studiotablas.com\/de\/mesa-de-centro-luma\/\" target=\"_self\">Couchtisch Luma<\/a>.<\/div>\n<\/div>\n<\/div>","protected":false},"excerpt":{"rendered":"<div style=\"font-family: 'Satoshi', sans-serif; text-align: left; max-width: 100%; margin-right: auto;\">\n<h2 style=\"font-size: 22px; font-weight: 600; letter-spacing: -0.02em; margin-bottom: 15px; color: #000;\">Una silueta esbelta que ordena y acompa\u00f1a.<\/h2>\n<p style=\"font-size: 15px; font-weight: 400; color: #444; margin-bottom: 25px; line-height: 1.6;\">La <strong style=\"font-weight: 600;\">Beistelltisch<\/strong> es un manifiesto de simplicidad tallada en <strong style=\"font-weight: 600;\">madera maciza de roble<\/strong>. Una pieza de inspiraci\u00f3n mediterr\u00e1nea que celebra la honestidad del material y la precisi\u00f3n artesana de Studio Tablas.<\/p>\n<ul style=\"list-style: none; padding: 0; display: block; text-align: left;\">\n<li style=\"font-size: 11px; text-transform: uppercase; letter-spacing: 1.5px; color: #888; margin-bottom: 8px; display: flex; align-items: center; justify-content: flex-start;\"><strong>Roble macizo de origen sostenible<\/strong><\/li>\n<li style=\"font-size: 11px; text-transform: uppercase; letter-spacing: 1.5px; color: #888; display: flex; align-items: center; justify-content: flex-start;\"><strong>Fabricaci\u00f3n artesanal en Espa\u00f1a<\/strong><\/li>\n<\/ul>\n<\/div>","protected":false},"featured_media":3206,"comment_status":"open","ping_status":"closed","template":"","meta":{"_acf_changed":false},"product_brand":[],"product_cat":[43,53],"product_tag":[50,47,51,46],"class_list":{"0":"post-3184","1":"product","2":"type-product","3":"status-publish","4":"has-post-thumbnail","6":"product_cat-luma","7":"product_cat-mesa-auxiliar","8":"product_tag-artesania","9":"product_tag-coleccion-luma","10":"product_tag-luma","11":"product_tag-madera-maciza","13":"first","14":"outofstock","15":"taxable","16":"shipping-taxable","17":"purchasable","18":"product-type-variable"},"acf":[],"jetpack_sharing_enabled":true,"_links":{"self":[{"href":"https:\/\/studiotablas.com\/de\/wp-json\/wp\/v2\/product\/3184","targetHints":{"allow":["GET"]}}],"collection":[{"href":"https:\/\/studiotablas.com\/de\/wp-json\/wp\/v2\/product"}],"about":[{"href":"https:\/\/studiotablas.com\/de\/wp-json\/wp\/v2\/types\/product"}],"replies":[{"embeddable":true,"href":"https:\/\/studiotablas.com\/de\/wp-json\/wp\/v2\/comments?post=3184"}],"wp:featuredmedia":[{"embeddable":true,"href":"https:\/\/studiotablas.com\/de\/wp-json\/wp\/v2\/media\/3206"}],"wp:attachment":[{"href":"https:\/\/studiotablas.com\/de\/wp-json\/wp\/v2\/media?parent=3184"}],"wp:term":[{"taxonomy":"product_brand","embeddable":true,"href":"https:\/\/studiotablas.com\/de\/wp-json\/wp\/v2\/product_brand?post=3184"},{"taxonomy":"product_cat","embeddable":true,"href":"https:\/\/studiotablas.com\/de\/wp-json\/wp\/v2\/product_cat?post=3184"},{"taxonomy":"product_tag","embeddable":true,"href":"https:\/\/studiotablas.com\/de\/wp-json\/wp\/v2\/product_tag?post=3184"}],"curies":[{"name":"wp","href":"https:\/\/api.w.org\/{rel}","templated":true}]}}