{"id":4888,"date":"2026-04-23T17:09:28","date_gmt":"2026-04-23T17:09:28","guid":{"rendered":"https:\/\/studiotablas.com\/?page_id=4888"},"modified":"2026-04-23T17:33:42","modified_gmt":"2026-04-23T17:33:42","slug":"hochfeste-beschichtungen-und-oberflachenveredelungen","status":"publish","type":"page","link":"https:\/\/studiotablas.com\/de\/lacados-y-acabados-de-alta-resistenciaa\/","title":{"rendered":"Hochwiderstandsf\u00e4hige Lackierungen und Oberfl\u00e4chenbehandlungen | Studio Tablas"},"content":{"rendered":"<div data-elementor-type=\"wp-page\" data-elementor-id=\"4888\" class=\"elementor elementor-4888\" data-elementor-post-type=\"page\">\n\t\t\t\t<div class=\"elementor-element elementor-element-584dd158 e-con-full e-flex e-con e-parent\" data-id=\"584dd158\" data-element_type=\"container\" data-e-type=\"container\" data-settings=\"{&quot;background_background&quot;:&quot;classic&quot;}\">\n\t\t\t\t<\/div>\n\t\t<div class=\"elementor-element elementor-element-6eb1c7b e-con-full e-flex e-con e-parent\" data-id=\"6eb1c7b\" data-element_type=\"container\" data-e-type=\"container\">\n\t\t<div class=\"elementor-element elementor-element-271a2e50 e-con-full e-flex e-con e-child\" data-id=\"271a2e50\" data-element_type=\"container\" data-e-type=\"container\">\n\t\t\t\t<div class=\"elementor-element elementor-element-403d1189 elementor-widget elementor-widget-image\" data-id=\"403d1189\" data-element_type=\"widget\" data-e-type=\"widget\" data-widget_type=\"image.default\">\n\t\t\t\t\t\t\t\t\t\t\t\t\t\t\t<img fetchpriority=\"high\" decoding=\"async\" width=\"327\" height=\"369\" src=\"https:\/\/studiotablas.com\/wp-content\/uploads\/2026\/04\/Ilustracion-web-servicios-07.svg\" class=\"attachment-large size-large wp-image-4775\" alt=\"\" \/>\t\t\t\t\t\t\t\t\t\t\t\t\t\t\t<\/div>\n\t\t\t\t<div class=\"elementor-element elementor-element-9b42d6f elementor-widget elementor-widget-heading\" data-id=\"9b42d6f\" data-element_type=\"widget\" data-e-type=\"widget\" data-widget_type=\"heading.default\">\n\t\t\t\t\t<h1 class=\"elementor-heading-title elementor-size-default\">Hochbest\u00e4ndige Lackierungen und Oberfl\u00e4chenveredelungen<\/h1>\t\t\t\t<\/div>\n\t\t\t\t<\/div>\n\t\t<div class=\"elementor-element elementor-element-432d2e13 e-con-full e-flex e-con e-child\" data-id=\"432d2e13\" data-element_type=\"container\" data-e-type=\"container\">\n\t\t\t\t<div class=\"elementor-element elementor-element-2f14e1c4 elementor-widget elementor-widget-text-editor\" data-id=\"2f14e1c4\" data-element_type=\"widget\" data-e-type=\"widget\" data-widget_type=\"text-editor.default\">\n\t\t\t\t\t\t\t\t\t<p data-path-to-node=\"8,0\">Der ultimative Schutz, ohne die Essenz zu ver\u00e4ndern. Im Studio Tablas verstehen wir die Veredelung als die letzte Ingenieurschicht eines M\u00f6bels. Wir verf\u00fcgen \u00fcber pr\u00e4zise Lackieranlagen, um reine Firmenfarbenlackierungen bis hin zu extrem harten Lacken aufzutragen, die die Poren der Massivbuche versiegeln und sie f\u00fcr den anspruchsvollsten Gebrauch vorbereiten.<\/p>\t\t\t\t\t\t\t\t<\/div>\n\t\t\t\t<\/div>\n\t\t\t\t<\/div>\n\t\t<div class=\"elementor-element elementor-element-3c73f946 e-con-full e-flex e-con e-parent\" data-id=\"3c73f946\" data-element_type=\"container\" data-e-type=\"container\" data-settings=\"{&quot;background_background&quot;:&quot;classic&quot;}\">\n\t\t\t\t<div class=\"elementor-element elementor-element-3fb01eff elementor-widget elementor-widget-heading\" data-id=\"3fb01eff\" data-element_type=\"widget\" data-e-type=\"widget\" data-widget_type=\"heading.default\">\n\t\t\t\t\t<h3 class=\"elementor-heading-title elementor-size-default\">Oberfl\u00e4chentechnologie und -schutz<\/h3>\t\t\t\t<\/div>\n\t\t\t\t<\/div>\n\t\t<div class=\"elementor-element elementor-element-63129dbf e-con-full e-flex e-con e-parent\" data-id=\"63129dbf\" data-element_type=\"container\" data-e-type=\"container\" data-settings=\"{&quot;background_background&quot;:&quot;classic&quot;}\">\n\t\t<div class=\"elementor-element elementor-element-548c95e1 e-con-full e-flex e-con e-child\" data-id=\"548c95e1\" data-element_type=\"container\" data-e-type=\"container\" data-settings=\"{&quot;background_background&quot;:&quot;classic&quot;}\">\n\t\t\t\t<div class=\"elementor-element elementor-element-5420d578 elementor-view-default elementor-position-block-start elementor-mobile-position-block-start elementor-widget elementor-widget-icon-box\" data-id=\"5420d578\" data-element_type=\"widget\" data-e-type=\"widget\" data-widget_type=\"icon-box.default\">\n\t\t\t\t\t\t\t<div class=\"elementor-icon-box-wrapper\">\n\n\t\t\t\t\t\t<div class=\"elementor-icon-box-icon\">\n\t\t\t\t<span  class=\"elementor-icon\">\n\t\t\t\t<svg xmlns=\"http:\/\/www.w3.org\/2000\/svg\" id=\"Capa_1\" data-name=\"Capa 1\" viewbox=\"0 0 122.24 143.4\"><defs><style>      .cls-1 {        fill: #f3f1e9;      }    <\/style><\/defs><path class=\"cls-1\" d=\"M19.82,7.72L4.32,143.35H0V45.08C0,29.53,7.88,15.82,19.82,7.72Z\"><\/path><path class=\"cls-1\" d=\"M62.42,143.35H17.39L33.58,1.46c3.56-.92,7.24-1.46,11.07-1.46,2.43,5.45,6.48,21,7.5,34.88.22,4.81.32,7.07-.59,15.93-3.46,24.13-5.67,28.72.43,44.06,4.32,8.31,9.66,15.5,12.09,33.58.38,2.75-.43,10.26-1.73,14.96l.05-.05Z\"><\/path><polygon class=\"cls-1\" points=\"92.81 0 83.31 143.35 75.75 143.35 73.05 120.51 62.85 35.74 58.58 0 92.81 0\"><\/polygon><path class=\"cls-1\" d=\"M122.24,0v127.96c0,8.48-6.91,15.39-15.39,15.39h-10.58L105.83,0h16.41Z\"><\/path><\/svg>\t\t\t\t<\/span>\n\t\t\t<\/div>\n\t\t\t\n\t\t\t\t\t\t<div class=\"elementor-icon-box-content\">\n\n\t\t\t\t\t\t\t\t\t<h3 class=\"elementor-icon-box-title\">\n\t\t\t\t\t\t<span  >\n\t\t\t\t\t\t\tUnternehmensidentit\u00e4t und Vertrag\t\t\t\t\t\t<\/span>\n\t\t\t\t\t<\/h3>\n\t\t\t\t\n\t\t\t\t\t\t\t\t\t<p class=\"elementor-icon-box-description\">\n\t\t\t\t\t\tMa\u00dfgefertigte Lackierungen. Wir replizieren die Farbcodes (Pantone\/RAL) Ihrer Marke mit absoluter Pr\u00e4zision. Wir schaffen M\u00f6bel f\u00fcr den Handel und den Einzelhandel mit soliden, makellosen Oberfl\u00e4chen, die darauf ausgelegt sind, die Identit\u00e4t Ihres Unternehmens zu projizieren.\t\t\t\t\t<\/p>\n\t\t\t\t\n\t\t\t<\/div>\n\t\t\t\n\t\t<\/div>\n\t\t\t\t\t\t<\/div>\n\t\t\t\t<\/div>\n\t\t<div class=\"elementor-element elementor-element-3ed03444 e-con-full e-flex e-con e-child\" data-id=\"3ed03444\" data-element_type=\"container\" data-e-type=\"container\" data-settings=\"{&quot;background_background&quot;:&quot;classic&quot;}\">\n\t\t\t\t<div class=\"elementor-element elementor-element-2d15ad7b elementor-view-default elementor-position-block-start elementor-mobile-position-block-start elementor-widget elementor-widget-icon-box\" data-id=\"2d15ad7b\" data-element_type=\"widget\" data-e-type=\"widget\" data-widget_type=\"icon-box.default\">\n\t\t\t\t\t\t\t<div class=\"elementor-icon-box-wrapper\">\n\n\t\t\t\t\t\t<div class=\"elementor-icon-box-icon\">\n\t\t\t\t<span  class=\"elementor-icon\">\n\t\t\t\t<svg xmlns=\"http:\/\/www.w3.org\/2000\/svg\" id=\"Capa_1\" data-name=\"Capa 1\" viewbox=\"0 0 122.24 143.4\"><defs><style>      .cls-1 {        fill: #f3f1e9;      }    <\/style><\/defs><path class=\"cls-1\" d=\"M19.82,7.72L4.32,143.35H0V45.08C0,29.53,7.88,15.82,19.82,7.72Z\"><\/path><path class=\"cls-1\" d=\"M62.42,143.35H17.39L33.58,1.46c3.56-.92,7.24-1.46,11.07-1.46,2.43,5.45,6.48,21,7.5,34.88.22,4.81.32,7.07-.59,15.93-3.46,24.13-5.67,28.72.43,44.06,4.32,8.31,9.66,15.5,12.09,33.58.38,2.75-.43,10.26-1.73,14.96l.05-.05Z\"><\/path><polygon class=\"cls-1\" points=\"92.81 0 83.31 143.35 75.75 143.35 73.05 120.51 62.85 35.74 58.58 0 92.81 0\"><\/polygon><path class=\"cls-1\" d=\"M122.24,0v127.96c0,8.48-6.91,15.39-15.39,15.39h-10.58L105.83,0h16.41Z\"><\/path><\/svg>\t\t\t\t<\/span>\n\t\t\t<\/div>\n\t\t\t\n\t\t\t\t\t\t<div class=\"elementor-icon-box-content\">\n\n\t\t\t\t\t\t\t\t\t<h3 class=\"elementor-icon-box-title\">\n\t\t\t\t\t\t<span  >\n\t\t\t\t\t\t\tHochleistungs-Lacke\t\t\t\t\t\t<\/span>\n\t\t\t\t\t<\/h3>\n\t\t\t\t\n\t\t\t\t\t\t\t\t\t<p class=\"elementor-icon-box-description\">\n\t\t\t\t\t\tInnen und Au\u00dfen. Wir verwenden hochmoderne Lacke (wasserbasiert und l\u00f6semittelbasiert) der renommiertesten Marken der Branche. Eine feine Spritzlackierung, die eine extreme Best\u00e4ndigkeit gegen Fl\u00fcssigkeiten, Reibung und intensive Nutzung in der Gastronomie garantiert.\t\t\t\t\t<\/p>\n\t\t\t\t\n\t\t\t<\/div>\n\t\t\t\n\t\t<\/div>\n\t\t\t\t\t\t<\/div>\n\t\t\t\t<\/div>\n\t\t<div class=\"elementor-element elementor-element-f7ce3d9 e-con-full e-flex e-con e-child\" data-id=\"f7ce3d9\" data-element_type=\"container\" data-e-type=\"container\" data-settings=\"{&quot;background_background&quot;:&quot;classic&quot;}\">\n\t\t\t\t<div class=\"elementor-element elementor-element-485d343b elementor-view-default elementor-position-block-start elementor-mobile-position-block-start elementor-widget elementor-widget-icon-box\" data-id=\"485d343b\" data-element_type=\"widget\" data-e-type=\"widget\" data-widget_type=\"icon-box.default\">\n\t\t\t\t\t\t\t<div class=\"elementor-icon-box-wrapper\">\n\n\t\t\t\t\t\t<div class=\"elementor-icon-box-icon\">\n\t\t\t\t<span  class=\"elementor-icon\">\n\t\t\t\t<svg xmlns=\"http:\/\/www.w3.org\/2000\/svg\" id=\"Capa_1\" data-name=\"Capa 1\" viewbox=\"0 0 122.24 143.4\"><defs><style>      .cls-1 {        fill: #f3f1e9;      }    <\/style><\/defs><path class=\"cls-1\" d=\"M19.82,7.72L4.32,143.35H0V45.08C0,29.53,7.88,15.82,19.82,7.72Z\"><\/path><path class=\"cls-1\" d=\"M62.42,143.35H17.39L33.58,1.46c3.56-.92,7.24-1.46,11.07-1.46,2.43,5.45,6.48,21,7.5,34.88.22,4.81.32,7.07-.59,15.93-3.46,24.13-5.67,28.72.43,44.06,4.32,8.31,9.66,15.5,12.09,33.58.38,2.75-.43,10.26-1.73,14.96l.05-.05Z\"><\/path><polygon class=\"cls-1\" points=\"92.81 0 83.31 143.35 75.75 143.35 73.05 120.51 62.85 35.74 58.58 0 92.81 0\"><\/polygon><path class=\"cls-1\" d=\"M122.24,0v127.96c0,8.48-6.91,15.39-15.39,15.39h-10.58L105.83,0h16.41Z\"><\/path><\/svg>\t\t\t\t<\/span>\n\t\t\t<\/div>\n\t\t\t\n\t\t\t\t\t\t<div class=\"elementor-icon-box-content\">\n\n\t\t\t\t\t\t\t\t\t<h3 class=\"elementor-icon-box-title\">\n\t\t\t\t\t\t<span  >\n\t\t\t\t\t\t\tOrganische Oberfl\u00e4chen und Wabi-Sabi\t\t\t\t\t\t<\/span>\n\t\t\t\t\t<\/h3>\n\t\t\t\t\n\t\t\t\t\t\t\t\t\t<p class=\"elementor-icon-box-description\">\n\t\t\t\t\t\tDie Sch\u00f6nheit der nat\u00fcrlichen Maserung. F\u00fcr Projekte, die eine organische Note erfordern, arbeiten wir mit nat\u00fcrlichen und mineralischen \u00d6len und Wachsen von internationalem Ansehen, wie Rubio Monocoat, die das Holz sch\u00fctzen und ihm erm\u00f6glichen, zu atmen und auf edle Weise zu altern.\t\t\t\t\t<\/p>\n\t\t\t\t\n\t\t\t<\/div>\n\t\t\t\n\t\t<\/div>\n\t\t\t\t\t\t<\/div>\n\t\t\t\t<\/div>\n\t\t\t\t<\/div>\n\t\t<div class=\"elementor-element elementor-element-48763cd7 e-con-full e-flex e-con e-parent\" data-id=\"48763cd7\" data-element_type=\"container\" data-e-type=\"container\" data-settings=\"{&quot;background_background&quot;:&quot;classic&quot;}\">\n\t\t<div class=\"elementor-element elementor-element-3af0fdd6 e-con-full e-flex e-con e-child\" data-id=\"3af0fdd6\" data-element_type=\"container\" data-e-type=\"container\">\n\t\t<div class=\"elementor-element elementor-element-1e583f41 e-con-full e-flex e-con e-child\" data-id=\"1e583f41\" data-element_type=\"container\" data-e-type=\"container\">\n\t\t\t\t<div class=\"elementor-element elementor-element-45892e70 elementor-widget elementor-widget-heading\" data-id=\"45892e70\" data-element_type=\"widget\" data-e-type=\"widget\" data-widget_type=\"heading.default\">\n\t\t\t\t\t<h2 class=\"elementor-heading-title elementor-size-default\">Unser Prozess: Von der digitalen Ingenieurskunst zur individuellen Veredelung<\/h2>\t\t\t\t<\/div>\n\t\t\t\t<div class=\"elementor-element elementor-element-2b7d372 elementor-widget elementor-widget-text-editor\" data-id=\"2b7d372\" data-element_type=\"widget\" data-e-type=\"widget\" data-widget_type=\"text-editor.default\">\n\t\t\t\t\t\t\t\t\t<p data-path-to-node=\"16\"><b data-path-to-node=\"16\" data-index-in-node=\"0\">01. Vorbereitung und Behandlung des Poren<\/b><\/p><p data-path-to-node=\"16\"><span style=\"font-family: -apple-system, BlinkMacSystemFont, 'Segoe UI', Roboto, 'Helvetica Neue', Arial, 'Noto Sans', sans-serif, 'Apple Color Emoji', 'Segoe UI Emoji', 'Segoe UI Symbol', 'Noto Color Emoji';\">Eine hochwertige Veredelung beginnt vor dem Lackieren. Wir f\u00fchren einen umfassenden Pr\u00e4zisionsschliff durch und bereiten die Oberfl\u00e4che des Massivholzes oder die Tr\u00e4gerstruktur vor, um eine perfekte Haftung und eine homogene Textur zu gew\u00e4hrleisten.<\/span><\/p><p data-path-to-node=\"18\"><b data-path-to-node=\"18\" data-index-in-node=\"0\">02. Anwendung in der Lackierkabine<\/b><\/p><p data-path-to-node=\"18\"><span style=\"font-family: -apple-system, BlinkMacSystemFont, 'Segoe UI', Roboto, 'Helvetica Neue', Arial, 'Noto Sans', sans-serif, 'Apple Color Emoji', 'Segoe UI Emoji', 'Segoe UI Symbol', 'Noto Color Emoji';\">Wir verf\u00fcgen \u00fcber eine professionelle Kabine, die es uns erm\u00f6glicht, in einer kontrollierten Umgebung zu arbeiten. Wir tragen die Schichten mittels hochpr\u00e4ziser Spr\u00fchsysteme auf, was feine, schmutzfreie Oberfl\u00e4chen und optimierte Ausf\u00fchrungszeiten gew\u00e4hrleistet.<\/span><\/p><p data-path-to-node=\"20\"><b data-path-to-node=\"20\" data-index-in-node=\"0\">03. Behandlung und Qualit\u00e4tskontrolle<\/b><\/p><p data-path-to-node=\"20\"><span style=\"font-family: -apple-system, BlinkMacSystemFont, 'Segoe UI', Roboto, 'Helvetica Neue', Arial, 'Noto Sans', sans-serif, 'Apple Color Emoji', 'Segoe UI Emoji', 'Segoe UI Symbol', 'Noto Color Emoji';\">Wir respektieren skrupul\u00f6s die Aush\u00e4rtungszeiten jedes Materials (Lacke, \u00d6le oder Firnisse), um eine vollst\u00e4ndige chemische Vernetzung zu gew\u00e4hrleisten. Das Ergebnis ist eine wasserdichte, langlebige und anspruchsvolle Oberfl\u00e4che.<\/span><\/p>\t\t\t\t\t\t\t\t<\/div>\n\t\t<div class=\"elementor-element elementor-element-2b64b8e2 e-con-full e-flex e-con e-child\" data-id=\"2b64b8e2\" data-element_type=\"container\" data-e-type=\"container\">\n\t\t\t\t<div class=\"elementor-element elementor-element-76f6c142 elementor-align-right elementor-widget elementor-widget-button\" data-id=\"76f6c142\" data-element_type=\"widget\" data-e-type=\"widget\" data-widget_type=\"button.default\">\n\t\t\t\t\t\t\t\t\t\t<a class=\"elementor-button elementor-button-link elementor-size-sm\" href=\"https:\/\/studiotablas.com\/de\/contacto\/\">\n\t\t\t\t\t\t<span class=\"elementor-button-content-wrapper\">\n\t\t\t\t\t\t<span class=\"elementor-button-icon\">\n\t\t\t\t<svg aria-hidden=\"true\" class=\"e-font-icon-svg e-fas-arrow-right\" viewbox=\"0 0 448 512\" xmlns=\"http:\/\/www.w3.org\/2000\/svg\"><path d=\"M190.5 66.9l22.2-22.2c9.4-9.4 24.6-9.4 33.9 0L441 239c9.4 9.4 9.4 24.6 0 33.9L246.6 467.3c-9.4 9.4-24.6 9.4-33.9 0l-22.2-22.2c-9.5-9.5-9.3-25 .4-34.3L311.4 296H24c-13.3 0-24-10.7-24-24v-32c0-13.3 10.7-24 24-24h287.4L190.9 101.2c-9.8-9.3-10-24.8-.4-34.3z\"><\/path><\/svg>\t\t\t<\/span>\n\t\t\t\t\t\t\t\t\t<span class=\"elementor-button-text\">Kontaktieren<\/span>\n\t\t\t\t\t<\/span>\n\t\t\t\t\t<\/a>\n\t\t\t\t\t\t\t\t<\/div>\n\t\t\t\t<\/div>\n\t\t\t\t<\/div>\n\t\t<div class=\"elementor-element elementor-element-1451201d e-con-full e-flex e-con e-child\" data-id=\"1451201d\" data-element_type=\"container\" data-e-type=\"container\">\n\t\t<div class=\"elementor-element elementor-element-4fc16e9d e-con-full e-flex e-con e-child\" data-id=\"4fc16e9d\" data-element_type=\"container\" data-e-type=\"container\">\n\t\t\t\t<div class=\"elementor-element elementor-element-25fa9624 elementor-widget elementor-widget-video\" data-id=\"25fa9624\" data-element_type=\"widget\" data-e-type=\"widget\" data-settings=\"{&quot;video_type&quot;:&quot;hosted&quot;,&quot;mute&quot;:&quot;yes&quot;,&quot;show_image_overlay&quot;:&quot;yes&quot;,&quot;image_overlay&quot;:{&quot;url&quot;:&quot;https:\\\/\\\/studiotablas.com\\\/wp-content\\\/uploads\\\/2026\\\/04\\\/servicio-lacado.webp&quot;,&quot;id&quot;:4868,&quot;size&quot;:&quot;&quot;,&quot;alt&quot;:&quot;&quot;,&quot;source&quot;:&quot;library&quot;},&quot;controls&quot;:&quot;yes&quot;}\" data-widget_type=\"video.default\">\n\t\t\t\t\t\t\t<div class=\"e-hosted-video elementor-wrapper elementor-open-inline\">\n\t\t\t\t\t<video class=\"elementor-video\" src=\"https:\/\/studiotablas.com\/wp-content\/uploads\/2025\/09\/0924.webm\" controls=\"\" preload=\"metadata\" muted=\"muted\" controlslist=\"nodownload\"><\/video>\n\t\t\t\t\t\t<div class=\"elementor-custom-embed-image-overlay\" style=\"background-image: url(https:\/\/studiotablas.com\/wp-content\/uploads\/2026\/04\/servicio-lacado.webp);\">\n\t\t\t\t\t\t\t\t\t\t\t\t\t\t\t\t<div class=\"elementor-custom-embed-play\" role=\"button\" aria-label=\"Lire la vid\u00e9o\" tabindex=\"0\" data-no-translation-aria-label=\"\">\n\t\t\t\t\t\t\t<svg aria-hidden=\"true\" class=\"e-font-icon-svg e-eicon-play\" viewbox=\"0 0 1000 1000\" xmlns=\"http:\/\/www.w3.org\/2000\/svg\"><path d=\"M838 162C746 71 633 25 500 25 371 25 258 71 163 162 71 254 25 367 25 500 25 633 71 746 163 837 254 929 367 979 500 979 633 979 746 933 838 837 929 746 975 633 975 500 975 367 929 254 838 162M808 192C892 279 933 379 933 500 933 621 892 725 808 808 725 892 621 938 500 938 379 938 279 896 196 808 113 725 67 621 67 500 67 379 108 279 196 192 279 108 383 62 500 62 621 62 721 108 808 192M438 392V642L642 517 438 392Z\"><\/path><\/svg>\t\t\t\t\t\t<\/div>\n\t\t\t\t\t\t\t\t\t<\/div>\n\t\t\t\t\t<\/div>\n\t\t\t\t\t\t<\/div>\n\t\t\t\t<\/div>\n\t\t\t\t<\/div>\n\t\t\t\t<\/div>\n\t\t\t\t<\/div>\n\t\t<div class=\"elementor-element elementor-element-1525bf51 e-con-full e-flex e-con e-parent\" data-id=\"1525bf51\" data-element_type=\"container\" data-e-type=\"container\" data-settings=\"{&quot;background_background&quot;:&quot;classic&quot;}\">\n\t\t<div class=\"elementor-element elementor-element-8ebc8fe e-con-full e-flex e-con e-child\" data-id=\"8ebc8fe\" data-element_type=\"container\" data-e-type=\"container\">\n\t\t\t\t<div class=\"elementor-element elementor-element-1b460244 elementor-invisible elementor-widget elementor-widget-heading\" data-id=\"1b460244\" data-element_type=\"widget\" data-e-type=\"widget\" data-settings=\"{&quot;_animation&quot;:&quot;fadeInUp&quot;}\" data-widget_type=\"heading.default\">\n\t\t\t\t\t<h2 class=\"elementor-heading-title elementor-size-default\">STUDIOTISCH<\/h2>\t\t\t\t<\/div>\n\t\t\t\t<div class=\"elementor-element elementor-element-3f83c329 elementor-invisible elementor-widget elementor-widget-heading\" data-id=\"3f83c329\" data-element_type=\"widget\" data-e-type=\"widget\" data-settings=\"{&quot;_animation&quot;:&quot;fadeInUp&quot;}\" data-widget_type=\"heading.default\">\n\t\t\t\t\t<h2 class=\"elementor-heading-title elementor-size-default\">H\u00e4ufig gestellte Fragen<\/h2>\t\t\t\t<\/div>\n\t\t\t\t<\/div>\n\t\t\t\t<div class=\"elementor-element elementor-element-56c86006 elementor-widget__width-inherit elementor-widget elementor-widget-toggle\" data-id=\"56c86006\" data-element_type=\"widget\" data-e-type=\"widget\" data-widget_type=\"toggle.default\">\n\t\t\t\t\t\t\t<div class=\"elementor-toggle\">\n\t\t\t\t\t\t\t<div class=\"elementor-toggle-item\">\n\t\t\t\t\t<h3 id=\"elementor-tab-title-1451\" class=\"elementor-tab-title\" data-tab=\"1\" role=\"button\" aria-controls=\"elementor-tab-content-1451\" aria-expanded=\"false\">\n\t\t\t\t\t\t\t\t\t\t\t\t<span class=\"elementor-toggle-icon elementor-toggle-icon-right\" aria-hidden=\"true\">\n\t\t\t\t\t\t\t\t\t\t\t\t\t\t\t<span class=\"elementor-toggle-icon-closed\"><i class=\"icon_plus_alt\"><\/i><\/span>\n\t\t\t\t\t\t\t\t<span class=\"elementor-toggle-icon-opened\"><svg class=\"elementor-toggle-icon-opened e-font-icon-svg e-fas-minus\" viewbox=\"0 0 448 512\" xmlns=\"http:\/\/www.w3.org\/2000\/svg\"><path d=\"M416 208H32c-17.67 0-32 14.33-32 32v32c0 17.67 14.33 32 32 32h384c17.67 0 32-14.33 32-32v-32c0-17.67-14.33-32-32-32z\"><\/path><\/svg><\/span>\n\t\t\t\t\t\t\t\t\t\t\t\t\t<\/span>\n\t\t\t\t\t\t\t\t\t\t\t\t<a class=\"elementor-toggle-title\" tabindex=\"0\">Machen Sie Restaurierung oder Lackierung von alten M\u00f6beln?<\/a>\n\t\t\t\t\t<\/h3>\n\n\t\t\t\t\t<div id=\"elementor-tab-content-1451\" class=\"elementor-tab-content elementor-clearfix\" data-tab=\"1\" role=\"region\" aria-labelledby=\"elementor-tab-title-1451\"><p class=\"ng-star-inserted\">Bei Studio Tablas sind wir Sch\u00f6pfer, keine Restauratoren. Unser Lackier- und Oberfl\u00e4chenservice ist exklusiv f\u00fcr neu gefertigte St\u00fccke, die wir in unserer Werkstatt entwickeln, oder f\u00fcr Projekte <i data-path-to-node=\"25,0\" data-index-in-node=\"195\">Vertrag<\/i> und Inneneinrichtung von neuer Implementierung. Wir streichen keine alten oder fremden M\u00f6bel an und greifen sie auch nicht an.<\/p><\/div>\n\t\t\t\t<\/div>\n\t\t\t\t\t\t\t<div class=\"elementor-toggle-item\">\n\t\t\t\t\t<h3 id=\"elementor-tab-title-1452\" class=\"elementor-tab-title\" data-tab=\"2\" role=\"button\" aria-controls=\"elementor-tab-content-1452\" aria-expanded=\"false\">\n\t\t\t\t\t\t\t\t\t\t\t\t<span class=\"elementor-toggle-icon elementor-toggle-icon-right\" aria-hidden=\"true\">\n\t\t\t\t\t\t\t\t\t\t\t\t\t\t\t<span class=\"elementor-toggle-icon-closed\"><i class=\"icon_plus_alt\"><\/i><\/span>\n\t\t\t\t\t\t\t\t<span class=\"elementor-toggle-icon-opened\"><svg class=\"elementor-toggle-icon-opened e-font-icon-svg e-fas-minus\" viewbox=\"0 0 448 512\" xmlns=\"http:\/\/www.w3.org\/2000\/svg\"><path d=\"M416 208H32c-17.67 0-32 14.33-32 32v32c0 17.67 14.33 32 32 32h384c17.67 0 32-14.33 32-32v-32c0-17.67-14.33-32-32-32z\"><\/path><\/svg><\/span>\n\t\t\t\t\t\t\t\t\t\t\t\t\t<\/span>\n\t\t\t\t\t\t\t\t\t\t\t\t<a class=\"elementor-toggle-title\" tabindex=\"0\">Wie kann ich ein Angebot f\u00fcr Unternehmens- oder Hochleistungs-Oberfl\u00e4chen anfordern?<\/a>\n\t\t\t\t\t<\/h3>\n\n\t\t\t\t\t<div id=\"elementor-tab-content-1452\" class=\"elementor-tab-content elementor-clearfix\" data-tab=\"2\" role=\"region\" aria-labelledby=\"elementor-tab-title-1452\"><p class=\"ng-star-inserted\">Senden Sie uns die Details Ihres Projekts \u00fcber unser Kontaktformular. Um den Prozess zu beschleunigen, geben Sie uns bitte die Art der M\u00f6bel, das Bestellvolumen, die Verwendungsumgebung (innen\/au\u00dfen) und, falls vorhanden, den Firmenfarbcode oder den gew\u00fcnschten Holzeffekt an.<\/p><\/div>\n\t\t\t\t<\/div>\n\t\t\t\t\t\t\t\t<\/div>\n\t\t\t\t\t\t<\/div>\n\t\t\t\t<\/div>\n\t\t\t\t<\/div>","protected":false},"excerpt":{"rendered":"<p>Lacados y Acabados de Alta Resistencia La protecci\u00f3n definitiva sin alterar la esencia. En Studio Tablas entendemos el acabado como la \u00faltima capa de ingenier\u00eda de un mueble. Contamos con instalaciones de barnizado de precisi\u00f3n para aplicar desde lacados en colores corporativos puros hasta barnices de extrema dureza que sellan el poro del roble macizo, [&hellip;]<\/p>\n","protected":false},"author":1,"featured_media":4868,"parent":0,"menu_order":0,"comment_status":"closed","ping_status":"closed","template":"elementor_header_footer","meta":{"_acf_changed":false,"footnotes":""},"class_list":["post-4888","page","type-page","status-publish","has-post-thumbnail","hentry"],"acf":[],"jetpack_sharing_enabled":true,"_links":{"self":[{"href":"https:\/\/studiotablas.com\/de\/wp-json\/wp\/v2\/pages\/4888","targetHints":{"allow":["GET"]}}],"collection":[{"href":"https:\/\/studiotablas.com\/de\/wp-json\/wp\/v2\/pages"}],"about":[{"href":"https:\/\/studiotablas.com\/de\/wp-json\/wp\/v2\/types\/page"}],"author":[{"embeddable":true,"href":"https:\/\/studiotablas.com\/de\/wp-json\/wp\/v2\/users\/1"}],"replies":[{"embeddable":true,"href":"https:\/\/studiotablas.com\/de\/wp-json\/wp\/v2\/comments?post=4888"}],"version-history":[{"count":15,"href":"https:\/\/studiotablas.com\/de\/wp-json\/wp\/v2\/pages\/4888\/revisions"}],"predecessor-version":[{"id":4922,"href":"https:\/\/studiotablas.com\/de\/wp-json\/wp\/v2\/pages\/4888\/revisions\/4922"}],"wp:featuredmedia":[{"embeddable":true,"href":"https:\/\/studiotablas.com\/de\/wp-json\/wp\/v2\/media\/4868"}],"wp:attachment":[{"href":"https:\/\/studiotablas.com\/de\/wp-json\/wp\/v2\/media?parent=4888"}],"curies":[{"name":"wp","href":"https:\/\/api.w.org\/{rel}","templated":true}]}}